{"id":155724,"date":"2025-09-01T10:06:52","date_gmt":"2025-09-01T08:06:52","guid":{"rendered":"https:\/\/secureus.se\/monteringsstolpe-732t\/"},"modified":"2025-09-25T09:27:27","modified_gmt":"2025-09-25T07:27:27","slug":"monteringsstolpe-732t","status":"publish","type":"product","link":"https:\/\/secureus.se\/nl\/monteringsstolpe-732t\/","title":{"rendered":"Montagepaal 732T"},"content":{"rendered":"<div>\n<div>\n<div><\/div>\n<div>Montagepaal in staal, voor standaard elektrische eindplaat uit de Solid serie. Wordt gebruikt om de bevestiging en eigenschappen aan te passen aan de huidige toepassing en deuromgeving.<br \/>\n<b><br \/>\nEigenschappen:\u00a0<\/b><\/div>\n<div>\n<ul>\n<li>Voor houten, stalen of aluminium kozijnen.<\/li>\n<li>Vergrendeld enkelvoudig valslot.<\/li>\n<li>Tongmaat: 15 mm<\/li>\n<li>Ronde hoeken.<\/li>\n<\/ul>\n<\/div>\n<div><b><br \/>\nGeschikt voor: <\/b><\/div>\n<div>ASSA ABLOY elektrische eindplaten in de standaardserie: 70, 570, 71, 571, 75, 575, 585<\/div>\n<\/div>\n<\/div>\n<div><\/div>","protected":false},"excerpt":{"rendered":"<p>Monteringsstolpe i st\u00e5l, f\u00f6r standard elslutbleck i Solid-serien. Anv\u00e4nds f\u00f6r att anpassa inf\u00e4stning och egenskaper till den aktuella applikationen och d\u00f6rrmilj\u00f6n. Egenskaper:\u00a0 F\u00f6r tr\u00e4-, st\u00e5l- eller aluminiumkarmar. F\u00f6rreglade enkelfall\u00e5s. Pl\u00f6sm\u00e5tt:<\/p>","protected":false},"featured_media":155723,"template":"","meta":{"_acf_changed":false},"product_brand":[],"product_cat":[4735],"product_tag":[],"class_list":{"0":"post-155724","1":"product","2":"type-product","3":"status-publish","4":"has-post-thumbnail","6":"product_cat-monteringsstolpe","7":"product_shipping_class-postnord-varubrev","8":"pa_brands-abloy","9":"tm-no-options","11":"first","12":"outofstock","13":"sale","14":"taxable","15":"shipping-taxable","16":"purchasable","17":"product-type-simple"},"acf":[],"_links":{"self":[{"href":"https:\/\/secureus.se\/nl\/wp-json\/wp\/v2\/product\/155724","targetHints":{"allow":["GET"]}}],"collection":[{"href":"https:\/\/secureus.se\/nl\/wp-json\/wp\/v2\/product"}],"about":[{"href":"https:\/\/secureus.se\/nl\/wp-json\/wp\/v2\/types\/product"}],"wp:featuredmedia":[{"embeddable":true,"href":"https:\/\/secureus.se\/nl\/wp-json\/wp\/v2\/media\/155723"}],"wp:attachment":[{"href":"https:\/\/secureus.se\/nl\/wp-json\/wp\/v2\/media?parent=155724"}],"wp:term":[{"taxonomy":"product_brand","embeddable":true,"href":"https:\/\/secureus.se\/nl\/wp-json\/wp\/v2\/product_brand?post=155724"},{"taxonomy":"product_cat","embeddable":true,"href":"https:\/\/secureus.se\/nl\/wp-json\/wp\/v2\/product_cat?post=155724"},{"taxonomy":"product_tag","embeddable":true,"href":"https:\/\/secureus.se\/nl\/wp-json\/wp\/v2\/product_tag?post=155724"}],"curies":[{"name":"wp","href":"https:\/\/api.w.org\/{rel}","templated":true}]}}