{"id":155735,"date":"2025-09-01T12:48:46","date_gmt":"2025-09-01T10:48:46","guid":{"rendered":"https:\/\/secureus.se\/?post_type=product&#038;p=155735"},"modified":"2026-04-23T11:23:43","modified_gmt":"2026-04-23T09:23:43","slug":"monteringsstolpe-747","status":"publish","type":"product","link":"https:\/\/secureus.se\/nl\/monteringsstolpe-747\/","title":{"rendered":"Montagepaal 747"},"content":{"rendered":"<div>\n<div>\n<div>\n<div>\n<div>\n<div><\/div>\n<div>Montagepaal in RVS voor standaard Solide elektrische eindplaat, speciaal ontworpen voor Wicona profielsysteem Wicstyle 65\/65N.<\/div>\n<div><b><br \/>\nEigenschappen:<\/b><\/div>\n<div>\n<ul>\n<li>Geschikt voor Wicona&#039;s Wicstyle 65\/65N.<\/li>\n<li>Bestemd voor aluminium frame in naar binnen draaiende deur in combinatie met standaard eindplaat. .<\/li>\n<li>Bij profielen die gefreesd zijn met Assa\/Wicona standaard uitsparingen kan het veranderen van het type elektrische eindplaat gedaan worden zonder de uitsparingen te veranderen.<\/li>\n<li>Assa eindplaten 546 en 547 zijn mechanische eindplaten die passen in de standaard uitsparing.<\/li>\n<\/ul>\n<\/div>\n<div><b><br \/>\nGeschikt voor:<\/b><\/div>\n<div>ASSA ABLOY elektrische eindplaten in de standaardserie: 70, 570, 71, 571, 75, 575, 585<\/div>\n<\/div>\n<\/div>\n<\/div>\n<\/div>\n<\/div>\n<div><\/div>","protected":false},"excerpt":{"rendered":"<p>Monteringsstolpe i rostfritt st\u00e5l f\u00f6r standard Solid elslutbleck, speciellt framtagna f\u00f6r Wicona profilsystem Wicstyle 65\/65N. Egenskaper: Passar Wiconas Wicstyle 65\/65N. Avsedd f\u00f6r aluminiumkarm i in\u00e5tg\u00e5ende d\u00f6rr i kombination med standard<\/p>","protected":false},"featured_media":159468,"template":"","meta":{"_acf_changed":false},"product_brand":[],"product_cat":[4735],"product_tag":[],"class_list":{"0":"post-155735","1":"product","2":"type-product","3":"status-publish","4":"has-post-thumbnail","6":"product_cat-monteringsstolpe","7":"product_shipping_class-postnord-varubrev","8":"pa_brands-abloy","9":"tm-no-options","11":"first","12":"instock","13":"sale","14":"taxable","15":"shipping-taxable","16":"purchasable","17":"product-type-simple"},"acf":[],"_links":{"self":[{"href":"https:\/\/secureus.se\/nl\/wp-json\/wp\/v2\/product\/155735","targetHints":{"allow":["GET"]}}],"collection":[{"href":"https:\/\/secureus.se\/nl\/wp-json\/wp\/v2\/product"}],"about":[{"href":"https:\/\/secureus.se\/nl\/wp-json\/wp\/v2\/types\/product"}],"wp:featuredmedia":[{"embeddable":true,"href":"https:\/\/secureus.se\/nl\/wp-json\/wp\/v2\/media\/159468"}],"wp:attachment":[{"href":"https:\/\/secureus.se\/nl\/wp-json\/wp\/v2\/media?parent=155735"}],"wp:term":[{"taxonomy":"product_brand","embeddable":true,"href":"https:\/\/secureus.se\/nl\/wp-json\/wp\/v2\/product_brand?post=155735"},{"taxonomy":"product_cat","embeddable":true,"href":"https:\/\/secureus.se\/nl\/wp-json\/wp\/v2\/product_cat?post=155735"},{"taxonomy":"product_tag","embeddable":true,"href":"https:\/\/secureus.se\/nl\/wp-json\/wp\/v2\/product_tag?post=155735"}],"curies":[{"name":"wp","href":"https:\/\/api.w.org\/{rel}","templated":true}]}}