{"id":155739,"date":"2025-09-01T12:48:46","date_gmt":"2025-09-01T10:48:46","guid":{"rendered":"https:\/\/secureus.se\/?post_type=product&#038;p=155739"},"modified":"2026-03-25T15:29:36","modified_gmt":"2026-03-25T14:29:36","slug":"monteringsstolpe-745","status":"publish","type":"product","link":"https:\/\/secureus.se\/nl\/monteringsstolpe-745\/","title":{"rendered":"Montagepaal 745"},"content":{"rendered":"<div>\n<div>\n<div>\n<div>\n<div>\n<div><\/div>\n<div>Montagepaal in RVS voor standaard Massieve elektrische eindplaat, speciaal ontworpen voor Sch\u00fcco profielsysteem Royal S65 (met schuiftong) en Royal S50N.<\/div>\n<div><\/div>\n<div><b>\u00a0<\/b><\/div>\n<div><b>Eigenschappen:\u00a0<\/b><\/div>\n<div>\n<ul>\n<li>Past op Sch\u00fcco&#039;s Royal S65 en Royal S50N.<\/li>\n<li>Bij profielen gefreesd met standaard Assa\/Sch\u00fcco-uitsparingen kan het type elektrische eindplaat worden gewijzigd zonder de uitsparingen te wijzigen.<\/li>\n<li>Bij montage in profielsysteem S65 moet gebruik worden gemaakt van een schuiftong.<\/li>\n<\/ul>\n<\/div>\n<div><\/div>\n<div><b>\u00a0<\/b><\/div>\n<div><b>Geschikt voor:\u00a0\u00a0<\/b><\/div>\n<div>ASSA ABLOY elektrische eindplaten in de standaardserie: 70, 570, 71, 571, 75, 575, 585<\/div>\n<\/div>\n<div><\/div>\n<\/div>\n<\/div>\n<\/div>\n<\/div>\n<div><\/div>","protected":false},"excerpt":{"rendered":"<p>Monteringsstolpe i rostfritt st\u00e5l f\u00f6r standard Solid elslutbleck, speciellt framtagna f\u00f6r Sch\u00fcco profilsystem Royal S65 (med glidpl\u00f6s) och Royal S50N. \u00a0 Egenskaper:\u00a0 Passar Sch\u00fccos Royal S65 och Royal S50N. I<\/p>","protected":false},"featured_media":159467,"template":"","meta":{"_acf_changed":false},"product_brand":[],"product_cat":[4735],"product_tag":[],"class_list":{"0":"post-155739","1":"product","2":"type-product","3":"status-publish","4":"has-post-thumbnail","6":"product_cat-monteringsstolpe","7":"product_shipping_class-postnord-varubrev","8":"pa_brands-abloy","9":"tm-no-options","11":"first","12":"instock","13":"sale","14":"taxable","15":"shipping-taxable","16":"purchasable","17":"product-type-simple"},"acf":[],"_links":{"self":[{"href":"https:\/\/secureus.se\/nl\/wp-json\/wp\/v2\/product\/155739","targetHints":{"allow":["GET"]}}],"collection":[{"href":"https:\/\/secureus.se\/nl\/wp-json\/wp\/v2\/product"}],"about":[{"href":"https:\/\/secureus.se\/nl\/wp-json\/wp\/v2\/types\/product"}],"wp:featuredmedia":[{"embeddable":true,"href":"https:\/\/secureus.se\/nl\/wp-json\/wp\/v2\/media\/159467"}],"wp:attachment":[{"href":"https:\/\/secureus.se\/nl\/wp-json\/wp\/v2\/media?parent=155739"}],"wp:term":[{"taxonomy":"product_brand","embeddable":true,"href":"https:\/\/secureus.se\/nl\/wp-json\/wp\/v2\/product_brand?post=155739"},{"taxonomy":"product_cat","embeddable":true,"href":"https:\/\/secureus.se\/nl\/wp-json\/wp\/v2\/product_cat?post=155739"},{"taxonomy":"product_tag","embeddable":true,"href":"https:\/\/secureus.se\/nl\/wp-json\/wp\/v2\/product_tag?post=155739"}],"curies":[{"name":"wp","href":"https:\/\/api.w.org\/{rel}","templated":true}]}}