{"id":155752,"date":"2025-09-01T12:48:47","date_gmt":"2025-09-01T10:48:47","guid":{"rendered":"https:\/\/secureus.se\/monteringsstolpe-740\/"},"modified":"2026-03-25T15:29:23","modified_gmt":"2026-03-25T14:29:23","slug":"monteringsstolpe-740","status":"publish","type":"product","link":"https:\/\/secureus.se\/nl\/monteringsstolpe-740\/","title":{"rendered":"Montagepaal 740"},"content":{"rendered":"<div>\n<div><\/div>\n<div>Montagepaal in RVS voor standaard elektrische eindplaten, speciaal ontworpen voor het SapaFront profielsysteem. Wordt gebruikt om de bevestiging van elektrische eindplaten aan te passen aan de standaarduitsparingen van Sapa.<b> <\/b><\/div>\n<\/div>\n<div><b>\u00a0<\/b><\/div>\n<div><b><\/b><b>Eigenschappen:\u00a0\u00a0<\/b><\/div>\n<div>\n<ul>\n<li>Wanneer smalprofielsloten samen met SapaFront-palen worden gebruikt, moeten de sloten worden voorzien van een 22 mm-paal.<\/li>\n<li>Past vanaf SapaFront bouwsysteem 2050 en 2071.<\/li>\n<li>Bestemd voor aluminium frame<b>. <\/b><\/li>\n<\/ul>\n<\/div>\n<div><b>\u00a0<\/b><\/div>\n<div><b>Geschikt voor: <\/b><\/div>\n<div>ASSA ABLOY elektrische eindplaten in de standaardserie: 70, 570, 71, 571, 75, 575, 585<\/div>\n<div><\/div>","protected":false},"excerpt":{"rendered":"<p>Monteringsstolpe i rostfritt st\u00e5l f\u00f6r standard elslutbleck, speciellt framtagna f\u00f6r SapaFront profilsystem. Anv\u00e4nds f\u00f6r att anpassa inf\u00e4stning av elslutbleck till Sapa standardurtag. \u00a0 Egenskaper:\u00a0\u00a0 D\u00e5 smalprofill\u00e5s anv\u00e4nds tillsammans med SapaFront<\/p>","protected":false},"featured_media":155751,"template":"","meta":{"_acf_changed":false},"product_brand":[],"product_cat":[4735],"product_tag":[],"class_list":{"0":"post-155752","1":"product","2":"type-product","3":"status-publish","4":"has-post-thumbnail","6":"product_cat-monteringsstolpe","7":"product_shipping_class-postnord-varubrev","8":"pa_brands-abloy","9":"tm-no-options","11":"first","12":"instock","13":"sale","14":"taxable","15":"shipping-taxable","16":"purchasable","17":"product-type-simple"},"acf":[],"_links":{"self":[{"href":"https:\/\/secureus.se\/nl\/wp-json\/wp\/v2\/product\/155752","targetHints":{"allow":["GET"]}}],"collection":[{"href":"https:\/\/secureus.se\/nl\/wp-json\/wp\/v2\/product"}],"about":[{"href":"https:\/\/secureus.se\/nl\/wp-json\/wp\/v2\/types\/product"}],"wp:featuredmedia":[{"embeddable":true,"href":"https:\/\/secureus.se\/nl\/wp-json\/wp\/v2\/media\/155751"}],"wp:attachment":[{"href":"https:\/\/secureus.se\/nl\/wp-json\/wp\/v2\/media?parent=155752"}],"wp:term":[{"taxonomy":"product_brand","embeddable":true,"href":"https:\/\/secureus.se\/nl\/wp-json\/wp\/v2\/product_brand?post=155752"},{"taxonomy":"product_cat","embeddable":true,"href":"https:\/\/secureus.se\/nl\/wp-json\/wp\/v2\/product_cat?post=155752"},{"taxonomy":"product_tag","embeddable":true,"href":"https:\/\/secureus.se\/nl\/wp-json\/wp\/v2\/product_tag?post=155752"}],"curies":[{"name":"wp","href":"https:\/\/api.w.org\/{rel}","templated":true}]}}