{"id":155766,"date":"2025-09-01T12:48:48","date_gmt":"2025-09-01T10:48:48","guid":{"rendered":"https:\/\/secureus.se\/monteringsstolpe-731-26\/"},"modified":"2026-03-25T15:29:15","modified_gmt":"2026-03-25T14:29:15","slug":"monteringsstolpe-731-26","status":"publish","type":"product","link":"https:\/\/secureus.se\/nl\/monteringsstolpe-731-26\/","title":{"rendered":"Montagepaal 731-26"},"content":{"rendered":"<div>\n<div><\/div>\n<\/div>\n<div>Montagepaal in staal, voor standaard elektrische eindplaat uit de Solid serie. Wordt gebruikt om de bevestiging en eigenschappen aan te passen aan de huidige toepassing en deuromgeving.\u00a0<br \/><b><br \/>Eigenschappen:\u00a0\u00a0<\/b><\/div>\n<div>\n<ul>\n<li>Voor houten, stalen of aluminium kozijnen. <\/li>\n<li>Vergrendelde dubbele valsloten. <\/li>\n<li>Tongmaat: 26 mm.<\/li>\n<\/ul>\n<\/div>\n<div><b><br \/>Geschikt voor:<\/b><\/div>\n<div>ASSA ABLOY elektrische eindplaten in de standaardserie: 70, 570, 71, 571, 75, 575, 585<\/div>\n<div>\n<\/p>\n<\/div>","protected":false},"excerpt":{"rendered":"<p>Monteringsstolpe i st\u00e5l, f\u00f6r standard elslutbleck i Solid-serien. Anv\u00e4nds f\u00f6r att anpassa inf\u00e4stning och egenskaper till den aktuella applikationen och d\u00f6rrmilj\u00f6n.\u00a0Egenskaper:\u00a0\u00a0 F\u00f6r tr\u00e4-, st\u00e5l- eller aluminiumkarmar. F\u00f6rreglade dubbelfall\u00e5s. Pl\u00f6sm\u00e5tt: 26<\/p>","protected":false},"featured_media":155765,"template":"","meta":{"_acf_changed":false},"product_brand":[],"product_cat":[4735],"product_tag":[],"class_list":{"0":"post-155766","1":"product","2":"type-product","3":"status-publish","4":"has-post-thumbnail","6":"product_cat-monteringsstolpe","7":"product_shipping_class-postnord-varubrev","8":"pa_brands-abloy","9":"tm-no-options","11":"first","12":"outofstock","13":"sale","14":"taxable","15":"shipping-taxable","16":"purchasable","17":"product-type-simple"},"acf":[],"_links":{"self":[{"href":"https:\/\/secureus.se\/nl\/wp-json\/wp\/v2\/product\/155766","targetHints":{"allow":["GET"]}}],"collection":[{"href":"https:\/\/secureus.se\/nl\/wp-json\/wp\/v2\/product"}],"about":[{"href":"https:\/\/secureus.se\/nl\/wp-json\/wp\/v2\/types\/product"}],"wp:featuredmedia":[{"embeddable":true,"href":"https:\/\/secureus.se\/nl\/wp-json\/wp\/v2\/media\/155765"}],"wp:attachment":[{"href":"https:\/\/secureus.se\/nl\/wp-json\/wp\/v2\/media?parent=155766"}],"wp:term":[{"taxonomy":"product_brand","embeddable":true,"href":"https:\/\/secureus.se\/nl\/wp-json\/wp\/v2\/product_brand?post=155766"},{"taxonomy":"product_cat","embeddable":true,"href":"https:\/\/secureus.se\/nl\/wp-json\/wp\/v2\/product_cat?post=155766"},{"taxonomy":"product_tag","embeddable":true,"href":"https:\/\/secureus.se\/nl\/wp-json\/wp\/v2\/product_tag?post=155766"}],"curies":[{"name":"wp","href":"https:\/\/api.w.org\/{rel}","templated":true}]}}