{"id":155853,"date":"2025-09-03T09:08:44","date_gmt":"2025-09-03T07:08:44","guid":{"rendered":"https:\/\/secureus.se\/monteringsstolpe-543\/"},"modified":"2026-03-25T15:28:55","modified_gmt":"2026-03-25T14:28:55","slug":"monteringsstolpe-543","status":"publish","type":"product","link":"https:\/\/secureus.se\/nl\/monteringsstolpe-543\/","title":{"rendered":"Montagepaal 543"},"content":{"rendered":"<div>\n<div>\n<div>\n<div>Montagepaal in RVS voor eenvoudige elektrische eindplaten, speciaal ontworpen voor het SapaFront profielsysteem. Wordt gebruikt om de bevestiging van elektrische eindplaten aan te passen aan de standaarduitsparingen van Sapa.<\/div>\n<div><\/div>\n<div>\n<p><b>Eigenschappen:\u00a0<\/b><\/p>\n<ul>\n<li>Wanneer smalprofielsloten samen met SapaFront-palen worden gebruikt, moeten de sloten worden voorzien van een 22 mm-paal.<\/li>\n<li>Past op SapaFront bouwsysteem 2074.<\/li>\n<\/ul>\n<\/div>\n<\/div>\n<div><\/div>\n<div><b>Geschikt voor:\u00a0<\/b><br \/>\nASSA ABLOY elektrische eindplaat eenvoudige serie: 14, 114, 514, 5114<\/div>\n<\/div>\n<\/div>\n<div><\/div>","protected":false},"excerpt":{"rendered":"<p>Monteringsstolpe i rostfritt st\u00e5l f\u00f6r enkla elslutbleck, speciellt framtagna f\u00f6r SapaFront profilsystem. Anv\u00e4nds f\u00f6r att anpassa inf\u00e4stning av elslutbleck till Sapa standardurtag. Egenskaper:\u00a0 D\u00e5 smalprofill\u00e5s anv\u00e4nds tillsammans med SapaFront stolpar,<\/p>","protected":false},"featured_media":155852,"template":"","meta":{"_acf_changed":false},"product_brand":[],"product_cat":[4735],"product_tag":[],"class_list":{"0":"post-155853","1":"product","2":"type-product","3":"status-publish","4":"has-post-thumbnail","6":"product_cat-monteringsstolpe","7":"product_shipping_class-postnord-varubrev","8":"pa_brands-abloy","9":"tm-no-options","11":"first","12":"outofstock","13":"sale","14":"taxable","15":"shipping-taxable","16":"purchasable","17":"product-type-simple"},"acf":[],"_links":{"self":[{"href":"https:\/\/secureus.se\/nl\/wp-json\/wp\/v2\/product\/155853","targetHints":{"allow":["GET"]}}],"collection":[{"href":"https:\/\/secureus.se\/nl\/wp-json\/wp\/v2\/product"}],"about":[{"href":"https:\/\/secureus.se\/nl\/wp-json\/wp\/v2\/types\/product"}],"wp:featuredmedia":[{"embeddable":true,"href":"https:\/\/secureus.se\/nl\/wp-json\/wp\/v2\/media\/155852"}],"wp:attachment":[{"href":"https:\/\/secureus.se\/nl\/wp-json\/wp\/v2\/media?parent=155853"}],"wp:term":[{"taxonomy":"product_brand","embeddable":true,"href":"https:\/\/secureus.se\/nl\/wp-json\/wp\/v2\/product_brand?post=155853"},{"taxonomy":"product_cat","embeddable":true,"href":"https:\/\/secureus.se\/nl\/wp-json\/wp\/v2\/product_cat?post=155853"},{"taxonomy":"product_tag","embeddable":true,"href":"https:\/\/secureus.se\/nl\/wp-json\/wp\/v2\/product_tag?post=155853"}],"curies":[{"name":"wp","href":"https:\/\/api.w.org\/{rel}","templated":true}]}}