{"id":155871,"date":"2025-09-03T09:08:45","date_gmt":"2025-09-03T07:08:45","guid":{"rendered":"https:\/\/secureus.se\/monteringsstolpe-512-300\/"},"modified":"2026-04-08T15:07:13","modified_gmt":"2026-04-08T13:07:13","slug":"monteringsstolpe-512-300","status":"publish","type":"product","link":"https:\/\/secureus.se\/nl\/monteringsstolpe-512-300\/","title":{"rendered":"Montagepaal 512\/300"},"content":{"rendered":"<div>\n<div>\n<div>Montagepaal in staal, voor eenvoudige elektrische eindplaten uit de Solid-serie. Wordt gebruikt om de bevestiging en eigenschappen aan te passen aan de huidige toepassing en deuromgeving.<\/div>\n<div><\/div>\n<div>\n<p><b>Eigenschappen:\u00a0<\/b><\/p>\n<ul>\n<li>Voor houten kozijnen met dunne, valse houten deuren.<\/li>\n<li>Vergrendelde dubbele valsloten.<\/li>\n<li>Tongmaat: 5 mm.<\/li>\n<li>Lengte: 300 mm<\/li>\n<\/ul>\n<\/div>\n<\/div>\n<div><b>\u00a0<\/b><\/div>\n<div><b>Geschikt voor:\u00a0<\/b><br \/>\nASSA ABLOY elektrische eindplaat eenvoudige serie: 14, 114, 514, 5114<\/div>\n<\/div>\n<div><\/div>","protected":false},"excerpt":{"rendered":"<p>Monteringsstolpe i st\u00e5l, f\u00f6r enkla elslutbleck i Solid-serien. Anv\u00e4nds f\u00f6r att anpassa inf\u00e4stning och egenskaper till den aktuella applikationen och d\u00f6rrmilj\u00f6n. Egenskaper:\u00a0 F\u00f6r tr\u00e4karmar med tunna \u00f6verfalsade tr\u00e4d\u00f6rrar. F\u00f6rreglade dubbelfall\u00e5s.<\/p>","protected":false},"featured_media":155870,"template":"","meta":{"_acf_changed":false},"product_brand":[],"product_cat":[4735],"product_tag":[],"class_list":{"0":"post-155871","1":"product","2":"type-product","3":"status-publish","4":"has-post-thumbnail","6":"product_cat-monteringsstolpe","7":"product_shipping_class-postnord-varubrev","8":"pa_brands-abloy","9":"tm-no-options","11":"first","12":"onbackorder","13":"sale","14":"taxable","15":"shipping-taxable","16":"purchasable","17":"product-type-simple"},"acf":[],"_links":{"self":[{"href":"https:\/\/secureus.se\/nl\/wp-json\/wp\/v2\/product\/155871","targetHints":{"allow":["GET"]}}],"collection":[{"href":"https:\/\/secureus.se\/nl\/wp-json\/wp\/v2\/product"}],"about":[{"href":"https:\/\/secureus.se\/nl\/wp-json\/wp\/v2\/types\/product"}],"wp:featuredmedia":[{"embeddable":true,"href":"https:\/\/secureus.se\/nl\/wp-json\/wp\/v2\/media\/155870"}],"wp:attachment":[{"href":"https:\/\/secureus.se\/nl\/wp-json\/wp\/v2\/media?parent=155871"}],"wp:term":[{"taxonomy":"product_brand","embeddable":true,"href":"https:\/\/secureus.se\/nl\/wp-json\/wp\/v2\/product_brand?post=155871"},{"taxonomy":"product_cat","embeddable":true,"href":"https:\/\/secureus.se\/nl\/wp-json\/wp\/v2\/product_cat?post=155871"},{"taxonomy":"product_tag","embeddable":true,"href":"https:\/\/secureus.se\/nl\/wp-json\/wp\/v2\/product_tag?post=155871"}],"curies":[{"name":"wp","href":"https:\/\/api.w.org\/{rel}","templated":true}]}}