{"id":155897,"date":"2025-09-03T09:29:35","date_gmt":"2025-09-03T07:29:35","guid":{"rendered":"https:\/\/secureus.se\/monteringsstolpe-975-w\/"},"modified":"2026-04-08T15:06:45","modified_gmt":"2026-04-08T13:06:45","slug":"monteringsstolpe-975-w","status":"publish","type":"product","link":"https:\/\/secureus.se\/nl\/monteringsstolpe-975-w\/","title":{"rendered":"Montagepaal 975-W"},"content":{"rendered":"<p>De ASSA ABLOY 975-W is een platte montagepaal van roestvrij staal, aangepast voor Wicona 75\/Connect. Hij past op de standaard sluitplaten uit de 900-serie van Assa, samen met enkel- of dubbelsluitplaatbehuizingen. De paal wordt gebruikt om de elektrische sluitplaat aan te passen aan de standaard uitsparing van Wicona.<\/p>\n<div><\/div>\n<div><b>Eigenschappen:<\/b><\/div>\n<div>\n<ul>\n<li>Symmetrisch<\/li>\n<li>Breedte: 50 mm<\/li>\n<li>Hoogte: 245 mm<\/li>\n<li>Tongmaat: 17,5 mm<\/li>\n<li>Geschikt voor profielsysteem Wicona 75\/Connect<\/li>\n<\/ul>\n<\/div>\n<div><\/div>\n<div><b>Geschikt voor ASSA ABLOY elektrische eindplaten uit de 900 serie:<\/b><\/div>\n<div>\n<ul>\n<li>905, 905M<\/li>\n<li>910, 910M<\/li>\n<li>911, 911M<\/li>\n<li>920, 920M, 920C<\/li>\n<li>940M<\/li>\n<li>941M<\/li>\n<li>960M, 960C<\/li>\n<li>961M, 961C<\/li>\n<li>990M<\/li>\n<li>991M<\/li>\n<\/ul>\n<\/div>","protected":false},"excerpt":{"rendered":"<p>ASSA ABLOY 975-W \u00e4r en plan monteringsstolpe i rostfritt st\u00e5l, anpassad f\u00f6r Wicona 75\/Connect. Passar till Assas standard slutbleck i 900-serien tillsammans med l\u00e5shus med enkelfall eller dubbelfall. Anv\u00e4nds f\u00f6r<\/p>","protected":false},"featured_media":155896,"template":"","meta":{"_acf_changed":false},"product_brand":[],"product_cat":[4735],"product_tag":[],"class_list":{"0":"post-155897","1":"product","2":"type-product","3":"status-publish","4":"has-post-thumbnail","6":"product_cat-monteringsstolpe","7":"product_shipping_class-postnord-varubrev","8":"pa_brands-abloy","9":"tm-no-options","11":"first","12":"instock","13":"sale","14":"taxable","15":"shipping-taxable","16":"purchasable","17":"product-type-simple"},"acf":[],"_links":{"self":[{"href":"https:\/\/secureus.se\/nl\/wp-json\/wp\/v2\/product\/155897","targetHints":{"allow":["GET"]}}],"collection":[{"href":"https:\/\/secureus.se\/nl\/wp-json\/wp\/v2\/product"}],"about":[{"href":"https:\/\/secureus.se\/nl\/wp-json\/wp\/v2\/types\/product"}],"wp:featuredmedia":[{"embeddable":true,"href":"https:\/\/secureus.se\/nl\/wp-json\/wp\/v2\/media\/155896"}],"wp:attachment":[{"href":"https:\/\/secureus.se\/nl\/wp-json\/wp\/v2\/media?parent=155897"}],"wp:term":[{"taxonomy":"product_brand","embeddable":true,"href":"https:\/\/secureus.se\/nl\/wp-json\/wp\/v2\/product_brand?post=155897"},{"taxonomy":"product_cat","embeddable":true,"href":"https:\/\/secureus.se\/nl\/wp-json\/wp\/v2\/product_cat?post=155897"},{"taxonomy":"product_tag","embeddable":true,"href":"https:\/\/secureus.se\/nl\/wp-json\/wp\/v2\/product_tag?post=155897"}],"curies":[{"name":"wp","href":"https:\/\/api.w.org\/{rel}","templated":true}]}}