{"id":155917,"date":"2025-09-03T09:29:37","date_gmt":"2025-09-03T07:29:37","guid":{"rendered":"https:\/\/secureus.se\/monteringsstolpe-957\/"},"modified":"2026-04-23T11:21:18","modified_gmt":"2026-04-23T09:21:18","slug":"monteringsstolpe-957","status":"publish","type":"product","link":"https:\/\/secureus.se\/nl\/monteringsstolpe-957\/","title":{"rendered":"Montagepaal 957"},"content":{"rendered":"<div>ASSA ABLOY 957 is een montagepaal van roestvrij staal voor profielsystemen SP 57000 en 77000. Deze past op Assa&#039;s standaard sluitplaat uit de 900-serie, samen met slotkasten met enkele of dubbele sluitplaat. De montagepaal wordt gebruikt om de bevestiging van elektrische sluitplaten aan te passen aan de standaard uitsparingen van St\u00e5lprofil.<\/div>\n<div><b><br \/>\nEigenschappen:<\/b><\/div>\n<div>\n<ul>\n<li>Breedte: 60 mm<\/li>\n<li>Lengte: 200 mm<\/li>\n<li>Tongmaat: 20 mm<\/li>\n<li>Past op stalen profiel SP 57000 en 77000<\/li>\n<\/ul>\n<\/div>\n<div>\n<b>Geschikt voor ASSA ABLOY elektrische eindplaten uit de 900 serie:<\/b><\/div>\n<div>\n<ul>\n<li>905, 905M<\/li>\n<li>910, 910M<\/li>\n<li>911, 911M<\/li>\n<li>920, 920M, 920C<\/li>\n<li>940M<\/li>\n<li>941M<\/li>\n<li>960M, 960C<\/li>\n<li>961M, 961C<\/li>\n<li>990M<\/li>\n<li>991M<\/li>\n<\/ul>\n<\/div>\n<div><\/div>","protected":false},"excerpt":{"rendered":"<p>ASSA ABLOY 957 \u00e4r en montagestolpe\u00a0i rostfritt st\u00e5l, f\u00f6r profilsystem SP 57000 och 77000. Passar till Assas standard slutbleck i 900-serien tillsammans med l\u00e5shus med enkelfall eller dubbelfall. Anv\u00e4nds f\u00f6r<\/p>","protected":false},"featured_media":155916,"template":"","meta":{"_acf_changed":false},"product_brand":[],"product_cat":[4735],"product_tag":[],"class_list":{"0":"post-155917","1":"product","2":"type-product","3":"status-publish","4":"has-post-thumbnail","6":"product_cat-monteringsstolpe","7":"product_shipping_class-postnord-varubrev","8":"pa_brands-abloy","9":"tm-no-options","11":"first","12":"instock","13":"sale","14":"taxable","15":"shipping-taxable","16":"purchasable","17":"product-type-simple"},"acf":[],"_links":{"self":[{"href":"https:\/\/secureus.se\/nl\/wp-json\/wp\/v2\/product\/155917","targetHints":{"allow":["GET"]}}],"collection":[{"href":"https:\/\/secureus.se\/nl\/wp-json\/wp\/v2\/product"}],"about":[{"href":"https:\/\/secureus.se\/nl\/wp-json\/wp\/v2\/types\/product"}],"wp:featuredmedia":[{"embeddable":true,"href":"https:\/\/secureus.se\/nl\/wp-json\/wp\/v2\/media\/155916"}],"wp:attachment":[{"href":"https:\/\/secureus.se\/nl\/wp-json\/wp\/v2\/media?parent=155917"}],"wp:term":[{"taxonomy":"product_brand","embeddable":true,"href":"https:\/\/secureus.se\/nl\/wp-json\/wp\/v2\/product_brand?post=155917"},{"taxonomy":"product_cat","embeddable":true,"href":"https:\/\/secureus.se\/nl\/wp-json\/wp\/v2\/product_cat?post=155917"},{"taxonomy":"product_tag","embeddable":true,"href":"https:\/\/secureus.se\/nl\/wp-json\/wp\/v2\/product_tag?post=155917"}],"curies":[{"name":"wp","href":"https:\/\/api.w.org\/{rel}","templated":true}]}}