{"id":155929,"date":"2025-09-03T09:29:37","date_gmt":"2025-09-03T07:29:37","guid":{"rendered":"https:\/\/secureus.se\/monteringsstolpe-9487-3\/"},"modified":"2026-03-25T15:27:41","modified_gmt":"2026-03-25T14:27:41","slug":"monteringsstolpe-9487-3","status":"publish","type":"product","link":"https:\/\/secureus.se\/nl\/monteringsstolpe-9487-3\/","title":{"rendered":"Montagepaal 9487-3"},"content":{"rendered":"<p>ASSA ABLOY 9487-3 is een platte montagestift van roestvrij staal. Geschikt voor Assa&#039;s standaard sluitplaten uit de 900-serie, zowel voor enkel- als dubbelkastsloten. Met afgeronde hoeken voor eenvoudiger infrezen in houten kozijnen. Komt overeen met sluitplaat 1487-3.<\/p>\n<div><b><br \/>Eigenschappen:\u00a0<\/b><\/div>\n<div>\n<ul>\n<li>Symmetrisch<\/li>\n<li>Breedte: 43,5 mm<\/li>\n<li>Hoogte: 200 mm<\/li>\n<li>Tongmaat: 20 mm<\/li>\n<li>Ronde hoeken<\/li>\n<li>Voor houten kozijnen<\/li>\n<li>Heeft dezelfde afmetingen als eindplaat 1487-3<\/li>\n<\/ul>\n<\/div>\n<div><b>Geschikt voor ASSA ABLOY elektrische eindplaten uit de 900 serie:<\/b><\/div>\n<div>\n<ul>\n<li>905, 905M<\/li>\n<li>910, 910M<\/li>\n<li>911, 911M<\/li>\n<li>920, 920M, 920C<\/li>\n<li>940M<\/li>\n<li>941M<\/li>\n<li>960M, 960C<\/li>\n<li>961M, 961C<\/li>\n<li>990M<\/li>\n<li>991M<\/li>\n<\/ul>\n<\/div>\n<div><\/div>","protected":false},"excerpt":{"rendered":"<p>ASSA ABLOY 9487-3 \u00e4r en plan monteringsstolpe i rostfritt st\u00e5l. Passar till Assas standard slutbleck i 900-serien tillsammans med l\u00e5shus med enkelfall eller dubbelfall. Med runda h\u00f6rn f\u00f6r l\u00e4ttare infr\u00e4sning<\/p>","protected":false},"featured_media":155928,"template":"","meta":{"_acf_changed":false},"product_brand":[],"product_cat":[4735],"product_tag":[],"class_list":{"0":"post-155929","1":"product","2":"type-product","3":"status-publish","4":"has-post-thumbnail","6":"product_cat-monteringsstolpe","7":"product_shipping_class-postnord-varubrev","8":"pa_brands-abloy","9":"tm-no-options","11":"first","12":"instock","13":"sale","14":"taxable","15":"shipping-taxable","16":"purchasable","17":"product-type-simple"},"acf":[],"_links":{"self":[{"href":"https:\/\/secureus.se\/nl\/wp-json\/wp\/v2\/product\/155929","targetHints":{"allow":["GET"]}}],"collection":[{"href":"https:\/\/secureus.se\/nl\/wp-json\/wp\/v2\/product"}],"about":[{"href":"https:\/\/secureus.se\/nl\/wp-json\/wp\/v2\/types\/product"}],"wp:featuredmedia":[{"embeddable":true,"href":"https:\/\/secureus.se\/nl\/wp-json\/wp\/v2\/media\/155928"}],"wp:attachment":[{"href":"https:\/\/secureus.se\/nl\/wp-json\/wp\/v2\/media?parent=155929"}],"wp:term":[{"taxonomy":"product_brand","embeddable":true,"href":"https:\/\/secureus.se\/nl\/wp-json\/wp\/v2\/product_brand?post=155929"},{"taxonomy":"product_cat","embeddable":true,"href":"https:\/\/secureus.se\/nl\/wp-json\/wp\/v2\/product_cat?post=155929"},{"taxonomy":"product_tag","embeddable":true,"href":"https:\/\/secureus.se\/nl\/wp-json\/wp\/v2\/product_tag?post=155929"}],"curies":[{"name":"wp","href":"https:\/\/api.w.org\/{rel}","templated":true}]}}