{"id":155941,"date":"2025-09-03T09:29:39","date_gmt":"2025-09-03T07:29:39","guid":{"rendered":"https:\/\/secureus.se\/monteringsstolpe-940\/"},"modified":"2026-03-25T15:27:40","modified_gmt":"2026-03-25T14:27:40","slug":"monteringsstolpe-940","status":"publish","type":"product","link":"https:\/\/secureus.se\/nl\/monteringsstolpe-940\/","title":{"rendered":"Montagepaal 940"},"content":{"rendered":"<div>De ASSA ABLOY 940 is een vlakke montagepaal van roestvrij staal, geschikt voor het Sapa 2050 profielsysteem. Hij past op de standaard sluitplaten uit de 900-serie van Assa, in combinatie met enkel- of dubbelgrendelsloten.<\/p>\n<\/div>\n<div><b>Eigenschappen:<\/b><\/div>\n<div>\n<ul>\n<li>Symmetrisch<\/li>\n<li>Breedte: 39,2 mm<\/li>\n<li>Hoogte: 245 mm<\/li>\n<li>Tongmaat: 15 mm<\/li>\n<li>Geschikt voor profielsysteem Sapa 2050<\/li>\n<\/ul>\n<\/div>\n<div><\/div>\n<div><b>Geschikt voor ASSA ABLOY elektrische eindplaten uit de 900 serie:<\/b><\/div>\n<div>\n<ul>\n<li>905, 905M<\/li>\n<li>910, 910M<\/li>\n<li>911, 911M<\/li>\n<li>920, 920M, 920C<\/li>\n<li>940M<\/li>\n<li>941M<\/li>\n<li>960M, 960C<\/li>\n<li>961M, 961C<\/li>\n<li>990M<\/li>\n<li>991M<\/li>\n<\/ul>\n<\/div>","protected":false},"excerpt":{"rendered":"<p>ASSA ABLOY 940 \u00e4r en plan monteringsstolpe i rostfritt st\u00e5l, anpassad f\u00f6r profilsystem Sapa 2050. Passar till Assas standard slutbleck i 900-serien tillsammans med l\u00e5shus med enkelfall eller dubbelfall. Egenskaper:<\/p>","protected":false},"featured_media":155940,"template":"","meta":{"_acf_changed":false},"product_brand":[],"product_cat":[4735],"product_tag":[],"class_list":{"0":"post-155941","1":"product","2":"type-product","3":"status-publish","4":"has-post-thumbnail","6":"product_cat-monteringsstolpe","7":"product_shipping_class-postnord-varubrev","8":"pa_brands-abloy","9":"tm-no-options","11":"first","12":"instock","13":"sale","14":"taxable","15":"shipping-taxable","16":"purchasable","17":"product-type-simple"},"acf":[],"_links":{"self":[{"href":"https:\/\/secureus.se\/nl\/wp-json\/wp\/v2\/product\/155941","targetHints":{"allow":["GET"]}}],"collection":[{"href":"https:\/\/secureus.se\/nl\/wp-json\/wp\/v2\/product"}],"about":[{"href":"https:\/\/secureus.se\/nl\/wp-json\/wp\/v2\/types\/product"}],"wp:featuredmedia":[{"embeddable":true,"href":"https:\/\/secureus.se\/nl\/wp-json\/wp\/v2\/media\/155940"}],"wp:attachment":[{"href":"https:\/\/secureus.se\/nl\/wp-json\/wp\/v2\/media?parent=155941"}],"wp:term":[{"taxonomy":"product_brand","embeddable":true,"href":"https:\/\/secureus.se\/nl\/wp-json\/wp\/v2\/product_brand?post=155941"},{"taxonomy":"product_cat","embeddable":true,"href":"https:\/\/secureus.se\/nl\/wp-json\/wp\/v2\/product_cat?post=155941"},{"taxonomy":"product_tag","embeddable":true,"href":"https:\/\/secureus.se\/nl\/wp-json\/wp\/v2\/product_tag?post=155941"}],"curies":[{"name":"wp","href":"https:\/\/api.w.org\/{rel}","templated":true}]}}