{"id":155967,"date":"2025-09-03T09:29:43","date_gmt":"2025-09-03T07:29:43","guid":{"rendered":"https:\/\/secureus.se\/monteringsstolpe-917-w\/"},"modified":"2026-04-23T11:19:51","modified_gmt":"2026-04-23T09:19:51","slug":"monteringsstolpe-917-w","status":"publish","type":"product","link":"https:\/\/secureus.se\/nl\/monteringsstolpe-917-w\/","title":{"rendered":"Montagepaal 917-W"},"content":{"rendered":"<div>Platte montagepaal in RVS, voor Wicstyle 77 FP bouwsysteem. Past op de standaard eindplaat van Assa in de 900-serie. <\/div>\n<div><b><br \/>Eigenschappen: <\/b><\/div>\n<div>\n<ul>\n<li>Afmetingen (LxB): 245 x 42 <\/li>\n<li>Tongmaat: 17 mm <\/li>\n<li>Past op het Wicstyle 77 FP-bouwsysteem<\/li>\n<\/ul>\n<\/div>\n<div><b><br \/>Geschikt voor ASSA ABLOY elektrische eindplaten uit de 900 serie:<\/b><\/div>\n<div>\n<ul>\n<li>905, 905M<\/li>\n<li>910, 910M<\/li>\n<li>911, 911M<\/li>\n<li>920, 920M, 920C<\/li>\n<li>940M<\/li>\n<li>941M<\/li>\n<li>960M, 960C<\/li>\n<li>961M, 961C<\/li>\n<li>990M<\/li>\n<li>991M<\/li>\n<\/ul>\n<\/div>","protected":false},"excerpt":{"rendered":"<p>Plan monteringsstolpe i rostfritt st\u00e5l, f\u00f6r Wicstyle 77 FP byggsystem. Passar till Assas standard slutbleck i 900-serien. Egenskaper: M\u00e5tt (LxB): 245 x 42 Pl\u00f6sm\u00e5tt: 17 mm Passar Wicstyle 77 FP<\/p>","protected":false},"featured_media":155966,"template":"","meta":{"_acf_changed":false},"product_brand":[],"product_cat":[4735],"product_tag":[],"class_list":{"0":"post-155967","1":"product","2":"type-product","3":"status-publish","4":"has-post-thumbnail","6":"product_cat-monteringsstolpe","7":"product_shipping_class-postnord-varubrev","8":"pa_brands-abloy","9":"tm-no-options","11":"first","12":"onbackorder","13":"sale","14":"taxable","15":"shipping-taxable","16":"purchasable","17":"product-type-simple"},"acf":[],"_links":{"self":[{"href":"https:\/\/secureus.se\/nl\/wp-json\/wp\/v2\/product\/155967","targetHints":{"allow":["GET"]}}],"collection":[{"href":"https:\/\/secureus.se\/nl\/wp-json\/wp\/v2\/product"}],"about":[{"href":"https:\/\/secureus.se\/nl\/wp-json\/wp\/v2\/types\/product"}],"wp:featuredmedia":[{"embeddable":true,"href":"https:\/\/secureus.se\/nl\/wp-json\/wp\/v2\/media\/155966"}],"wp:attachment":[{"href":"https:\/\/secureus.se\/nl\/wp-json\/wp\/v2\/media?parent=155967"}],"wp:term":[{"taxonomy":"product_brand","embeddable":true,"href":"https:\/\/secureus.se\/nl\/wp-json\/wp\/v2\/product_brand?post=155967"},{"taxonomy":"product_cat","embeddable":true,"href":"https:\/\/secureus.se\/nl\/wp-json\/wp\/v2\/product_cat?post=155967"},{"taxonomy":"product_tag","embeddable":true,"href":"https:\/\/secureus.se\/nl\/wp-json\/wp\/v2\/product_tag?post=155967"}],"curies":[{"name":"wp","href":"https:\/\/api.w.org\/{rel}","templated":true}]}}