{"id":156341,"date":"2025-09-11T15:41:30","date_gmt":"2025-09-11T13:41:30","guid":{"rendered":"https:\/\/secureus.se\/evolis-n5h204e100-easy4pro-ymcko-half-panel-colour-ribbon-400-prints\/"},"modified":"2026-04-08T16:56:14","modified_gmt":"2026-04-08T14:56:14","slug":"evolis-n5h204e100-easy4pro-ymcko-half-panel-colour-ribbon-400-prints","status":"publish","type":"product","link":"https:\/\/secureus.se\/nl\/evolis-n5h204e100-easy4pro-ymcko-half-panel-colour-ribbon-400-prints\/","title":{"rendered":"Evolis Easy4Pro YMCKO-lint \u2013 N5H204E100, half paneel (400 afdrukken)"},"content":{"rendered":"<h1>Lintje<br \/>\n  Evolis Easy4Pro YMCKO \u2013 N5H204E100, half paneel (400 afdrukken)<\/h1>\n<p>Ribbon Evolis Easy4Pro YMCKO \u2013 N5H204E100, half paneel (400<br \/>\n  (afdrukken) is een lint voor het bedrukken van plastic kaarten met scherpe kleuren, helder<br \/>\n  Tekst en goede detailweergave. Het YMCKO-linttype biedt de juiste combinatie van...<br \/>\n  kleurpanelen en beschermende overlay voor professionals<br \/>\n  Kaartdrukwerk.<\/p>\n<p>Geschikt voor identiteitskaarten, toegangskaarten, lidmaatschapskaarten en andere documenten.<br \/>\n  plastic kaarten met een hoge afdrukkwaliteit en betrouwbaarheid.<br \/>\n  belangrijk.<\/p>\n<ul>\n<li>Capaciteit: tot 400 afdrukken<\/li>\n<li>Type lint: YMCKO<\/li>\n<li>Artikelnummer: N5H204E100<\/li>\n<\/ul>\n<p><strong>Compatibel met Evolis Primacy 2 en Zenius 2 kaarten.<br \/>\n  Alleen voor printers.<\/strong><\/p>\n<p><strong>Productgewicht:<\/strong> 0,20 kg<\/p>","protected":false},"excerpt":{"rendered":"<p>F\u00e4rgband Evolis Easy4Pro YMCKO &#8211; N5H204E100, halvpanel (400 utskrifter) F\u00e4rgband Evolis Easy4Pro YMCKO &#8211; N5H204E100, halvpanel (400 utskrifter) \u00e4r ett f\u00e4rgband f\u00f6r utskrift av plastkort med skarpa f\u00e4rger, tydlig text<\/p>","protected":false},"featured_media":156340,"template":"","meta":{"_acf_changed":false},"product_brand":[],"product_cat":[4856,4859],"product_tag":[4863],"class_list":{"0":"post-156341","1":"product","2":"type-product","3":"status-publish","4":"has-post-thumbnail","6":"product_cat-easy4-pro","7":"product_cat-primacy-2","8":"product_tag-pf","9":"pa_brands-evolis","10":"tm-no-options","12":"first","13":"instock","14":"sale","15":"taxable","16":"shipping-taxable","17":"purchasable","18":"product-type-simple"},"acf":[],"_links":{"self":[{"href":"https:\/\/secureus.se\/nl\/wp-json\/wp\/v2\/product\/156341","targetHints":{"allow":["GET"]}}],"collection":[{"href":"https:\/\/secureus.se\/nl\/wp-json\/wp\/v2\/product"}],"about":[{"href":"https:\/\/secureus.se\/nl\/wp-json\/wp\/v2\/types\/product"}],"wp:featuredmedia":[{"embeddable":true,"href":"https:\/\/secureus.se\/nl\/wp-json\/wp\/v2\/media\/156340"}],"wp:attachment":[{"href":"https:\/\/secureus.se\/nl\/wp-json\/wp\/v2\/media?parent=156341"}],"wp:term":[{"taxonomy":"product_brand","embeddable":true,"href":"https:\/\/secureus.se\/nl\/wp-json\/wp\/v2\/product_brand?post=156341"},{"taxonomy":"product_cat","embeddable":true,"href":"https:\/\/secureus.se\/nl\/wp-json\/wp\/v2\/product_cat?post=156341"},{"taxonomy":"product_tag","embeddable":true,"href":"https:\/\/secureus.se\/nl\/wp-json\/wp\/v2\/product_tag?post=156341"}],"curies":[{"name":"wp","href":"https:\/\/api.w.org\/{rel}","templated":true}]}}