{"id":156360,"date":"2025-09-11T15:41:31","date_gmt":"2025-09-11T13:41:31","guid":{"rendered":"https:\/\/secureus.se\/evolis-n5f208e100-easy4pro-ymcko-colour-ribbon-300-prints\/"},"modified":"2026-04-08T16:55:27","modified_gmt":"2026-04-08T14:55:27","slug":"evolis-n5f208e100-easy4pro-ymcko-colour-ribbon-300-prints","status":"publish","type":"product","link":"https:\/\/secureus.se\/nl\/evolis-n5f208e100-easy4pro-ymcko-colour-ribbon-300-prints\/","title":{"rendered":"F\u00e4rgband Evolis Easy4Pro YMCKO &#8211; N5F208E100 (300\n  utskrifter)"},"content":{"rendered":"<h1>Lintje<br \/>\n  Evolis Easy4Pro YMCKO &#8211; N5F208E100 (300 utskrifter)<\/h1>\n<p>F\u00e4rgband Evolis Easy4Pro YMCKO &#8211; N5F208E100 (300 utskrifter) \u00e4r<br \/>\n  ett f\u00e4rgband f\u00f6r utskrift av plastkort med skarpa f\u00e4rger, tydlig text och bra<br \/>\n  Gedetailleerde reproductie. Het YMCKO-linttype biedt de juiste combinatie van kleurpanelen en<br \/>\n  Beschermende folie voor professioneel kaartdrukwerk.<\/p>\n<p>Geschikt voor identiteitskaarten, toegangskaarten, lidmaatschapskaarten en andere documenten.<br \/>\n  plastic kaarten met een hoge afdrukkwaliteit en betrouwbaarheid.<br \/>\n  belangrijk.<\/p>\n<ul>\n<li>Capaciteit: tot 300 afdrukken<\/li>\n<li>Type lint: YMCKO<\/li>\n<li>Artikelnummer: N5F208E100<\/li>\n<\/ul>\n<p><strong>Kompatibel med Evolis Primacy 2 och Zenius 2 card<br \/>\n  printers endast.<\/strong><\/p>\n<p><strong>Productgewicht:<\/strong> 0,20 kg<\/p>","protected":false},"excerpt":{"rendered":"<p>F\u00e4rgband Evolis Easy4Pro YMCKO &#8211; N5F208E100 (300 utskrifter) F\u00e4rgband Evolis Easy4Pro YMCKO &#8211; N5F208E100 (300 utskrifter) \u00e4r ett f\u00e4rgband f\u00f6r utskrift av plastkort med skarpa f\u00e4rger, tydlig text och bra<\/p>","protected":false},"featured_media":156358,"template":"","meta":{"_acf_changed":false},"product_brand":[],"product_cat":[4856,4859],"product_tag":[4863],"class_list":{"0":"post-156360","1":"product","2":"type-product","3":"status-publish","4":"has-post-thumbnail","6":"product_cat-easy4-pro","7":"product_cat-primacy-2","8":"product_tag-pf","9":"pa_brands-evolis","10":"tm-no-options","12":"first","13":"instock","14":"sale","15":"taxable","16":"shipping-taxable","17":"purchasable","18":"product-type-simple"},"acf":[],"_links":{"self":[{"href":"https:\/\/secureus.se\/nl\/wp-json\/wp\/v2\/product\/156360","targetHints":{"allow":["GET"]}}],"collection":[{"href":"https:\/\/secureus.se\/nl\/wp-json\/wp\/v2\/product"}],"about":[{"href":"https:\/\/secureus.se\/nl\/wp-json\/wp\/v2\/types\/product"}],"wp:featuredmedia":[{"embeddable":true,"href":"https:\/\/secureus.se\/nl\/wp-json\/wp\/v2\/media\/156358"}],"wp:attachment":[{"href":"https:\/\/secureus.se\/nl\/wp-json\/wp\/v2\/media?parent=156360"}],"wp:term":[{"taxonomy":"product_brand","embeddable":true,"href":"https:\/\/secureus.se\/nl\/wp-json\/wp\/v2\/product_brand?post=156360"},{"taxonomy":"product_cat","embeddable":true,"href":"https:\/\/secureus.se\/nl\/wp-json\/wp\/v2\/product_cat?post=156360"},{"taxonomy":"product_tag","embeddable":true,"href":"https:\/\/secureus.se\/nl\/wp-json\/wp\/v2\/product_tag?post=156360"}],"curies":[{"name":"wp","href":"https:\/\/api.w.org\/{rel}","templated":true}]}}