{"id":156378,"date":"2025-09-11T15:41:32","date_gmt":"2025-09-11T13:41:32","guid":{"rendered":"https:\/\/secureus.se\/evolis-rt5f013naa-ymckh-retransfer-colour-ribbon-400-prints\/"},"modified":"2026-04-08T16:55:12","modified_gmt":"2026-04-08T14:55:12","slug":"evolis-rt5f013naa-ymckh-retransfer-colour-ribbon-400-prints","status":"publish","type":"product","link":"https:\/\/secureus.se\/nl\/evolis-rt5f013naa-ymckh-retransfer-colour-ribbon-400-prints\/","title":{"rendered":"Kleurenlint Evolis YMCKH \u2013 RT5F013NAA (400 afdrukken)"},"content":{"rendered":"<h1>Lintje<br \/>\n  Evolis YMCKH &#8211; RT5F013NAA (400 utskrifter)<\/h1>\n<p>F\u00e4rgband Evolis YMCKH &#8211; RT5F013NAA (400 utskrifter) \u00e4r ett<br \/>\n  Lint voor het bedrukken van plastic kaarten met scherpe kleuren, duidelijke tekst en goede kwaliteit.<br \/>\n  detalj\u00e5tergivning. Bandtypen YMCKH ger r\u00e4tt kombination av f\u00e4rgpaneler f\u00f6r<br \/>\n  Professioneel kaarten drukken.<\/p>\n<p>Geschikt voor identiteitskaarten, toegangskaarten, lidmaatschapskaarten en andere documenten.<br \/>\n  Plastic kaarten, waarbij een hoge afdrukkwaliteit en betrouwbaarheid belangrijk zijn.<\/p>\n<ul>\n<li>Capaciteit: tot 400 afdrukken<\/li>\n<li>Bandtyp: YMCKH<\/li>\n<li>Artikelnummer: RT5F013NAA<\/li>\n<\/ul>\n<p><strong>Compatibel met Evolis<br \/>\n  Voorschot.<\/strong><\/p>\n<p><strong>Productgewicht:<\/strong> 0,40 kg<\/p>","protected":false},"excerpt":{"rendered":"<p>F\u00e4rgband Evolis YMCKH &#8211; RT5F013NAA (400 utskrifter) F\u00e4rgband Evolis YMCKH &#8211; RT5F013NAA (400 utskrifter) \u00e4r ett f\u00e4rgband f\u00f6r utskrift av plastkort med skarpa f\u00e4rger, tydlig text och bra detalj\u00e5tergivning. Bandtypen<\/p>","protected":false},"featured_media":156377,"template":"","meta":{"_acf_changed":false},"product_brand":[],"product_cat":[4855],"product_tag":[4863],"class_list":{"0":"post-156378","1":"product","2":"type-product","3":"status-publish","4":"has-post-thumbnail","6":"product_cat-avansia","7":"product_tag-pf","8":"pa_brands-evolis","9":"tm-no-options","11":"first","12":"instock","13":"sale","14":"taxable","15":"shipping-taxable","16":"purchasable","17":"product-type-simple"},"acf":[],"_links":{"self":[{"href":"https:\/\/secureus.se\/nl\/wp-json\/wp\/v2\/product\/156378","targetHints":{"allow":["GET"]}}],"collection":[{"href":"https:\/\/secureus.se\/nl\/wp-json\/wp\/v2\/product"}],"about":[{"href":"https:\/\/secureus.se\/nl\/wp-json\/wp\/v2\/types\/product"}],"wp:featuredmedia":[{"embeddable":true,"href":"https:\/\/secureus.se\/nl\/wp-json\/wp\/v2\/media\/156377"}],"wp:attachment":[{"href":"https:\/\/secureus.se\/nl\/wp-json\/wp\/v2\/media?parent=156378"}],"wp:term":[{"taxonomy":"product_brand","embeddable":true,"href":"https:\/\/secureus.se\/nl\/wp-json\/wp\/v2\/product_brand?post=156378"},{"taxonomy":"product_cat","embeddable":true,"href":"https:\/\/secureus.se\/nl\/wp-json\/wp\/v2\/product_cat?post=156378"},{"taxonomy":"product_tag","embeddable":true,"href":"https:\/\/secureus.se\/nl\/wp-json\/wp\/v2\/product_tag?post=156378"}],"curies":[{"name":"wp","href":"https:\/\/api.w.org\/{rel}","templated":true}]}}