{"id":156382,"date":"2025-09-11T15:41:37","date_gmt":"2025-09-11T13:41:37","guid":{"rendered":"https:\/\/secureus.se\/evolis-rct012naa-blue-monochrome-ribbon-1000-prints\/"},"modified":"2026-04-08T16:51:36","modified_gmt":"2026-04-08T14:51:36","slug":"evolis-rct012naa-blue-monochrome-ribbon-1000-prints","status":"publish","type":"product","link":"https:\/\/secureus.se\/nl\/evolis-rct012naa-blue-monochrome-ribbon-1000-prints\/","title":{"rendered":"Evolis-lint \u2013 RCT012NAA, blauw monochroom (1000 afdrukken)"},"content":{"rendered":"<h1>Lintje<br \/>\n  Evolis - RCT012NAA, Blauw Monochroom (1000 afdrukken)<\/h1>\n<p>Evolis lint \u2013 RCT012NAA, blauw monochroom (1000 afdrukken) is een<br \/>\n  Origineel accessoire voor kaartprinters, ontworpen voor betrouwbare en<br \/>\n  Professionele kaartproductie.<\/p>\n<ul>\n<li>Capaciteit: tot 1.000 afdrukken<\/li>\n<li>Artikelnummer: RCT012NAA<\/li>\n<\/ul>\n<p><strong>Compatibel met Evolis Primacy en Evolis<br \/>\n  Zenius.<\/strong><\/p>\n<p><strong>Productgewicht:<\/strong> 0,20 kg<\/p>","protected":false},"excerpt":{"rendered":"<p>F\u00e4rgband Evolis &#8211; RCT012NAA, bl\u00e5 monokrom (1000 utskrifter) F\u00e4rgband Evolis &#8211; RCT012NAA, bl\u00e5 monokrom (1000 utskrifter) \u00e4r ett originaltillbeh\u00f6r f\u00f6r kortskrivare som \u00e4r anpassat f\u00f6r p\u00e5litlig och professionell kortproduktion. Kapacitet:<\/p>","protected":false},"featured_media":156380,"template":"","meta":{"_acf_changed":false},"product_brand":[],"product_cat":[4858,4862],"product_tag":[4863],"class_list":{"0":"post-156382","1":"product","2":"type-product","3":"status-publish","4":"has-post-thumbnail","6":"product_cat-primacy","7":"product_cat-zenius","8":"product_tag-pf","9":"pa_brands-evolis","10":"tm-no-options","12":"first","13":"instock","14":"sale","15":"taxable","16":"shipping-taxable","17":"purchasable","18":"product-type-simple"},"acf":[],"_links":{"self":[{"href":"https:\/\/secureus.se\/nl\/wp-json\/wp\/v2\/product\/156382","targetHints":{"allow":["GET"]}}],"collection":[{"href":"https:\/\/secureus.se\/nl\/wp-json\/wp\/v2\/product"}],"about":[{"href":"https:\/\/secureus.se\/nl\/wp-json\/wp\/v2\/types\/product"}],"wp:featuredmedia":[{"embeddable":true,"href":"https:\/\/secureus.se\/nl\/wp-json\/wp\/v2\/media\/156380"}],"wp:attachment":[{"href":"https:\/\/secureus.se\/nl\/wp-json\/wp\/v2\/media?parent=156382"}],"wp:term":[{"taxonomy":"product_brand","embeddable":true,"href":"https:\/\/secureus.se\/nl\/wp-json\/wp\/v2\/product_brand?post=156382"},{"taxonomy":"product_cat","embeddable":true,"href":"https:\/\/secureus.se\/nl\/wp-json\/wp\/v2\/product_cat?post=156382"},{"taxonomy":"product_tag","embeddable":true,"href":"https:\/\/secureus.se\/nl\/wp-json\/wp\/v2\/product_tag?post=156382"}],"curies":[{"name":"wp","href":"https:\/\/api.w.org\/{rel}","templated":true}]}}