{"id":156434,"date":"2025-09-11T15:41:27","date_gmt":"2025-09-11T13:41:27","guid":{"rendered":"https:\/\/secureus.se\/evolis-nct223naaa-easy4pro-black-monochrome-ribbon-2000-prints\/"},"modified":"2026-04-23T12:34:10","modified_gmt":"2026-04-23T10:34:10","slug":"evolis-nct223naaa-easy4pro-black-monochrome-ribbon-2000-prints","status":"publish","type":"product","link":"https:\/\/secureus.se\/nl\/evolis-nct223naaa-easy4pro-black-monochrome-ribbon-2000-prints\/","title":{"rendered":"Kleurenlint Evolis Easy4Pro - NCT223NAAA, zwart monochroom (2000 afdrukken)"},"content":{"rendered":"<h1>Lintje<br \/>\n  Evolis Easy4Pro &#8211; NCT223NAAA, svart monokrom (2000 utskrifter)<\/h1>\n<p>F\u00e4rgband Evolis Easy4Pro &#8211; NCT223NAAA, svart monokrom (2000<br \/>\n  utskrifter) \u00e4r ett svart monokromt f\u00e4rgband som passar f\u00f6r tydlig text, enkla<br \/>\n  linjegrafiker och l\u00e4sbara streckkoder p\u00e5 plastkort.<\/p>\n<p>Geschikt voor identiteitskaarten, toegangskaarten, lidmaatschapskaarten en andere documenten.<br \/>\n  plastic kaarten met een hoge afdrukkwaliteit en betrouwbaarheid.<br \/>\n  belangrijk.<\/p>\n<ul>\n<li>Capaciteit: tot 2.000 afdrukken<\/li>\n<li>Bandtype: Zwart monochroom<\/li>\n<li>Artikelnummer: NCT223NAAA<\/li>\n<\/ul>\n<p><strong>Compatibel met Evolis Primacy 2 en Zenius 2 kaarten.<br \/>\n  Alleen voor printers.<\/strong><\/p>\n<p><strong>Productgewicht:<\/strong> 0,20 kg<\/p>","protected":false},"excerpt":{"rendered":"<p>F\u00e4rgband Evolis Easy4Pro &#8211; NCT223NAAA, svart monokrom (2000 utskrifter) F\u00e4rgband Evolis Easy4Pro &#8211; NCT223NAAA, svart monokrom (2000 utskrifter) \u00e4r ett svart monokromt f\u00e4rgband som passar f\u00f6r tydlig text, enkla linjegrafiker<\/p>","protected":false},"featured_media":156432,"template":"","meta":{"_acf_changed":false},"product_brand":[],"product_cat":[4856,4859],"product_tag":[4863],"class_list":{"0":"post-156434","1":"product","2":"type-product","3":"status-publish","4":"has-post-thumbnail","6":"product_cat-easy4-pro","7":"product_cat-primacy-2","8":"product_tag-pf","9":"pa_brands-evolis","10":"tm-no-options","12":"first","13":"outofstock","14":"sale","15":"taxable","16":"shipping-taxable","17":"purchasable","18":"product-type-simple"},"acf":[],"_links":{"self":[{"href":"https:\/\/secureus.se\/nl\/wp-json\/wp\/v2\/product\/156434","targetHints":{"allow":["GET"]}}],"collection":[{"href":"https:\/\/secureus.se\/nl\/wp-json\/wp\/v2\/product"}],"about":[{"href":"https:\/\/secureus.se\/nl\/wp-json\/wp\/v2\/types\/product"}],"wp:featuredmedia":[{"embeddable":true,"href":"https:\/\/secureus.se\/nl\/wp-json\/wp\/v2\/media\/156432"}],"wp:attachment":[{"href":"https:\/\/secureus.se\/nl\/wp-json\/wp\/v2\/media?parent=156434"}],"wp:term":[{"taxonomy":"product_brand","embeddable":true,"href":"https:\/\/secureus.se\/nl\/wp-json\/wp\/v2\/product_brand?post=156434"},{"taxonomy":"product_cat","embeddable":true,"href":"https:\/\/secureus.se\/nl\/wp-json\/wp\/v2\/product_cat?post=156434"},{"taxonomy":"product_tag","embeddable":true,"href":"https:\/\/secureus.se\/nl\/wp-json\/wp\/v2\/product_tag?post=156434"}],"curies":[{"name":"wp","href":"https:\/\/api.w.org\/{rel}","templated":true}]}}