{"id":156439,"date":"2025-09-11T15:41:34","date_gmt":"2025-09-11T13:41:34","guid":{"rendered":"https:\/\/secureus.se\/evolis-r4f027naa-so-ko-ribbon-250-prints\/"},"modified":"2026-04-08T16:52:48","modified_gmt":"2026-04-08T14:52:48","slug":"evolis-r4f027naa-so-ko-ribbon-250-prints","status":"publish","type":"product","link":"https:\/\/secureus.se\/nl\/evolis-r4f027naa-so-ko-ribbon-250-prints\/","title":{"rendered":"Kleurenlint Evolis SO-KO \u2013 R4F027NAA (250 afdrukken)"},"content":{"rendered":"<h1>Lintje<br \/>\n  Evolis SO-KO &#8211; R4F027NAA (250 utskrifter)<\/h1>\n<p>F\u00e4rgband Evolis SO-KO &#8211; R4F027NAA (250 utskrifter) \u00e4r ett<br \/>\n  specialband i silver och svart f\u00f6r personalisering av m\u00f6rka f\u00f6rtryckta kort.<br \/>\n  Det ger en tydlig kontrast och ett professionellt resultat.<\/p>\n<p>Geschikt voor identiteitskaarten, toegangskaarten, lidmaatschapskaarten en andere documenten.<br \/>\n  plastic kaarten met een hoge afdrukkwaliteit en betrouwbaarheid.<br \/>\n  belangrijk.<\/p>\n<ul>\n<li>Capaciteit: tot 250 afdrukken<\/li>\n<li>Bandtyp: SO-KO<\/li>\n<li>Artikelnummer: R4F027NAA<\/li>\n<\/ul>\n<p><strong>Kompatibel med Evolis Primacy.<\/strong><\/p>\n<p><strong>Productgewicht:<\/strong> 0,40 kg<\/p>","protected":false},"excerpt":{"rendered":"<p>F\u00e4rgband Evolis SO-KO &#8211; R4F027NAA (250 utskrifter) F\u00e4rgband Evolis SO-KO &#8211; R4F027NAA (250 utskrifter) \u00e4r ett specialband i silver och svart f\u00f6r personalisering av m\u00f6rka f\u00f6rtryckta kort. Det ger en<\/p>","protected":false},"featured_media":156437,"template":"","meta":{"_acf_changed":false},"product_brand":[],"product_cat":[4858],"product_tag":[4863],"class_list":{"0":"post-156439","1":"product","2":"type-product","3":"status-publish","4":"has-post-thumbnail","6":"product_cat-primacy","7":"product_tag-pf","8":"pa_brands-evolis","9":"tm-no-options","11":"first","12":"instock","13":"sale","14":"taxable","15":"shipping-taxable","16":"purchasable","17":"product-type-simple"},"acf":[],"_links":{"self":[{"href":"https:\/\/secureus.se\/nl\/wp-json\/wp\/v2\/product\/156439","targetHints":{"allow":["GET"]}}],"collection":[{"href":"https:\/\/secureus.se\/nl\/wp-json\/wp\/v2\/product"}],"about":[{"href":"https:\/\/secureus.se\/nl\/wp-json\/wp\/v2\/types\/product"}],"wp:featuredmedia":[{"embeddable":true,"href":"https:\/\/secureus.se\/nl\/wp-json\/wp\/v2\/media\/156437"}],"wp:attachment":[{"href":"https:\/\/secureus.se\/nl\/wp-json\/wp\/v2\/media?parent=156439"}],"wp:term":[{"taxonomy":"product_brand","embeddable":true,"href":"https:\/\/secureus.se\/nl\/wp-json\/wp\/v2\/product_brand?post=156439"},{"taxonomy":"product_cat","embeddable":true,"href":"https:\/\/secureus.se\/nl\/wp-json\/wp\/v2\/product_cat?post=156439"},{"taxonomy":"product_tag","embeddable":true,"href":"https:\/\/secureus.se\/nl\/wp-json\/wp\/v2\/product_tag?post=156439"}],"curies":[{"name":"wp","href":"https:\/\/api.w.org\/{rel}","templated":true}]}}