{"id":156464,"date":"2025-09-11T15:41:34","date_gmt":"2025-09-11T13:41:34","guid":{"rendered":"https:\/\/secureus.se\/evolis-lps034naa-0-5mil-clear-smart-cut-patch-ribbon-600-prints\/"},"modified":"2026-04-08T16:53:41","modified_gmt":"2026-04-08T14:53:41","slug":"evolis-lps034naa-0-5mil-clear-smart-cut-patch-ribbon-600-prints","status":"publish","type":"product","link":"https:\/\/secureus.se\/nl\/evolis-lps034naa-0-5mil-clear-smart-cut-patch-ribbon-600-prints\/","title":{"rendered":"Evolis-lint \u2013 LPS034NAA, slim gesneden (600 afdrukken)"},"content":{"rendered":"<h1>Lintje<br \/>\n  Evolis &#8211; LPS034NAA, smart cut (600 utskrifter)<\/h1>\n<p>F\u00e4rgband Evolis &#8211; LPS034NAA, smart cut (600 utskrifter) \u00e4r ett<br \/>\n  Origineel accessoire voor kaartprinters, ontworpen voor betrouwbare en<br \/>\n  Professionele kaartproductie.<\/p>\n<ul>\n<li>Capaciteit: tot 600 afdrukken<\/li>\n<li>Artikelnummer: LPS034NAA<\/li>\n<\/ul>\n<p><strong>Kompatibel med Evolis Primacy, Primacy 2 och<br \/>\n  Voorschot.<\/strong><\/p>\n<p><strong>Productgewicht:<\/strong> 0,40 kg<\/p>","protected":false},"excerpt":{"rendered":"<p>F\u00e4rgband Evolis &#8211; LPS034NAA, smart cut (600 utskrifter) F\u00e4rgband Evolis &#8211; LPS034NAA, smart cut (600 utskrifter) \u00e4r ett originaltillbeh\u00f6r f\u00f6r kortskrivare som \u00e4r anpassat f\u00f6r p\u00e5litlig och professionell kortproduktion. Kapacitet:<\/p>","protected":false},"featured_media":156461,"template":"","meta":{"_acf_changed":false},"product_brand":[],"product_cat":[4855,4858,4859],"product_tag":[4863],"class_list":{"0":"post-156464","1":"product","2":"type-product","3":"status-publish","4":"has-post-thumbnail","6":"product_cat-avansia","7":"product_cat-primacy","8":"product_cat-primacy-2","9":"product_tag-pf","10":"pa_brands-evolis","11":"tm-no-options","13":"first","14":"instock","15":"sale","16":"taxable","17":"shipping-taxable","18":"purchasable","19":"product-type-simple"},"acf":[],"_links":{"self":[{"href":"https:\/\/secureus.se\/nl\/wp-json\/wp\/v2\/product\/156464","targetHints":{"allow":["GET"]}}],"collection":[{"href":"https:\/\/secureus.se\/nl\/wp-json\/wp\/v2\/product"}],"about":[{"href":"https:\/\/secureus.se\/nl\/wp-json\/wp\/v2\/types\/product"}],"wp:featuredmedia":[{"embeddable":true,"href":"https:\/\/secureus.se\/nl\/wp-json\/wp\/v2\/media\/156461"}],"wp:attachment":[{"href":"https:\/\/secureus.se\/nl\/wp-json\/wp\/v2\/media?parent=156464"}],"wp:term":[{"taxonomy":"product_brand","embeddable":true,"href":"https:\/\/secureus.se\/nl\/wp-json\/wp\/v2\/product_brand?post=156464"},{"taxonomy":"product_cat","embeddable":true,"href":"https:\/\/secureus.se\/nl\/wp-json\/wp\/v2\/product_cat?post=156464"},{"taxonomy":"product_tag","embeddable":true,"href":"https:\/\/secureus.se\/nl\/wp-json\/wp\/v2\/product_tag?post=156464"}],"curies":[{"name":"wp","href":"https:\/\/api.w.org\/{rel}","templated":true}]}}