{"id":156559,"date":"2025-09-11T16:15:46","date_gmt":"2025-09-11T14:15:46","guid":{"rendered":"https:\/\/secureus.se\/magicard-ma450ymcko-half-panel-colour-ribbon-450-prints\/"},"modified":"2026-05-06T09:43:50","modified_gmt":"2026-05-06T07:43:50","slug":"magicard-ma450ymcko-half-panel-colour-ribbon-450-prints","status":"publish","type":"product","link":"https:\/\/secureus.se\/nl\/magicard-ma450ymcko-half-panel-colour-ribbon-450-prints\/","title":{"rendered":"Magicard MA450YMCKO halfpaneellint (450 afdrukken)"},"content":{"rendered":"<h1>Lintje<br \/>\n  Magicard - MA450YMCKO, half paneel (450 afdrukken)<\/h1>\n<p>Magicard-lint \u2013 MA450YMCKO, half paneel (450 afdrukken) is een<br \/>\n  Lint voor het bedrukken van plastic kaarten met scherpe kleuren, duidelijke tekst en goede kwaliteit.<br \/>\n  Gedetailleerde reproductie. Het YMCKO-linttype biedt de juiste combinatie van kleurpanelen en<br \/>\n  Beschermende folie voor professioneel kaartdrukwerk.<\/p>\n<p>Geschikt voor identiteitskaarten, toegangskaarten, lidmaatschapskaarten en andere documenten.<br \/>\n  plastic kaarten met een hoge afdrukkwaliteit en betrouwbaarheid.<br \/>\n  belangrijk.<\/p>\n<ul>\n<li>Capaciteit: tot 450 afdrukken<\/li>\n<li>Type lint: YMCKO<\/li>\n<li>Artikelnummer: ENHP<\/li>\n<\/ul>\n<p><strong>Compatibel met Magicard Rio Pro, Rio Pro 360 en Enduro.<br \/>\n  en Pronto.<\/strong><\/p>\n<p><strong>Productgewicht:<\/strong> 0,10 kg<\/p>","protected":false},"excerpt":{"rendered":"<p>F\u00e4rgband Magicard &#8211; MA450YMCKO, halvpanel (450 utskrifter) F\u00e4rgband Magicard &#8211; MA450YMCKO, halvpanel (450 utskrifter) \u00e4r ett f\u00e4rgband f\u00f6r utskrift av plastkort med skarpa f\u00e4rger, tydlig text och bra detalj\u00e5tergivning. Bandtypen<\/p>","protected":false},"featured_media":156558,"template":"","meta":{"_acf_changed":false},"product_brand":[],"product_cat":[3216,4839,4837,4833,4834],"product_tag":[4863],"class_list":{"0":"post-156559","1":"product","2":"type-product","3":"status-publish","4":"has-post-thumbnail","6":"product_cat-magicard-fargband-retransfer","7":"product_cat-magicard-enduro-band","8":"product_cat-magicard-pronto-band","9":"product_cat-magicard-rio-pro-360-band","10":"product_cat-magicard-rio-pro-ribbons","11":"product_tag-pf","12":"pa_brands-magicard","13":"tm-has-options","15":"first","16":"instock","17":"sale","18":"taxable","19":"shipping-taxable","20":"purchasable","21":"product-type-simple"},"acf":[],"_links":{"self":[{"href":"https:\/\/secureus.se\/nl\/wp-json\/wp\/v2\/product\/156559","targetHints":{"allow":["GET"]}}],"collection":[{"href":"https:\/\/secureus.se\/nl\/wp-json\/wp\/v2\/product"}],"about":[{"href":"https:\/\/secureus.se\/nl\/wp-json\/wp\/v2\/types\/product"}],"wp:featuredmedia":[{"embeddable":true,"href":"https:\/\/secureus.se\/nl\/wp-json\/wp\/v2\/media\/156558"}],"wp:attachment":[{"href":"https:\/\/secureus.se\/nl\/wp-json\/wp\/v2\/media?parent=156559"}],"wp:term":[{"taxonomy":"product_brand","embeddable":true,"href":"https:\/\/secureus.se\/nl\/wp-json\/wp\/v2\/product_brand?post=156559"},{"taxonomy":"product_cat","embeddable":true,"href":"https:\/\/secureus.se\/nl\/wp-json\/wp\/v2\/product_cat?post=156559"},{"taxonomy":"product_tag","embeddable":true,"href":"https:\/\/secureus.se\/nl\/wp-json\/wp\/v2\/product_tag?post=156559"}],"curies":[{"name":"wp","href":"https:\/\/api.w.org\/{rel}","templated":true}]}}