{"id":156620,"date":"2025-09-11T16:35:41","date_gmt":"2025-09-11T14:35:41","guid":{"rendered":"https:\/\/secureus.se\/fargo-84810-ymc-colour-ribbon-750-prints\/"},"modified":"2026-04-23T12:33:47","modified_gmt":"2026-04-23T10:33:47","slug":"fargo-84810-ymc-colour-ribbon-750-prints","status":"publish","type":"product","link":"https:\/\/secureus.se\/nl\/fargo-84810-ymc-colour-ribbon-750-prints\/","title":{"rendered":"Fargo YMC-lint \u2013 84810 (750 afdrukken)"},"content":{"rendered":"<h1>Lintje<br \/>\n  Fargo YMC &#8211; 84810 (750 utskrifter)<\/h1>\n<p>F\u00e4rgband Fargo YMC &#8211; 84810 (750 utskrifter) \u00e4r ett f\u00e4rgband f\u00f6r<br \/>\n  Het bedrukken van plastic kaarten met heldere kleuren, duidelijke tekst en een goede kwaliteit.<br \/>\n  Het YMC-linttype biedt de juiste combinatie van kleurpanelen voor<br \/>\n  Professioneel kaarten drukken.<\/p>\n<p>Geschikt voor identiteitskaarten, toegangskaarten, lidmaatschapskaarten en andere documenten.<br \/>\n  plastic kaarten met een hoge afdrukkwaliteit en betrouwbaarheid.<br \/>\n  belangrijk.<\/p>\n<ul>\n<li>Capaciteit: tot 750 afdrukken<\/li>\n<li>Type tape: YMC<\/li>\n<li>Artikelnummer: 84810<\/li>\n<\/ul>\n<p><strong>Compatibel met Fargo<br \/>\n  HDP8500.<\/strong><\/p>\n<p><strong>Productgewicht:<\/strong> 0,25 kg<\/p>","protected":false},"excerpt":{"rendered":"<p>F\u00e4rgband Fargo YMC &#8211; 84810 (750 utskrifter) F\u00e4rgband Fargo YMC &#8211; 84810 (750 utskrifter) \u00e4r ett f\u00e4rgband f\u00f6r utskrift av plastkort med skarpa f\u00e4rger, tydlig text och bra detalj\u00e5tergivning. Bandtypen<\/p>","protected":false},"featured_media":156619,"template":"","meta":{"_acf_changed":false},"product_brand":[],"product_cat":[4853],"product_tag":[4863],"class_list":{"0":"post-156620","1":"product","2":"type-product","3":"status-publish","4":"has-post-thumbnail","6":"product_cat-hdp8500-band","7":"product_tag-pf","8":"pa_brands-fargo","9":"tm-no-options","11":"first","12":"outofstock","13":"sale","14":"taxable","15":"shipping-taxable","16":"purchasable","17":"product-type-simple"},"acf":[],"_links":{"self":[{"href":"https:\/\/secureus.se\/nl\/wp-json\/wp\/v2\/product\/156620","targetHints":{"allow":["GET"]}}],"collection":[{"href":"https:\/\/secureus.se\/nl\/wp-json\/wp\/v2\/product"}],"about":[{"href":"https:\/\/secureus.se\/nl\/wp-json\/wp\/v2\/types\/product"}],"wp:featuredmedia":[{"embeddable":true,"href":"https:\/\/secureus.se\/nl\/wp-json\/wp\/v2\/media\/156619"}],"wp:attachment":[{"href":"https:\/\/secureus.se\/nl\/wp-json\/wp\/v2\/media?parent=156620"}],"wp:term":[{"taxonomy":"product_brand","embeddable":true,"href":"https:\/\/secureus.se\/nl\/wp-json\/wp\/v2\/product_brand?post=156620"},{"taxonomy":"product_cat","embeddable":true,"href":"https:\/\/secureus.se\/nl\/wp-json\/wp\/v2\/product_cat?post=156620"},{"taxonomy":"product_tag","embeddable":true,"href":"https:\/\/secureus.se\/nl\/wp-json\/wp\/v2\/product_tag?post=156620"}],"curies":[{"name":"wp","href":"https:\/\/api.w.org\/{rel}","templated":true}]}}