{"id":156622,"date":"2025-09-11T16:35:45","date_gmt":"2025-09-11T14:35:45","guid":{"rendered":"https:\/\/secureus.se\/fargo-45109-ymcfko-uv-ribbon-200-prints\/"},"modified":"2026-04-08T17:01:57","modified_gmt":"2026-04-08T15:01:57","slug":"fargo-45109-ymcfko-uv-ribbon-200-prints","status":"publish","type":"product","link":"https:\/\/secureus.se\/nl\/fargo-45109-ymcfko-uv-ribbon-200-prints\/","title":{"rendered":"F\u00e4rgband Fargo YMCFKO &#8211;\n  45109 (200 utskrifter)"},"content":{"rendered":"<h1>Lintje<br \/>\n  Fargo YMCFKO &#8211; 45109 (200 utskrifter)<\/h1>\n<p>F\u00e4rgband Fargo YMCFKO &#8211; 45109 (200 utskrifter) \u00e4r ett f\u00e4rgband f\u00f6r<br \/>\n  Het bedrukken van plastic kaarten met heldere kleuren, duidelijke tekst en een goede kwaliteit.<br \/>\n  detalj\u00e5tergivning. Bandtypen YMCFKO ger r\u00e4tt kombination av f\u00e4rgpaneler och<br \/>\n  Beschermende folie voor professioneel kaartdrukwerk.<\/p>\n<p>Geschikt voor identiteitskaarten, toegangskaarten, lidmaatschapskaarten en andere documenten.<br \/>\n  plastic kaarten met een hoge afdrukkwaliteit en betrouwbaarheid.<br \/>\n  belangrijk.<\/p>\n<ul>\n<li>Capaciteit: tot 200 afdrukken<\/li>\n<li>Bandtyp: YMCFKO<\/li>\n<li>UV-best\u00e4ndigt skydd<\/li>\n<li>Artikelnummer: 45109<\/li>\n<\/ul>\n<p><strong>Kompatibel med Fargo DTC4000 och<br \/>\n  DTC4250e.<\/strong><\/p>\n<p><strong>Productgewicht:<\/strong> 0,15 kg<\/p>","protected":false},"excerpt":{"rendered":"<p>F\u00e4rgband Fargo YMCFKO &#8211; 45109 (200 utskrifter) F\u00e4rgband Fargo YMCFKO &#8211; 45109 (200 utskrifter) \u00e4r ett f\u00e4rgband f\u00f6r utskrift av plastkort med skarpa f\u00e4rger, tydlig text och bra detalj\u00e5tergivning. Bandtypen<\/p>","protected":false},"featured_media":0,"template":"","meta":{"_acf_changed":false},"product_brand":[],"product_cat":[4844,4845],"product_tag":[4863],"class_list":{"0":"post-156622","1":"product","2":"type-product","3":"status-publish","5":"product_cat-dtc4000-band","6":"product_cat-dtc4250-band","7":"product_tag-pf","8":"pa_brands-fargo","9":"tm-no-options","11":"first","12":"outofstock","13":"sale","14":"taxable","15":"shipping-taxable","16":"purchasable","17":"product-type-simple"},"acf":[],"_links":{"self":[{"href":"https:\/\/secureus.se\/nl\/wp-json\/wp\/v2\/product\/156622","targetHints":{"allow":["GET"]}}],"collection":[{"href":"https:\/\/secureus.se\/nl\/wp-json\/wp\/v2\/product"}],"about":[{"href":"https:\/\/secureus.se\/nl\/wp-json\/wp\/v2\/types\/product"}],"wp:attachment":[{"href":"https:\/\/secureus.se\/nl\/wp-json\/wp\/v2\/media?parent=156622"}],"wp:term":[{"taxonomy":"product_brand","embeddable":true,"href":"https:\/\/secureus.se\/nl\/wp-json\/wp\/v2\/product_brand?post=156622"},{"taxonomy":"product_cat","embeddable":true,"href":"https:\/\/secureus.se\/nl\/wp-json\/wp\/v2\/product_cat?post=156622"},{"taxonomy":"product_tag","embeddable":true,"href":"https:\/\/secureus.se\/nl\/wp-json\/wp\/v2\/product_tag?post=156622"}],"curies":[{"name":"wp","href":"https:\/\/api.w.org\/{rel}","templated":true}]}}