{"id":156624,"date":"2025-09-11T16:35:46","date_gmt":"2025-09-11T14:35:46","guid":{"rendered":"https:\/\/secureus.se\/fargo-82603-polyguard-overlaminate-250-prints\/"},"modified":"2026-04-08T16:27:26","modified_gmt":"2026-04-08T14:27:26","slug":"fargo-82603-polyguard-overlaminate-250-prints","status":"publish","type":"product","link":"https:\/\/secureus.se\/nl\/fargo-82603-polyguard-overlaminate-250-prints\/","title":{"rendered":"Lamineerfolie Fargo - 82603 (250 afdrukken)"},"content":{"rendered":"<h1>Lamineerfolie<br \/>\n  Fargo &#8211; 82603 (250 utskrifter)<\/h1>\n<p>Lamineringsfilm Fargo &#8211; 82603 (250 utskrifter) \u00e4r ett svart<br \/>\n  monochroom lint geschikt voor duidelijke tekst, eenvoudige lijntekeningen en<br \/>\n  Leesbare barcodes op plastic kaarten.<\/p>\n<p>Geschikt voor identiteitskaarten, toegangskaarten, lidmaatschapskaarten en andere documenten.<br \/>\n  plastic kaarten met een hoge afdrukkwaliteit en betrouwbaarheid.<br \/>\n  belangrijk.<\/p>\n<ul>\n<li>Capaciteit: tot 250 afdrukken<\/li>\n<li>Bandtype: Zwart monochroom<\/li>\n<li>Biedt extra visuele beveiliging met holografisch effect.<\/li>\n<li>Orbit-ontwerp voor verhoogde veiligheid<\/li>\n<\/ul>\n<p><strong>Kompatibel med Fargo DTC4500, HDP5000 och<br \/>\n  HDP8500.<\/strong><\/p>\n<p><strong>Productgewicht:<\/strong> 0,20 kg<\/p>","protected":false},"excerpt":{"rendered":"<p>Lamineringsfilm Fargo &#8211; 82603 (250 utskrifter) Lamineringsfilm Fargo &#8211; 82603 (250 utskrifter) \u00e4r ett svart monokromt f\u00e4rgband som passar f\u00f6r tydlig text, enkla linjegrafiker och l\u00e4sbara streckkoder p\u00e5 plastkort. Passar<\/p>","protected":false},"featured_media":156623,"template":"","meta":{"_acf_changed":false},"product_brand":[],"product_cat":[4846,4851,4853],"product_tag":[4863],"class_list":{"0":"post-156624","1":"product","2":"type-product","3":"status-publish","4":"has-post-thumbnail","6":"product_cat-dtc4500-band","7":"product_cat-hdp5000e-band","8":"product_cat-hdp8500-band","9":"product_tag-pf","10":"pa_brands-fargo","11":"tm-no-options","13":"first","14":"outofstock","15":"sale","16":"taxable","17":"shipping-taxable","18":"purchasable","19":"product-type-simple"},"acf":[],"_links":{"self":[{"href":"https:\/\/secureus.se\/nl\/wp-json\/wp\/v2\/product\/156624","targetHints":{"allow":["GET"]}}],"collection":[{"href":"https:\/\/secureus.se\/nl\/wp-json\/wp\/v2\/product"}],"about":[{"href":"https:\/\/secureus.se\/nl\/wp-json\/wp\/v2\/types\/product"}],"wp:featuredmedia":[{"embeddable":true,"href":"https:\/\/secureus.se\/nl\/wp-json\/wp\/v2\/media\/156623"}],"wp:attachment":[{"href":"https:\/\/secureus.se\/nl\/wp-json\/wp\/v2\/media?parent=156624"}],"wp:term":[{"taxonomy":"product_brand","embeddable":true,"href":"https:\/\/secureus.se\/nl\/wp-json\/wp\/v2\/product_brand?post=156624"},{"taxonomy":"product_cat","embeddable":true,"href":"https:\/\/secureus.se\/nl\/wp-json\/wp\/v2\/product_cat?post=156624"},{"taxonomy":"product_tag","embeddable":true,"href":"https:\/\/secureus.se\/nl\/wp-json\/wp\/v2\/product_tag?post=156624"}],"curies":[{"name":"wp","href":"https:\/\/api.w.org\/{rel}","templated":true}]}}