{"id":156638,"date":"2025-09-11T16:35:42","date_gmt":"2025-09-11T14:35:42","guid":{"rendered":"https:\/\/secureus.se\/fargo-84922-ymckk-colour-ribbon-600-prints\/"},"modified":"2026-04-23T12:32:48","modified_gmt":"2026-04-23T10:32:48","slug":"fargo-84922-ymckk-colour-ribbon-600-prints","status":"publish","type":"product","link":"https:\/\/secureus.se\/nl\/fargo-84922-ymckk-colour-ribbon-600-prints\/","title":{"rendered":"Fargo YMCKK-lint \u2013 84922 (600 afdrukken)"},"content":{"rendered":"<h1>Lintje<br \/>\n  Fargo YMCKK &#8211; 84922 (600 utskrifter)<\/h1>\n<p>F\u00e4rgband Fargo YMCKK &#8211; 84922 (600 utskrifter) \u00e4r ett f\u00e4rgband f\u00f6r<br \/>\n  Het bedrukken van plastic kaarten met heldere kleuren, duidelijke tekst en een goede kwaliteit.<br \/>\n  Het YMCKK-linttype biedt de juiste combinatie van kleurpanelen voor<br \/>\n  Professioneel kaarten drukken.<\/p>\n<p>Geschikt voor identiteitskaarten, toegangskaarten, lidmaatschapskaarten en andere documenten.<br \/>\n  plastic kaarten met een hoge afdrukkwaliteit en betrouwbaarheid.<br \/>\n  belangrijk.<\/p>\n<ul>\n<li>Capaciteit: tot 600 afdrukken<\/li>\n<li>Type lint: YMCKK<\/li>\n<li>Geschikt voor dubbelzijdig kaartbedrukking.<\/li>\n<li>Artikelnummer: \u2013<\/li>\n<\/ul>\n<p><strong>Compatibel met Fargo<br \/>\n  HDP6600.<\/strong><\/p>\n<p><strong>Productgewicht:<\/strong> 0,20 kg<\/p>","protected":false},"excerpt":{"rendered":"<p>F\u00e4rgband Fargo YMCKK &#8211; 84922 (600 utskrifter) F\u00e4rgband Fargo YMCKK &#8211; 84922 (600 utskrifter) \u00e4r ett f\u00e4rgband f\u00f6r utskrift av plastkort med skarpa f\u00e4rger, tydlig text och bra detalj\u00e5tergivning. Bandtypen<\/p>","protected":false},"featured_media":156637,"template":"","meta":{"_acf_changed":false},"product_brand":[],"product_cat":[4852],"product_tag":[4863],"class_list":{"0":"post-156638","1":"product","2":"type-product","3":"status-publish","4":"has-post-thumbnail","6":"product_cat-hdp6600-band","7":"product_tag-pf","8":"pa_brands-fargo","9":"tm-no-options","11":"first","12":"instock","13":"sale","14":"taxable","15":"shipping-taxable","16":"purchasable","17":"product-type-simple"},"acf":[],"_links":{"self":[{"href":"https:\/\/secureus.se\/nl\/wp-json\/wp\/v2\/product\/156638","targetHints":{"allow":["GET"]}}],"collection":[{"href":"https:\/\/secureus.se\/nl\/wp-json\/wp\/v2\/product"}],"about":[{"href":"https:\/\/secureus.se\/nl\/wp-json\/wp\/v2\/types\/product"}],"wp:featuredmedia":[{"embeddable":true,"href":"https:\/\/secureus.se\/nl\/wp-json\/wp\/v2\/media\/156637"}],"wp:attachment":[{"href":"https:\/\/secureus.se\/nl\/wp-json\/wp\/v2\/media?parent=156638"}],"wp:term":[{"taxonomy":"product_brand","embeddable":true,"href":"https:\/\/secureus.se\/nl\/wp-json\/wp\/v2\/product_brand?post=156638"},{"taxonomy":"product_cat","embeddable":true,"href":"https:\/\/secureus.se\/nl\/wp-json\/wp\/v2\/product_cat?post=156638"},{"taxonomy":"product_tag","embeddable":true,"href":"https:\/\/secureus.se\/nl\/wp-json\/wp\/v2\/product_tag?post=156638"}],"curies":[{"name":"wp","href":"https:\/\/api.w.org\/{rel}","templated":true}]}}