{"id":160164,"date":"2025-11-21T11:12:30","date_gmt":"2025-11-21T10:12:30","guid":{"rendered":"https:\/\/secureus.se\/?post_type=product&#038;p=160164"},"modified":"2026-04-09T11:18:35","modified_gmt":"2026-04-09T09:18:35","slug":"axis-30w-1-port-midspan-for-inomhusbruk-240v-ac-02172-002","status":"publish","type":"product","link":"https:\/\/secureus.se\/nl\/axis-30w-1-port-midspan-for-inomhusbruk-240v-ac-02172-002\/","title":{"rendered":"AXIS 30W 1-poorts midspan voor gebruik binnenshuis, 240V wisselstroom (02172-002)"},"content":{"rendered":"<h1>AXIS 30W 1-poorts midspan voor gebruik binnenshuis, 240V wisselstroom<\/h1>\n<p class=\"ds-markdown-paragraph\">De AXIS 30 W Midspan is een betrouwbare en energiezuinige 1-poorts PoE-injector (midspan) die is ontworpen om \u00e9\u00e9n krachtig netwerkapparaat effici\u00ebnt van stroom te voorzien.<\/p>\n<p class=\"ds-markdown-paragraph\">Het biedt een optimale oplossing voor situaties waarin bestaande netwerkswitches geen PoE-functionaliteit hebben of onvoldoende stroom kunnen leveren, waardoor het niet nodig is om te investeren in een volledig nieuwe switch of kostbare elektrische installaties aan te leggen.<\/p>\n<p class=\"ds-markdown-paragraph\"><strong>Een eenvoudige en kosteneffectieve Power over Ethernet-oplossing.<\/strong><br \/>\nDe kern van dit apparaat is het vermogen om zowel data als stroom te leveren via \u00e9\u00e9n enkele standaard Ethernetkabel (categorie 5e of hoger).<\/p>\n<p class=\"ds-markdown-paragraph\">Deze &quot;plug-and-play&quot;-oplossing vereenvoudigt de installatie van netwerkapparatuur aanzienlijk, met name op locaties waar de toegang tot stopcontacten beperkt of slecht is.<\/p>\n<p class=\"ds-markdown-paragraph\">De injector is compatibel met de IEEE 802.3af (PoE) en IEEE 802.3at (PoE+) standaarden, waardoor het een veelzijdige partner is voor een breed scala aan Axis-producten, van eenvoudige IP-camera&#039;s tot krachtigere apparaten zoals warmtebeeldcamera&#039;s en veiligheidsradars die tot 30 W vereisen.<\/p>\n<p class=\"ds-markdown-paragraph\"><strong>Technische voordelen en prestaties<\/strong><br \/>\nDe AXIS 30 W Midspan ondersteunt Gigabit Ethernet (10\/100\/1000 Mbps), waardoor de databandbreedte niet wordt beperkt terwijl het apparaat uw apparatuur van stroom voorziet.<\/p>\n<p class=\"ds-markdown-paragraph\">Het heeft een breed ingangsspanningsbereik van 100 tot 240 V wisselstroom, waardoor het geschikt is voor wereldwijd gebruik.<\/p>\n<p class=\"ds-markdown-paragraph\">De uitgangsspanning bedraagt 56 V DC met een maximaal vermogen van 30 W. Om energiezuinigheid te garanderen, verbruikt de midspan slechts 100 mW wanneer er geen apparaat is aangesloten.<\/p>\n<p class=\"ds-markdown-paragraph\">Het is voorzien van een led-indicator op het voorpaneel voor eenvoudige visuele controle van de stroom- en datatoevoer.<\/p>\n<p class=\"ds-markdown-paragraph\"><strong>Duurzaam ontwerp en veelzijdige montagemogelijkheden<\/strong><br \/>\nHet apparaat is vervaardigd in een duurzame, zwarte kunststof behuizing en is zowel PVC- als halogeenvrij, in lijn met de milieudoelstellingen van Axis.<\/p>\n<p class=\"ds-markdown-paragraph\">Het compacte ontwerp (30 x 46 x 140,1 mm) en het lage gewicht (145 g) maken het discreet en gemakkelijk te integreren in elke ruimte.<\/p>\n<p class=\"ds-markdown-paragraph\">Voor flexibele installatie kan het apparaat aan de muur worden gemonteerd, op een plank worden geplaatst of aan een standaard DIN-rail worden bevestigd met behulp van het apart verkrijgbare accessoire (AXIS T91A03 DIN-railclip).<\/p>\n<p class=\"ds-markdown-paragraph\"><strong>Robuuste bedrijfsomstandigheden en goedkeuringen<\/strong><br \/>\nDe AXIS 30 W Midspan is ontworpen voor betrouwbare werking binnen een temperatuurbereik van -20\u00b0C tot 40\u00b0C bij vol vermogen (30 W) en tot 55\u00b0C bij lager vermogen (15 W).<\/p>\n<p class=\"ds-markdown-paragraph\">Het product heeft strenge tests ondergaan en voldoet aan de relevante veiligheids- en EMC-normen, waaronder UL, CE, FCC en RoHS, wat zowel een veilige werking als een hoge kwaliteit garandeert.<\/p>\n<p class=\"ds-markdown-paragraph\"><strong>Samenvatting<\/strong><br \/>\nAXIS 30 W Midspan is de perfecte aanvulling op uw Axis-beveiligingsoplossing.<\/p>\n<p class=\"ds-markdown-paragraph\">Het neemt installatieproblemen weg doordat u energieverslindende apparaten eenvoudig kunt aansluiten waar u ze nodig hebt, zonder de netwerkprestaties te be\u00efnvloeden.<\/p>\n<p class=\"ds-markdown-paragraph\">Of u nu een bestaand systeem uitbreidt of nieuwe apparatuur installeert, deze verdeelkast biedt een betrouwbare, veilige en toekomstbestendige stroomvoorzieningsoplossing.<\/p>\n<p class=\"ds-markdown-paragraph\"><strong>Belangrijkste specificaties:<\/strong><\/p>\n<ul>\n<li>\n<p class=\"ds-markdown-paragraph\"><strong>Type:<\/strong>\u00a01-poorts PoE-injector (Midspan)<\/p>\n<\/li>\n<li>\n<p class=\"ds-markdown-paragraph\"><strong>PoE-standaard:<\/strong>\u00a0IEEE 802.3af (PoE) en IEEE 802.3at (PoE+)<\/p>\n<\/li>\n<li>\n<p class=\"ds-markdown-paragraph\"><strong>Maximaal uitgangsvermogen:<\/strong>\u00a030W<\/p>\n<\/li>\n<li>\n<p class=\"ds-markdown-paragraph\"><strong>Gegevensverplaatsing:<\/strong>\u00a010\/100\/1000 Mbps<\/p>\n<\/li>\n<li>\n<p class=\"ds-markdown-paragraph\"><strong>Ingangsspanning:<\/strong>\u00a0100-240V wisselstroom<\/p>\n<\/li>\n<li>\n<p class=\"ds-markdown-paragraph\"><strong>Montage:<\/strong>\u00a0Wandmontage, plankmontage, DIN-railmontage (accessoire)<\/p>\n<\/li>\n<li>\n<p class=\"ds-markdown-paragraph\"><strong>Garantie:<\/strong>\u00a03 jaar garantie<\/p>\n<\/li>\n<\/ul>\n<div class=\"sc-bczRLJ fySwpa\">\n<div class=\"sc-bczRLJ kEeNDb\"><\/div>\n<\/div>","protected":false},"excerpt":{"rendered":"<p>De AXIS 30 W Midspan is een compacte en effici\u00ebnte 1-poorts PoE-injector (midspan) die tot 30 W vermogen levert aan een netwerkapparaat via \u00e9\u00e9n enkele Ethernetkabel.<\/p>\n<p>Het is compatibel met zowel de IEEE 802.3af (15 W) als de IEEE 802.3at (30 W) standaarden, waardoor compatibiliteit met de meeste Axis netwerkproducten met ingebouwde PoE, zoals camera&#039;s en radars, gegarandeerd is.<\/p>","protected":false},"featured_media":160162,"template":"","meta":{"_acf_changed":false},"product_brand":[],"product_cat":[4951],"product_tag":[],"class_list":{"0":"post-160164","1":"product","2":"type-product","3":"status-publish","4":"has-post-thumbnail","6":"product_cat-axis-natverksuttag-poe","7":"pa_brands-axis","8":"tm-no-options","10":"first","11":"onbackorder","12":"sale","13":"taxable","14":"shipping-taxable","15":"purchasable","16":"product-type-simple"},"acf":[],"_links":{"self":[{"href":"https:\/\/secureus.se\/nl\/wp-json\/wp\/v2\/product\/160164","targetHints":{"allow":["GET"]}}],"collection":[{"href":"https:\/\/secureus.se\/nl\/wp-json\/wp\/v2\/product"}],"about":[{"href":"https:\/\/secureus.se\/nl\/wp-json\/wp\/v2\/types\/product"}],"wp:featuredmedia":[{"embeddable":true,"href":"https:\/\/secureus.se\/nl\/wp-json\/wp\/v2\/media\/160162"}],"wp:attachment":[{"href":"https:\/\/secureus.se\/nl\/wp-json\/wp\/v2\/media?parent=160164"}],"wp:term":[{"taxonomy":"product_brand","embeddable":true,"href":"https:\/\/secureus.se\/nl\/wp-json\/wp\/v2\/product_brand?post=160164"},{"taxonomy":"product_cat","embeddable":true,"href":"https:\/\/secureus.se\/nl\/wp-json\/wp\/v2\/product_cat?post=160164"},{"taxonomy":"product_tag","embeddable":true,"href":"https:\/\/secureus.se\/nl\/wp-json\/wp\/v2\/product_tag?post=160164"}],"curies":[{"name":"wp","href":"https:\/\/api.w.org\/{rel}","templated":true}]}}