{"id":160832,"date":"2025-12-11T13:46:44","date_gmt":"2025-12-11T12:46:44","guid":{"rendered":"https:\/\/secureus.se\/slutbleck-easy-fix-22mm-mattsvart\/"},"modified":"2026-04-08T15:05:07","modified_gmt":"2026-04-08T13:05:07","slug":"slutbleck-easy-fix-22mm-mattsvart","status":"publish","type":"product","link":"https:\/\/secureus.se\/nl\/slutbleck-easy-fix-22mm-mattsvart\/","title":{"rendered":"Eindkap Easy-Fix 2,2mm Mat zwart"},"content":{"rendered":"<p>De AGB Easy-Fix XT is een sluitplaat die is ontworpen om het deurfabrikanten en -installateurs gemakkelijk te maken. De sluitplaat bestaat uit een eenvoudige voorplaat die wordt aangevuld met een afdekplaat die er gemakkelijk op te klikken is. De afdekplaat is niet inbegrepen, zie onder &quot;Combineren met&quot;. Geschikt voor slotkasten Polaris 2XT en Revolution XT.<\/p>\n<p><b>Eigenschappen:<\/b><\/p>\n<ul>\n<li>Gemakkelijk te malen na gebruik<\/li>\n<li>Klikbare jas<\/li>\n<li>Breedte: 22 mm<\/li>\n<li>Lengte: 82 mm<\/li>\n<li>Dikte: 2,2 mm<\/li>\n<li>Tonggrootte: 3 of 5 mm zonder beschermkapje<\/li>\n<\/ul>","protected":false},"excerpt":{"rendered":"<p>AGB Easy-Fix XT \u00e4r ett slutbleck designats f\u00f6r att g\u00f6ra det enkelt f\u00f6r d\u00f6rrtillverkare och m\u00f6nt\u00f6rer. Slutblecket \u00e4r en enkel front pl\u00e5t som kompletteras med en kappa som enkelt klickas<\/p>","protected":false},"featured_media":160831,"template":"","meta":{"_acf_changed":false},"product_brand":[],"product_cat":[4891],"product_tag":[],"class_list":{"0":"post-160832","1":"product","2":"type-product","3":"status-publish","4":"has-post-thumbnail","6":"product_cat-slutbleck-och-tillbehor","7":"pa_brands-agb","8":"tm-no-options","10":"first","11":"instock","12":"taxable","13":"shipping-taxable","14":"purchasable","15":"product-type-simple"},"acf":[],"_links":{"self":[{"href":"https:\/\/secureus.se\/nl\/wp-json\/wp\/v2\/product\/160832","targetHints":{"allow":["GET"]}}],"collection":[{"href":"https:\/\/secureus.se\/nl\/wp-json\/wp\/v2\/product"}],"about":[{"href":"https:\/\/secureus.se\/nl\/wp-json\/wp\/v2\/types\/product"}],"wp:featuredmedia":[{"embeddable":true,"href":"https:\/\/secureus.se\/nl\/wp-json\/wp\/v2\/media\/160831"}],"wp:attachment":[{"href":"https:\/\/secureus.se\/nl\/wp-json\/wp\/v2\/media?parent=160832"}],"wp:term":[{"taxonomy":"product_brand","embeddable":true,"href":"https:\/\/secureus.se\/nl\/wp-json\/wp\/v2\/product_brand?post=160832"},{"taxonomy":"product_cat","embeddable":true,"href":"https:\/\/secureus.se\/nl\/wp-json\/wp\/v2\/product_cat?post=160832"},{"taxonomy":"product_tag","embeddable":true,"href":"https:\/\/secureus.se\/nl\/wp-json\/wp\/v2\/product_tag?post=160832"}],"curies":[{"name":"wp","href":"https:\/\/api.w.org\/{rel}","templated":true}]}}