{"id":161207,"date":"2022-07-04T07:51:01","date_gmt":"2022-07-04T05:51:01","guid":{"rendered":"https:\/\/secureus.se\/motorlas-6300-kpl-2\/"},"modified":"2026-02-26T17:34:51","modified_gmt":"2026-02-26T16:34:51","slug":"motorlas-6300-kpl-2","status":"publish","type":"product","link":"https:\/\/secureus.se\/nl\/motorlas-6300-kpl-2\/","title":{"rendered":"Safetron Motorslot 6300 kpl"},"content":{"rendered":"<p>SAFETRON motorslot 6300 in setverpakking. Het setpakket bevat: motorslot 6300, besturingseenheid CU2, aansluitkabel C04 (10m), eindplaat 106-5 en frameoverdracht CT81.<\/p>\n<p>Het motorslot 6300 in smal profielontwerp ontgrendelt in 0,2 seconde en daarom is bij hoogfrequente deuren normaal gesproken geen apart dagslot nodig. Typische toepassingsgebieden zijn dag-, nacht- en veiligheidssluitingen in handel, kantoren en industrie en waar hoge tot zeer hoge eisen aan de veiligheid worden gesteld. Motorslot 6300 is aangepast om samen te werken met deurautomatisering.<\/p>\n<p>Besturingseenheid CU2 heeft het breedste toepassingsbereik op de markt en is tegelijkertijd het meest gebruiksvriendelijk. Met CU2 kunnen twee motorsloten worden aangesloten zonder enige beperking in signaaluitwisseling, dit betekent dat CU2 feitelijk twee besturingseenheden in \u00e9\u00e9n is. Het is ook mogelijk om AUX-relais te programmeren voor de gewenste functie, b.v. volledige controle voor deurautomatisering of essenti\u00eble functies.<\/p>\n<p>Besturingsunit CU2 beschikt over automatische scanning, waardoor de installatie plug-and-play is. Er is geen initiatie nodig, maar het koppelen tussen apparaten vindt automatisch plaats na 12 uur, waarna de installatiedatum ook digitaal in de apparaten wordt ingesteld, vanaf wanneer de garantieperiode begint te gelden.<\/p>\n<p>Zowel de slotbehuizing als de besturingseenheid hebben een ingebouwd navigeerbaar display, waarmee de configuratie kan worden aangepast en informatie kan worden opgehaald van b.v. evenementen en installatiedata.<\/p>\n<p>\u2022 Gecertificeerd volgens SSF-3522 slotklasse 3, 4 en 5 en SS-EN 14846 klasse 7<\/p>\n<p>\u2022 Haakregel<\/p>\n<p>\u2022 Aangepast voor deurautomatisering<\/p>\n<p>\u2022 Tot 100 meter kabel<\/p>\n<p>\u2022 Automatische initialisatie<\/p>\n<p>\u2022 Doorndiepte 35 mm<\/p>\n<p>\u2022 Wordt gedurende 0,2 seconden uitgeschakeld<\/p>\n<p>\u2022 Te openen met sleutel\/knop (90 graden draaibaar)<\/p>\n<p>\u2022 Servicemodule in besturingseenheid<\/p>\n<p>\u2022 Gebeurtenislogboek<\/p>\n<p>\u2022 Foutcodelogboek<\/p>\n<p>\u2022 Serieschakeling, maximaal twee motorsloten op een besturingseenheid<\/p>\n<p>\u2022 Spanning: 10-48 VDC, 8-35 VAC, 60-300 mA<\/p>\n<p>\u2022 Temperatuur: -30\u00b0C tot +70\u00b0C<\/p>\n<p>\u2022 Past op Scandinavische ovale en ronde cilinders<\/p>","protected":false},"excerpt":{"rendered":"<p>SAFETRON motorl\u00e5s 6300 i satsf\u00f6rpackning. Satsf\u00f6rpackningen inneh\u00e5ller: motorl\u00e5s 6300, styrenhet CU2, anslutningskabel C04 (10m), slutbleck 106-5 samt karm\u00f6verf\u00f6ring CT81. Motorl\u00e5s 6300 i smalprofilutf\u00f6rande fr\u00e5nreglar under 0.2 sekunder och d\u00e4rf\u00f6r beh\u00f6vs<\/p>","protected":false},"featured_media":162720,"template":"","meta":{"_acf_changed":false},"product_brand":[],"product_cat":[2874],"product_tag":[4512,4542,4500,4866,4501],"class_list":{"0":"post-161207","1":"product","2":"type-product","3":"status-publish","4":"has-post-thumbnail","6":"product_cat-motorlas","7":"product_tag-motorlas-komplett-kpl","8":"product_tag-panikutrymning-nej","9":"product_tag-rel-safetron-motorlas","10":"product_tag-safetron-20","11":"product_tag-safetron-motorlas","12":"product_shipping_class-tunga-paket","13":"pa_brands-7safetron","14":"tm-has-options","16":"first","17":"instock","18":"sale","19":"featured","20":"taxable","21":"shipping-taxable","22":"purchasable","23":"product-type-simple"},"acf":[],"_links":{"self":[{"href":"https:\/\/secureus.se\/nl\/wp-json\/wp\/v2\/product\/161207","targetHints":{"allow":["GET"]}}],"collection":[{"href":"https:\/\/secureus.se\/nl\/wp-json\/wp\/v2\/product"}],"about":[{"href":"https:\/\/secureus.se\/nl\/wp-json\/wp\/v2\/types\/product"}],"wp:featuredmedia":[{"embeddable":true,"href":"https:\/\/secureus.se\/nl\/wp-json\/wp\/v2\/media\/162720"}],"wp:attachment":[{"href":"https:\/\/secureus.se\/nl\/wp-json\/wp\/v2\/media?parent=161207"}],"wp:term":[{"taxonomy":"product_brand","embeddable":true,"href":"https:\/\/secureus.se\/nl\/wp-json\/wp\/v2\/product_brand?post=161207"},{"taxonomy":"product_cat","embeddable":true,"href":"https:\/\/secureus.se\/nl\/wp-json\/wp\/v2\/product_cat?post=161207"},{"taxonomy":"product_tag","embeddable":true,"href":"https:\/\/secureus.se\/nl\/wp-json\/wp\/v2\/product_tag?post=161207"}],"curies":[{"name":"wp","href":"https:\/\/api.w.org\/{rel}","templated":true}]}}