{"id":161491,"date":"2026-01-12T14:11:32","date_gmt":"2026-01-12T13:11:32","guid":{"rendered":"https:\/\/secureus.se\/safetron-ellas-sl620-rattvand-generations-2\/"},"modified":"2026-01-22T11:06:48","modified_gmt":"2026-01-22T10:06:48","slug":"safetron-ellas-sl620-rattvand-generations-2","status":"publish","type":"product","link":"https:\/\/secureus.se\/nl\/safetron-ellas-sl620-rattvand-generations-2\/","title":{"rendered":"Safetron elektrisch slot SL620 rechtsdraaiend (2e generatie)"},"content":{"rendered":"<p>De SAFETRON SL620 Generatie 2 is de nieuwe versie van multifunctionele elektrische drukknopsloten met splitfunctie en gepatenteerde hybride technologie. De hybride technologie maakt het mogelijk om de positie van de plunjer aan te passen tussen de ASSA Connect- en de klassieke module. De SL620 heeft een naar rechts gerichte functie.<\/p>\n<p>Kies tussen gesplitst h\/w en eenvoudige functie via de functiekeuzeschakelaar van het slot. De splitfunctie houdt in dat de druk aan de buitenkant elektrisch wordt geregeld, terwijl de druk aan de binnenkant altijd mechanisch wordt ingeschakeld en daardoor altijd een mechanische uitgang mogelijk maakt. Eenvoudige bediening betekent dat beide duwknoppen zijn vergrendeld en dat er doorgangscontrole vanaf beide zijden van de deur nodig is.<\/p>\n<p>Indicatie wordt gegeven voor vergrendeling, drukbeweging, deurstatus via magneetcontact en knopindicatie.<\/p>\n<p>\u2022 Gesplitste of enkele functie<\/p>\n<p>\u2022 Hybride technologie: verstelbare zuigerplaatsing tussen ASSA connect\/classic<\/p>\n<p>\u2022 Brandgoedgekeurd: 120min<\/p>\n<p>\u2022 Rechts gerichte functie<\/p>\n<p>\u2022 Indicaties: vergrendeling, drukbeweging, knop- en deurstatus<\/p>\n<p>\u2022 Multispanning: 10-30VDC<\/p>\n<p>\u2022 Stroomverbruik: 40mA @ 24VDC<\/p>\n<p>\u2022 Goedgekeurde noodevacuatie samen met nooduitrusting 793 &amp; 794<\/p>\n<p>\u2022 Goedgekeurd met schakelkastregeltype T<\/p>","protected":false},"excerpt":{"rendered":"<p>SAFETRON SL620 Gneration 2 \u00e4r den nya version av multifunktionella eltryckesl\u00e5s med split funktion och patenterad hybridteknologi. Hybridteknologin ger m\u00f6jlighet att justera kolvplacering mellan ASSA connect och classic modul. SL620<\/p>","protected":false},"featured_media":142864,"template":"","meta":{"_acf_changed":false},"product_brand":[],"product_cat":[2429],"product_tag":[2286,4510,4866,4511],"class_list":{"0":"post-161491","1":"product","2":"type-product","3":"status-publish","4":"has-post-thumbnail","6":"product_cat-ellas","7":"product_tag-ellas-eltryckeslas","8":"product_tag-rel-safetron-eltryckeslas","9":"product_tag-safetron-20","10":"product_tag-safetron-eltryckeslas","11":"product_shipping_class-tunga-paket","12":"pa_brands-7safetron","13":"tm-has-options","15":"first","16":"instock","17":"sale","18":"featured","19":"taxable","20":"shipping-taxable","21":"purchasable","22":"product-type-simple"},"acf":[],"_links":{"self":[{"href":"https:\/\/secureus.se\/nl\/wp-json\/wp\/v2\/product\/161491","targetHints":{"allow":["GET"]}}],"collection":[{"href":"https:\/\/secureus.se\/nl\/wp-json\/wp\/v2\/product"}],"about":[{"href":"https:\/\/secureus.se\/nl\/wp-json\/wp\/v2\/types\/product"}],"wp:featuredmedia":[{"embeddable":true,"href":"https:\/\/secureus.se\/nl\/wp-json\/wp\/v2\/media\/142864"}],"wp:attachment":[{"href":"https:\/\/secureus.se\/nl\/wp-json\/wp\/v2\/media?parent=161491"}],"wp:term":[{"taxonomy":"product_brand","embeddable":true,"href":"https:\/\/secureus.se\/nl\/wp-json\/wp\/v2\/product_brand?post=161491"},{"taxonomy":"product_cat","embeddable":true,"href":"https:\/\/secureus.se\/nl\/wp-json\/wp\/v2\/product_cat?post=161491"},{"taxonomy":"product_tag","embeddable":true,"href":"https:\/\/secureus.se\/nl\/wp-json\/wp\/v2\/product_tag?post=161491"}],"curies":[{"name":"wp","href":"https:\/\/api.w.org\/{rel}","templated":true}]}}