{"id":161493,"date":"2022-07-04T07:50:02","date_gmt":"2022-07-04T05:50:02","guid":{"rendered":"https:\/\/secureus.se\/ellas-sl630\/"},"modified":"2026-03-18T12:11:00","modified_gmt":"2026-03-18T11:11:00","slug":"ellas-sl630","status":"publish","type":"product","link":"https:\/\/secureus.se\/nl\/ellas-sl630\/","title":{"rendered":"Safetron elektrisch slot SL630 (nieuwe generatie)"},"content":{"rendered":"<p>De SAFETRON SL630 (nieuwe generatie) is een elektromechanisch slot met gepatenteerde stripdruktechnologie. Het slot heeft een breed en uniek toepassingsgebied dat voldoet aan functionele eisen zoals elektrische activering, deurautomatisering, noodevacuatie, brandbeveiliging, gesplitste functies en herbezetting. Nooit eerder werden zoveel complexe functionele eisen door \u00e9\u00e9n en dezelfde slotbehuizing vervuld.<\/p>\n<p>De SAFETRON SL630 kan voordelig worden gebruikt in combinatie met deurautomatisering, maar is tegelijkertijd uitgerust met elektronisch geactiveerde drukken. Het slot is uitgerust met dubbele soleno\u00efden, \u00e9\u00e9n regelt de ontgrendeling van de dubbele functiebehuizing en de andere regelt de activering van de drukfunctie. Hierdoor kan er afzonderlijk verbinding worden gemaakt met respectievelijk deurautomatisering en doorgangssystemen.<\/p>\n<p>\u2022 Behuizing met dubbele functie: naar rechts gerichte functie<\/p>\n<p>\u2022 Indrukken: Omkeerfunctie<\/p>\n<p>De SAFETRON SL630 kan in split- of single-modus worden ingesteld, wat betekent dat de knoppen via elektronische activering van beide kanten openen.<\/p>\n<p>SAFETRON SL630 is gecertificeerd en CE-gemarkeerd voor gebruik in brandcelgrenzen van de hoogste brandtechnische klasse: 120min.<\/p>\n<p>SAFETRON SL630 kan worden uitgerust met twee verschillende vluchtwegbeslag: 793 of 794. Kies 793 voor de drukpositie wanneer het slot in splitfunctie is gezet of 794 voor de cilinderpositie wanneer het slot in enkele functie is gezet of wanneer de trekgreep is te gebruiken.<\/p>\n<p>De SAFETRON SL630 voldoet ook aan de eisen voor herhuisvesting. De drukfunctie van het slot heeft de tegenovergestelde functie en daardoor wordt herhuisvesting geactiveerd door de spanning in de deuromgeving af te breken. De storing kan plaatsvinden door een geactiveerd brandalarm of door een geactiveerd noodarmatuur 794 in combinatie met de SAFETRON REC (Re-entry card) relaiskaart.<\/p>\n<p>\u2022 Gesplitste of enkele functie<\/p>\n<p>\u2022 Lijst printtechnologie<\/p>\n<p>\u2022 Brandgoedgekeurd: 120min<\/p>\n<p>\u2022 Aangepast voor deurautomatisering<\/p>\n<p>\u2022 Moderne zuigerplaatsing<\/p>\n<p>\u2022 Vooruit- en achteruitfunctie<\/p>\n<p>\u2022 Noodevacuatie volgens SS-EN 179<\/p>\n<p>\u2022 Indicaties: vergrendeling, drukbeweging, cilinder- en deurstatus<\/p>\n<p>\u2022 Multispanning: 10-30VDC<\/p>\n<p>\u2022 Goedgekeurde noodevacuatie samen met nooduitrusting 793 &amp; 794<\/p>\n<p>\u2022 Herbewoning door storing van het brandalarm of via SAFETRON REC (Re-entry-kaart)<\/p>","protected":false},"excerpt":{"rendered":"<p>SAFETRON SL630 (nya geneationen)\u00a0 \u00e4r ett elektromekaniskt l\u00e5s med patents\u00f6kt listtrycksteknik. L\u00e5set har ett brett och unikt anv\u00e4ndningsomr\u00e5de som t\u00e4cker in funktionskrav s\u00e5som elektrisk aktivering, d\u00f6rrautomatik, n\u00f6dutrymning, brandigenh\u00e5llning, splitfunktion samt<\/p>","protected":false},"featured_media":142242,"template":"","meta":{"_acf_changed":false},"product_brand":[],"product_cat":[2429],"product_tag":[2286,4510,4866,4511],"class_list":{"0":"post-161493","1":"product","2":"type-product","3":"status-publish","4":"has-post-thumbnail","6":"product_cat-ellas","7":"product_tag-ellas-eltryckeslas","8":"product_tag-rel-safetron-eltryckeslas","9":"product_tag-safetron-20","10":"product_tag-safetron-eltryckeslas","11":"product_shipping_class-tunga-paket","12":"pa_brands-7safetron","13":"tm-no-options","15":"first","16":"instock","17":"sale","18":"featured","19":"taxable","20":"shipping-taxable","21":"purchasable","22":"product-type-simple"},"acf":[],"_links":{"self":[{"href":"https:\/\/secureus.se\/nl\/wp-json\/wp\/v2\/product\/161493","targetHints":{"allow":["GET"]}}],"collection":[{"href":"https:\/\/secureus.se\/nl\/wp-json\/wp\/v2\/product"}],"about":[{"href":"https:\/\/secureus.se\/nl\/wp-json\/wp\/v2\/types\/product"}],"wp:featuredmedia":[{"embeddable":true,"href":"https:\/\/secureus.se\/nl\/wp-json\/wp\/v2\/media\/142242"}],"wp:attachment":[{"href":"https:\/\/secureus.se\/nl\/wp-json\/wp\/v2\/media?parent=161493"}],"wp:term":[{"taxonomy":"product_brand","embeddable":true,"href":"https:\/\/secureus.se\/nl\/wp-json\/wp\/v2\/product_brand?post=161493"},{"taxonomy":"product_cat","embeddable":true,"href":"https:\/\/secureus.se\/nl\/wp-json\/wp\/v2\/product_cat?post=161493"},{"taxonomy":"product_tag","embeddable":true,"href":"https:\/\/secureus.se\/nl\/wp-json\/wp\/v2\/product_tag?post=161493"}],"curies":[{"name":"wp","href":"https:\/\/api.w.org\/{rel}","templated":true}]}}