{"id":161660,"date":"2026-01-22T11:14:23","date_gmt":"2026-01-22T10:14:23","guid":{"rendered":"https:\/\/secureus.se\/?post_type=product&#038;p=161660"},"modified":"2026-01-22T11:14:25","modified_gmt":"2026-01-22T10:14:25","slug":"monteringsstolpe-st6515","status":"publish","type":"product","link":"https:\/\/secureus.se\/nl\/monteringsstolpe-st6515\/","title":{"rendered":"Montagepaal ST6515"},"content":{"rendered":"<h3>Productbeschrijving:<\/h3>\n<div class=\"mt-sm\">\n<div class=\"article-description mb-sm\">\n<div>Voor houten of metalen kozijnen (gelijkwaardig aan massief 730T staal). Voor enkel- en dubbelbladige sloten, module- of evolutiesloten.<\/div>\n<div><b>Eigenschappen:<\/b><\/div>\n<div>\n<ul>\n<li>Tongmaat: 15 mm<\/li>\n<li>Afmetingen: 40 \u00d7 245 mm<\/li>\n<li>Plat of schuin: schuin<\/li>\n<\/ul>\n<\/div>\n<div><b>\u00a0<\/b><\/div>\n<div><b>Geschikt voor:<\/b><\/div>\n<div>STAP 60 Stil<\/div>\n<\/div>\n<\/div>","protected":false},"excerpt":{"rendered":"<p>Beskrivning av produkten: F\u00f6r tr\u00e4- eller metallkarmar, (motsvarar solid 730T). F\u00f6r enkel- och dubbelfall\u00e5s modul eller evolution. Egenskaper: Pl\u00f6sm\u00e5tt: 15 mm M\u00e5tt: 40&#215;245 mm Plan eller vinklad: Vinklad \u00a0 Passar<\/p>","protected":false},"featured_media":161661,"template":"","meta":{"_acf_changed":false},"product_brand":[],"product_cat":[3355],"product_tag":[],"class_list":{"0":"post-161660","1":"product","2":"type-product","3":"status-publish","4":"has-post-thumbnail","6":"product_cat-elslutbleck","7":"tm-no-options","9":"first","10":"instock","11":"sale","12":"taxable","13":"shipping-taxable","14":"purchasable","15":"product-type-simple"},"acf":[],"_links":{"self":[{"href":"https:\/\/secureus.se\/nl\/wp-json\/wp\/v2\/product\/161660","targetHints":{"allow":["GET"]}}],"collection":[{"href":"https:\/\/secureus.se\/nl\/wp-json\/wp\/v2\/product"}],"about":[{"href":"https:\/\/secureus.se\/nl\/wp-json\/wp\/v2\/types\/product"}],"wp:featuredmedia":[{"embeddable":true,"href":"https:\/\/secureus.se\/nl\/wp-json\/wp\/v2\/media\/161661"}],"wp:attachment":[{"href":"https:\/\/secureus.se\/nl\/wp-json\/wp\/v2\/media?parent=161660"}],"wp:term":[{"taxonomy":"product_brand","embeddable":true,"href":"https:\/\/secureus.se\/nl\/wp-json\/wp\/v2\/product_brand?post=161660"},{"taxonomy":"product_cat","embeddable":true,"href":"https:\/\/secureus.se\/nl\/wp-json\/wp\/v2\/product_cat?post=161660"},{"taxonomy":"product_tag","embeddable":true,"href":"https:\/\/secureus.se\/nl\/wp-json\/wp\/v2\/product_tag?post=161660"}],"curies":[{"name":"wp","href":"https:\/\/api.w.org\/{rel}","templated":true}]}}