{"id":162589,"date":"2025-09-15T11:16:44","date_gmt":"2025-09-15T09:16:44","guid":{"rendered":"https:\/\/secureus.se\/?post_type=product&#038;p=162589"},"modified":"2026-04-27T04:36:29","modified_gmt":"2026-04-27T02:36:29","slug":"securex-heatsense-10-arsbatteri","status":"publish","type":"product","link":"https:\/\/secureus.se\/nl\/securex-heatsense-10-arsbatteri\/","title":{"rendered":"SecureX HeatSense \u2013 Warmtedetector met 10 jaar batterijcertificaat BS446-2"},"content":{"rendered":"<h2 data-start=\"335\" data-end=\"400\">SecureX HeatSense \u2013 warmtedetector met 10 jaar batterijduur (BS5446-2)<\/h2>\n<p data-start=\"402\" data-end=\"690\">SecureX HeatSense is een <strong data-start=\"426\" data-end=\"471\">gecertificeerde warmtedetector volgens BS5446-2<\/strong>Dit apparaat is ontworpen om abnormale temperatuurstijgingen te detecteren die op brand kunnen duiden. Het is bijzonder geschikt voor omgevingen waar rookmelders vaak vals alarm geven, zoals keukens, garages, werkplaatsen en stoffige ruimtes.<\/p>\n<p data-start=\"692\" data-end=\"851\">In geval van een gevaarlijke temperatuurstijging, een <strong data-start=\"733\" data-end=\"774\">krachtige sirene van \u226585 dB (op 3 meter afstand)<\/strong> in combinatie met een duidelijke led-indicator, zodat het alarm direct opvalt.<\/p>\n<p data-start=\"853\" data-end=\"964\">De ingebouwde batterij heeft een levensduur van maximaal <strong data-start=\"905\" data-end=\"914\">10 jaar<\/strong>waardoor HeatSense vrijwel onderhoudsvrij is.<\/p>\n<hr data-start=\"966\" data-end=\"969\" \/>\n<h2 data-start=\"971\" data-end=\"1030\">Gekoppelde brandbeveiliging \u2013 alle units geven tegelijkertijd een alarm af.<\/h2>\n<p data-start=\"1032\" data-end=\"1167\">SecureX HeatSense maakt deel uit van <strong data-start=\"1063\" data-end=\"1086\">SecureX brandbeveiligingssysteem<\/strong> en wordt samen met gebruikt <strong data-start=\"1115\" data-end=\"1133\">SecureX Hub<\/strong>, wat de centrale eenheid van het systeem is.<\/p>\n<p data-start=\"1169\" data-end=\"1225\">Wanneer <strong data-start=\"1173\" data-end=\"1179\">A<\/strong> De rook- of warmtedetector in het systeem wordt geactiveerd:<\/p>\n<ul data-start=\"1226\" data-end=\"1362\">\n<li data-start=\"1226\" data-end=\"1278\">\n<p data-start=\"1228\" data-end=\"1278\"><strong data-start=\"1228\" data-end=\"1278\">Alle rook- en warmtedetectoren geven tegelijkertijd een alarm af.<\/strong><\/p>\n<\/li>\n<li data-start=\"1279\" data-end=\"1317\">\n<p data-start=\"1281\" data-end=\"1317\">De sirenes zijn in het hele pand geactiveerd.<\/p>\n<\/li>\n<li data-start=\"1318\" data-end=\"1362\">\n<p data-start=\"1320\" data-end=\"1362\">Pushmeldingen worden in realtime naar uw mobiele telefoon verzonden.<\/p>\n<\/li>\n<\/ul>\n<p data-start=\"1364\" data-end=\"1442\">Het alarm <strong data-start=\"1371\" data-end=\"1441\">kan worden uitgeschakeld via de SecureX hub of rechtstreeks in de Stonehouse Smart app.<\/strong>.<\/p>\n<p class=\"ds-markdown-paragraph\"><strong>Kunnen meerdere detectoren zonder hub worden aangesloten?<\/strong><br \/>\nAbsoluut. Je kunt je eigen draadloze RF-netwerk cre\u00ebren waarop alle detectoren zijn aangesloten. Als er \u00e9\u00e9n alarm afgaat, gaan ze allemaal af \u2013 zonder wifi of internet.<\/p>\n<p class=\"ds-markdown-paragraph\">Perfect voor wie een eenvoudig en robuust systeem wil.<\/p>\n<p class=\"ds-markdown-paragraph\"><strong>Wat krijg ik als ik verbinding maak met SecureX Connect Pro?<\/strong><br \/>\nMet de SecureX-hub krijgt u uitgebreidere functionaliteit:<\/p>\n<ul>\n<li>\n<p class=\"ds-markdown-paragraph\">Alle detectoren geven tegelijkertijd een alarm af.<\/p>\n<\/li>\n<li>\n<p class=\"ds-markdown-paragraph\">U ontvangt pushmeldingen op uw mobiele telefoon in geval van een alarm.<\/p>\n<\/li>\n<li>\n<p class=\"ds-markdown-paragraph\">Je kunt de status en geschiedenis bekijken in de Stonehouse Smart-app.<\/p>\n<\/li>\n<li>\n<p class=\"ds-markdown-paragraph\">Je kunt alarmen uitschakelen via de app of hub.<\/p>\n<\/li>\n<li>\n<p class=\"ds-markdown-paragraph\">Het systeem wordt onderdeel van uw slimme woning.<\/p>\n<\/li>\n<\/ul>\n<p class=\"ds-markdown-paragraph\"><strong>Moet ik kiezen tussen een standalone- of een connected-versie?<\/strong><br \/>\nNee. Je kunt beginnen met een zelfstandig, onderling verbonden netwerk en dit later verbinden met SecureX Connect Pro wanneer je app-besturing en meldingen wilt.<\/p>\n<p class=\"ds-markdown-paragraph\"><strong>Werkt het ook als de internetverbinding is verbroken?<\/strong><br \/>\nJa. De alarmfunctie zelf en het bijbehorende netwerk werken lokaal, zelfs zonder internetverbinding.<\/p>\n<p class=\"ds-markdown-paragraph\">Internet is alleen nodig voor mobiele meldingen en bediening op afstand via de app.<\/p>\n<hr data-start=\"1538\" data-end=\"1541\" \/>\n<h2 data-start=\"1543\" data-end=\"1574\">App-besturing en compatibiliteit<\/h2>\n<p data-start=\"1576\" data-end=\"1638\">Alle evenementen worden weergegeven in <strong data-start=\"1599\" data-end=\"1625\">De Stonehouse Smart-app<\/strong>, waar je het volgende kunt doen:<\/p>\n<ul data-start=\"1639\" data-end=\"1742\">\n<li data-start=\"1639\" data-end=\"1672\">\n<p data-start=\"1641\" data-end=\"1672\">Bekijk welk alarm is geactiveerd<\/p>\n<\/li>\n<li data-start=\"1673\" data-end=\"1706\">\n<p data-start=\"1675\" data-end=\"1706\">Ontvang pushmeldingen in realtime.<\/p>\n<\/li>\n<li data-start=\"1707\" data-end=\"1742\">\n<p data-start=\"1709\" data-end=\"1742\">Het alarm uitschakelen en resetten<\/p>\n<\/li>\n<\/ul>\n<p data-start=\"1744\" data-end=\"1756\"><strong data-start=\"1744\" data-end=\"1756\">Belangrijk:<\/strong><\/p>\n<ul data-start=\"1757\" data-end=\"1940\">\n<li data-start=\"1757\" data-end=\"1798\">\n<p data-start=\"1759\" data-end=\"1798\">HeatSense maakt verbinding met de SecureX-hub.<\/p>\n<\/li>\n<li data-start=\"1799\" data-end=\"1862\">\n<p data-start=\"1801\" data-end=\"1862\">Het is de hub die compatibel is met <strong data-start=\"1837\" data-end=\"1860\">Tuya en Smart Life<\/strong><\/p>\n<\/li>\n<li data-start=\"1863\" data-end=\"1940\">\n<p data-start=\"1865\" data-end=\"1940\">De sensor is <strong data-start=\"1876\" data-end=\"1902\">niet direct compatibel<\/strong> met Tuya of Smart Life zonder hub<\/p>\n<\/li>\n<\/ul>\n<hr data-start=\"1942\" data-end=\"1945\" \/>\n<h2 data-start=\"1947\" data-end=\"1991\">Eenvoudige installatie en stabiele communicatie<\/h2>\n<p data-start=\"1993\" data-end=\"2208\">HeatSense communiceert draadloos via <strong data-start=\"2029\" data-end=\"2040\">433 MHz<\/strong> en heeft een bereik van maximaal <strong data-start=\"2073\" data-end=\"2097\">100 meter in vrij zicht<\/strong>. Het is eenvoudig aan het plafond te monteren en heeft een zeer laag stand-byverbruik, wat bijdraagt aan de lange levensduur van de batterij.<\/p>\n<p data-start=\"2210\" data-end=\"2306\">Dankzij het discrete ontwerp past de detector goed in zowel woon- als bedrijfsomgevingen.<\/p>\n<hr data-start=\"2308\" data-end=\"2311\" \/>\n<h2 data-start=\"2313\" data-end=\"2337\">Voordelen en kenmerken<\/h2>\n<ul data-start=\"2339\" data-end=\"2796\">\n<li data-start=\"2339\" data-end=\"2372\">\n<p data-start=\"2341\" data-end=\"2372\">Gecertificeerd volgens <strong data-start=\"2360\" data-end=\"2372\">BS5446-2<\/strong><\/p>\n<\/li>\n<li data-start=\"2373\" data-end=\"2412\">\n<p data-start=\"2375\" data-end=\"2412\">Ingebouwd <strong data-start=\"2383\" data-end=\"2400\">10 jaar batterij<\/strong> (niet vervangbaar)<\/p>\n<\/li>\n<li data-start=\"2413\" data-end=\"2455\">\n<p data-start=\"2415\" data-end=\"2455\">Krachtige sirene \u226585 dB en LED-indicatie<\/p>\n<\/li>\n<li data-start=\"2456\" data-end=\"2504\">\n<p data-start=\"2458\" data-end=\"2504\">Alle rook- en warmtedetectoren geven tegelijkertijd een alarm af.<\/p>\n<\/li>\n<li data-start=\"2505\" data-end=\"2554\">\n<p data-start=\"2507\" data-end=\"2554\">Het alarm wordt uitgeschakeld via <strong data-start=\"2526\" data-end=\"2554\">SecureX hub of app<\/strong><\/p>\n<\/li>\n<li data-start=\"2555\" data-end=\"2614\">\n<p data-start=\"2557\" data-end=\"2614\">Draadloze frequentie: <strong data-start=\"2575\" data-end=\"2595\">433 MHz (EV1527)<\/strong>, gecodeerd voor SecureX<\/p>\n<\/li>\n<li data-start=\"2615\" data-end=\"2675\">\n<p data-start=\"2617\" data-end=\"2675\">Aansluiting van maximaal <strong data-start=\"2644\" data-end=\"2675\">40 rook- en warmtedetectoren<\/strong><\/p>\n<\/li>\n<li data-start=\"2676\" data-end=\"2722\">\n<p data-start=\"2678\" data-end=\"2722\">Realtime meldingen in <strong data-start=\"2696\" data-end=\"2722\">De Stonehouse Smart-app<\/strong><\/p>\n<\/li>\n<li data-start=\"2723\" data-end=\"2763\">\n<p data-start=\"2725\" data-end=\"2763\">Bereik tot <strong data-start=\"2743\" data-end=\"2752\">100 m<\/strong> (helder zicht)<\/p>\n<\/li>\n<li data-start=\"2764\" data-end=\"2796\">\n<p data-start=\"2766\" data-end=\"2796\">Eenvoudige en discrete plafondmontage<\/p>\n<\/li>\n<li data-start=\"2764\" data-end=\"2796\">Afmetingen: 116 x 46 mm<\/li>\n<\/ul>\n<hr data-start=\"2798\" data-end=\"2801\" \/>\n<h2 data-start=\"2803\" data-end=\"2824\">Gebruiksgebieden<\/h2>\n<ul data-start=\"2826\" data-end=\"2942\">\n<li data-start=\"2826\" data-end=\"2864\">\n<p data-start=\"2828\" data-end=\"2864\">Keuken (minimaliseert valse alarmen door kookdampen)<\/p>\n<\/li>\n<li data-start=\"2865\" data-end=\"2888\">\n<p data-start=\"2867\" data-end=\"2888\">Garages en werkplaatsen<\/p>\n<\/li>\n<li data-start=\"2889\" data-end=\"2909\">\n<p data-start=\"2891\" data-end=\"2909\">Kelder en berging<\/p>\n<\/li>\n<li data-start=\"2910\" data-end=\"2942\">\n<p data-start=\"2912\" data-end=\"2942\">Winkels en openbare ruimtes<\/p>\n<\/li>\n<\/ul>\n<hr data-start=\"2944\" data-end=\"2947\" \/>\n<h2 data-start=\"2949\" data-end=\"2968\">Leveringsinhoud<\/h2>\n<ul data-start=\"2970\" data-end=\"3062\">\n<li data-start=\"2970\" data-end=\"3011\">\n<p data-start=\"2972\" data-end=\"3011\">SecureX HeatSense warmtedetector: 1 stuk<\/p>\n<\/li>\n<li data-start=\"3012\" data-end=\"3029\">\n<p data-start=\"3014\" data-end=\"3029\">Schroeven: 2 stuks<\/p>\n<\/li>\n<li data-start=\"3030\" data-end=\"3045\">\n<p data-start=\"3032\" data-end=\"3045\">Stekker: 2 stuks<\/p>\n<\/li>\n<li data-start=\"3046\" data-end=\"3062\">\n<p data-start=\"3048\" data-end=\"3062\">Handleiding: 1 stuk<\/p>\n<\/li>\n<li data-start=\"3046\" data-end=\"3062\">Ingebouwde batterij \u2013 geschatte levensduur van 10 jaar<\/li>\n<\/ul>","protected":false},"excerpt":{"rendered":"<p>BS5446-2 gecertificeerde warmtedetector met 10 jaar batterijduur. Perfect voor keukens en garages.<\/p>\n<p>Maakt verbinding via de SecureX-hub en stuurt alarmen naar uw mobiele telefoon via de Stonehouse Smart-app.<\/p>","protected":false},"featured_media":163793,"template":"","meta":{"_acf_changed":false},"product_brand":[],"product_cat":[5062],"product_tag":[],"class_list":{"0":"post-162589","1":"product","2":"type-product","3":"status-publish","4":"has-post-thumbnail","6":"product_cat-securex-brand-gassensorer","7":"pa_brands-securex-connect-pro","8":"pa_brands-stonehouse-smart","9":"tm-no-options","11":"first","12":"instock","13":"sale","14":"taxable","15":"shipping-taxable","16":"purchasable","17":"product-type-simple"},"acf":[],"_links":{"self":[{"href":"https:\/\/secureus.se\/nl\/wp-json\/wp\/v2\/product\/162589","targetHints":{"allow":["GET"]}}],"collection":[{"href":"https:\/\/secureus.se\/nl\/wp-json\/wp\/v2\/product"}],"about":[{"href":"https:\/\/secureus.se\/nl\/wp-json\/wp\/v2\/types\/product"}],"wp:featuredmedia":[{"embeddable":true,"href":"https:\/\/secureus.se\/nl\/wp-json\/wp\/v2\/media\/163793"}],"wp:attachment":[{"href":"https:\/\/secureus.se\/nl\/wp-json\/wp\/v2\/media?parent=162589"}],"wp:term":[{"taxonomy":"product_brand","embeddable":true,"href":"https:\/\/secureus.se\/nl\/wp-json\/wp\/v2\/product_brand?post=162589"},{"taxonomy":"product_cat","embeddable":true,"href":"https:\/\/secureus.se\/nl\/wp-json\/wp\/v2\/product_cat?post=162589"},{"taxonomy":"product_tag","embeddable":true,"href":"https:\/\/secureus.se\/nl\/wp-json\/wp\/v2\/product_tag?post=162589"}],"curies":[{"name":"wp","href":"https:\/\/api.w.org\/{rel}","templated":true}]}}