{"id":163651,"date":"2026-04-09T15:34:58","date_gmt":"2026-04-09T13:34:58","guid":{"rendered":"https:\/\/secureus.se\/?post_type=product&#038;p=163651"},"modified":"2026-04-09T16:08:56","modified_gmt":"2026-04-09T14:08:56","slug":"securex-connect-pro-larmpaket-villa-svensk-version","status":"publish","type":"product","link":"https:\/\/secureus.se\/nl\/securex-connect-pro-larmpaket-villa-svensk-version\/","title":{"rendered":"SecureX Connect Pro alarmsysteem voor villa&#039;s \u2013 Zweedse versie"},"content":{"rendered":"<h2>SecureX Connect Pro Kit \u2013 Svensk version (Komplett villapaket)<\/h2>\n<p>Alarmsysteem zonder abonnement, met 3 jaar garantie en volledige ondersteuning via Swedish Stonehouse Security AB.<\/p>\n<p>SecureX Connect Pro is het hart van het SecureX-systeem \u2013 een krachtige alarmhub met <strong>7-inch touchscreen<\/strong> waardoor alle SecureX-apparaten in \u00e9\u00e9n systeem worden samengebracht.<\/p>\n<p>Dankzij het eenvoudige opstartmenu kan iedereen het alarm in ongeveer 30 minuten instellen. Het menu toont in het Zweeds hoe dit moet., <span style=\"text-decoration: underline;\"><strong>Het menu wordt altijd weergegeven in de taal die u hebt gekozen.<\/strong><\/span> als standaard te hebben.<\/p>\n<p>In geval van alarm gaan de sirenes af en ontvangt u een alarmmelding op uw mobiele telefoon via de app. Als u een 4G-simkaart hebt geselecteerd en geconfigureerd, ontvangt u een sms-bericht en een gesproken bericht op uw telefoon.<\/p>\n<p>De stem kondigt in uw taal aan welk onderdeel is geactiveerd en u kunt ook luisteren naar wat er in uw woning gebeurt. Als u bijvoorbeeld een stil SOS-alarm hebt, kan de persoon met u spreken en kunt u via de ingebouwde microfoon van de hub met hem of haar praten en communiceren.<\/p>\n<p>Het SecureX-alarm <strong>paneel (met display en platte tekst), spraakberichten en de Stonehouse Smart App<\/strong> verkrijgbaar bij:<\/p>\n<p><em><strong><span style=\"text-decoration: underline;\">Zweeds, Engels, Duits, Fins, Frans, Nederlands, Pools, Spaans, Noors en Deens.<\/span><\/strong><\/em><\/p>\n<hr \/>\n<ul>\n<li>7-inch touchscreen met Long Range\/LoRa<\/li>\n<li>Tot <strong>200 draadloze apparaten<\/strong><\/li>\n<li><strong>Wifi, 2G en 4G<\/strong> voor verbinding<\/li>\n<li>Ingebouwde sirene (tot 120 dB) + <strong>reservebatterij 5000 mAh<\/strong><\/li>\n<li>Afstandsbediening en meldingen via de app<\/li>\n<li>Eenvoudig uit te breiden indien nodig<\/li>\n<\/ul>\n<hr \/>\n<h3>Kenmerken en voordelen<\/h3>\n<ul>\n<li><strong>7-inch IPS-touchscreen (1024\u00d7600)<\/strong> \u2013 duidelijk en gebruiksvriendelijk<\/li>\n<li>Ingebouwde protocollen: <strong>433 MHz (EV1527)<\/strong> En <strong>868 MHz<\/strong> met SecureX-versleuteling<\/li>\n<li><strong>Lange afstand<\/strong> \u2013 tot ongeveer <strong>500 m<\/strong> bereik (zichtlijn)<\/li>\n<li>Hybride ondersteuning: <strong>200 draadloze apparaten + 8 bekabelde zones<\/strong><\/li>\n<li>Ingebouwde sirene + <strong>sabotagealarm<\/strong><\/li>\n<li><strong>Reservebatterij 5000 mAh<\/strong> \u2013 werking ook tijdens stroomuitval<\/li>\n<li>Tweewegcommunicatie en meerdere noodnummers<\/li>\n<li><strong>Gratis OTA-updates<\/strong> via de Stonehouse Smart-app<\/li>\n<li><strong>10 talen + spraakinformatie:<\/strong> Zweeds, Noors, Deens, Fins, Engels, Duits, Pools, Frans, Spaans, Nederlands<\/li>\n<li>Eenvoudige installatie via <strong>USB-C of 12V<\/strong><\/li>\n<\/ul>\n<hr \/>\n<h3>App- en slimme integraties<\/h3>\n<ul>\n<li>Volledige controle via <strong>De Stonehouse Smart-app<\/strong><\/li>\n<li><strong>Tuya &amp; Smart Life<\/strong> ondersteund (via hub)<\/li>\n<li>Mogelijkheid om sc\u00e8nes\/automatiseringen te cre\u00ebren (bijv. verlichting bij alarm).<\/li>\n<li>Ondersteuning voor <strong>Google Assistent<\/strong><\/li>\n<\/ul>\n<hr \/>\n<h3>Certificeringen en kwaliteit<\/h3>\n<ul>\n<li>CE<\/li>\n<li>RoHS<\/li>\n<li>BEREIK<\/li>\n<li>FCC-ID (H700)<\/li>\n<li>UKCA (H700)<\/li>\n<li>ERP \u2013 energiezuinig ontwerp<\/li>\n<\/ul>\n<hr \/>\n<h3>Dit is inbegrepen in de SecureX Connect Pro Villa Kit.<\/h3>\n<ul>\n<li><strong>1 st<\/strong> SecureX Connect Pro-paneel \u2013 7-inch LoRa-paneel met touchscreen<\/li>\n<li><strong>2 stuks<\/strong> SecureX QuickControl afstandsbedieningen<\/li>\n<li><strong>4 stuks<\/strong> SecureX MotionEye Pro \u2013 PIR-bewegingsdetector<\/li>\n<li><strong>3 stuks<\/strong> SecureX DoorSense Pro \u2013 magnetisch contact voor deur\/raam<\/li>\n<li><strong>2 stuks<\/strong> SecureX SmokeGuard \u2013 Gekoppelde rookmelder met een levensduur van 10 jaar<\/li>\n<li><strong>3 stuks<\/strong> Zelfklevende aluminium alarmstickers in A8-formaat (52x74 mm).<\/li>\n<li>Paneelbeugel voor montage<\/li>\n<li>Schroeven en pluggen voor paneelmontage<\/li>\n<\/ul>\n<p>&nbsp;<\/p>","protected":false},"excerpt":{"rendered":"<div class=\"flex flex-col text-sm pb-25\">\n<section class=\"text-token-text-primary w-full focus:outline-none [--shadow-height:45px] has-data-writing-block:pointer-events-none has-data-writing-block:-mt-(--shadow-height) has-data-writing-block:pt-(--shadow-height) [&amp;:has([data-writing-block])&gt;*]:pointer-events-auto scroll-mt-[calc(var(--header-height)+min(200px,max(70px,20svh)))]\" dir=\"auto\" data-turn-id=\"request-WEB:49b43856-904b-4adc-a395-8f9ed8638279-13\" data-testid=\"conversation-turn-28\" data-scroll-anchor=\"true\" data-turn=\"assistant\">\n<div class=\"text-base my-auto mx-auto pb-10 [--thread-content-margin:var(--thread-content-margin-xs,calc(var(--spacing)*4))] @w-sm\/main:[--thread-content-margin:var(--thread-content-margin-sm,calc(var(--spacing)*6))] @w-lg\/main:[--thread-content-margin:var(--thread-content-margin-lg,calc(var(--spacing)*16))] px-(--thread-content-margin)\">\n<div class=\"[--thread-content-max-width:40rem] @w-lg\/main:[--thread-content-max-width:48rem] mx-auto max-w-(--thread-content-max-width) flex-1 group\/turn-messages focus-visible:outline-hidden relative flex w-full min-w-0 flex-col agent-turn\">\n<div class=\"flex max-w-full flex-col gap-4 grow\">\n<div class=\"min-h-8 text-message relative flex w-full flex-col items-end gap-2 text-start break-words whitespace-normal outline-none keyboard-focused:focus-ring [.text-message+&amp;]:mt-1\" dir=\"auto\" tabindex=\"0\" data-message-author-role=\"assistant\" data-message-id=\"1d784d06-f863-40b2-9537-d62fccac1cf5\" data-message-model-slug=\"gpt-5-4-thinking\" data-turn-start-message=\"true\">\n<div class=\"flex w-full flex-col gap-1 empty:hidden\">\n<div class=\"markdown prose dark:prose-invert w-full wrap-break-word light markdown-new-styling\">\n<p data-start=\"69\" data-end=\"187\"><strong data-start=\"69\" data-end=\"102\">SecureX Connect Pro Villa Kit<\/strong> \u00e4r ett komplett och ut\u00f6kat larmpaket f\u00f6r villa med skydd mot b\u00e5de inbrott och brand.<\/p>\n<p data-start=\"734\" data-end=\"904\">Den <strong data-start=\"738\" data-end=\"762\">enkla uppstartsmenyn<\/strong> guidar dig steg f\u00f6r steg vid installationen, vilket g\u00f6r systemet smidigt att komma ig\u00e5ng med \u00e4ven f\u00f6r dig som inte installerat larm tidigare.<\/p>\n<p data-start=\"1211\" data-end=\"1276\"><strong data-start=\"1211\" data-end=\"1230\">Certifieringar:<\/strong> CE, RoHS, REACH, FCC ID (H700), UKCA och ERP.<\/p>\n<p data-start=\"1278\" data-end=\"1394\" data-is-last-node=\"\" data-is-only-node=\"\">Larmet \u00e4r <strong data-start=\"1288\" data-end=\"1307\">utan abonnemang<\/strong>, levereras med <strong data-start=\"1323\" data-end=\"1340\">3 \u00e5rs garanti<\/strong> och support.<\/p>\n<\/div>\n<\/div>\n<\/div>\n<\/div>\n<div class=\"z-0 flex min-h-[46px] justify-start\"><\/div>\n<div class=\"mt-3 w-full empty:hidden\">\n<div class=\"text-center\"><\/div>\n<\/div>\n<\/div>\n<\/div>\n<\/section>\n<\/div>\n<div class=\"pointer-events-none h-px w-px absolute bottom-0\" aria-hidden=\"true\" data-edge=\"true\"><\/div>\n","protected":false},"featured_media":164316,"template":"","meta":{"_acf_changed":false},"product_brand":[],"product_cat":[5060,5059],"product_tag":[],"class_list":{"0":"post-163651","1":"product","2":"type-product","3":"status-publish","4":"has-post-thumbnail","6":"product_cat-securex-kit-hub","7":"product_cat-smart-larm-securex","8":"pa_brands-securex-connect-pro","9":"pa_brands-stonehouse-smart","10":"tm-no-options","12":"first","13":"instock","14":"sale","15":"taxable","16":"shipping-taxable","17":"purchasable","18":"product-type-woosb"},"acf":[],"_links":{"self":[{"href":"https:\/\/secureus.se\/nl\/wp-json\/wp\/v2\/product\/163651","targetHints":{"allow":["GET"]}}],"collection":[{"href":"https:\/\/secureus.se\/nl\/wp-json\/wp\/v2\/product"}],"about":[{"href":"https:\/\/secureus.se\/nl\/wp-json\/wp\/v2\/types\/product"}],"wp:featuredmedia":[{"embeddable":true,"href":"https:\/\/secureus.se\/nl\/wp-json\/wp\/v2\/media\/164316"}],"wp:attachment":[{"href":"https:\/\/secureus.se\/nl\/wp-json\/wp\/v2\/media?parent=163651"}],"wp:term":[{"taxonomy":"product_brand","embeddable":true,"href":"https:\/\/secureus.se\/nl\/wp-json\/wp\/v2\/product_brand?post=163651"},{"taxonomy":"product_cat","embeddable":true,"href":"https:\/\/secureus.se\/nl\/wp-json\/wp\/v2\/product_cat?post=163651"},{"taxonomy":"product_tag","embeddable":true,"href":"https:\/\/secureus.se\/nl\/wp-json\/wp\/v2\/product_tag?post=163651"}],"curies":[{"name":"wp","href":"https:\/\/api.w.org\/{rel}","templated":true}]}}