{"id":164762,"date":"2026-04-22T15:08:22","date_gmt":"2026-04-22T13:08:22","guid":{"rendered":"https:\/\/secureus.se\/evolis-zenius-2-classic-id-kortskrivare-med-usb-enkelsidig\/"},"modified":"2026-04-22T16:01:24","modified_gmt":"2026-04-22T14:01:24","slug":"evolis-zenius-2-classic-id-kortskrivare-med-usb-enkelsidig","status":"publish","type":"product","link":"https:\/\/secureus.se\/nl\/evolis-zenius-2-classic-id-kortskrivare-med-usb-enkelsidig\/","title":{"rendered":"Evolis Zenius 2 Classic ID-kaartprinter met USB (enkelzijdig)"},"content":{"rendered":"<p>Uppt\u00e4ck Evolis Zenius 2 Classic ID-kortsskrivare med USB (enkeltsidig) &#8211; den perfekta l\u00f6sningen f\u00f6r att skapa professionella ID-kort p\u00e5 ett smidigt s\u00e4tt. Denna avancerade skrivare kombinerar h\u00f6gkvalitativ utskriftsteknik med enkel anv\u00e4ndning, vilket g\u00f6r den idealisk f\u00f6r f\u00f6retag och organisationer som beh\u00f6ver producera ID-kort regelbundet. Med enkel installation via USB och m\u00f6jlighet att skriva ut enkelsidiga kort snabbt och effektivt, \u00e4r Evolis Zenius 2 Classic en p\u00e5litlig partner f\u00f6r alla typer av ID-kortprojekt. Ge ditt f\u00f6retag eller organisation den professionella touch den f\u00f6rtj\u00e4nar med denna innovativa ID-kortsskrivare fr\u00e5n Evolis. Best\u00e4ll din Zenius 2 Classic idag och ta din ID-kortproduktion till n\u00e4sta niv\u00e5!<\/p>","protected":false},"excerpt":{"rendered":"<ul>\n<li>Evolis Zenius 2 Classic ID-kaartprinter met USB (enkelzijdig)<\/li>\n<li>Printsnelheid van 700 kaarten per uur (Mono) of 180 kaarten per uur (YMCKO)<\/li>\n<li>Afdrukken op standaard CR80-kaartformaat, inclusief PVC, PET, ABS en composiet-PVC.<\/li>\n<li>Enkelzijdig afdrukken<\/li>\n<li>Mogelijkheid om te printen vanaf smartphone en tablet.<\/li>\n<li>Magnetische strip-encoder<\/li>\n<li>Interne USB-poort<\/li>\n<li>Artikelnummer van de fabrikant: ZN2-0001-E<\/li>\n<li>Gewicht: 8,00 kg<\/li>\n<\/ul>","protected":false},"featured_media":164756,"template":"","meta":{"_acf_changed":false},"product_brand":[],"product_cat":[3205],"product_tag":[],"class_list":{"0":"post-164762","1":"product","2":"type-product","3":"status-publish","4":"has-post-thumbnail","6":"product_cat-evolis","7":"product_shipping_class-tunga-paket","8":"pa_brands-evolis","9":"tm-no-options","11":"first","12":"instock","13":"sale","14":"taxable","15":"shipping-taxable","16":"purchasable","17":"product-type-simple"},"acf":[],"_links":{"self":[{"href":"https:\/\/secureus.se\/nl\/wp-json\/wp\/v2\/product\/164762","targetHints":{"allow":["GET"]}}],"collection":[{"href":"https:\/\/secureus.se\/nl\/wp-json\/wp\/v2\/product"}],"about":[{"href":"https:\/\/secureus.se\/nl\/wp-json\/wp\/v2\/types\/product"}],"wp:featuredmedia":[{"embeddable":true,"href":"https:\/\/secureus.se\/nl\/wp-json\/wp\/v2\/media\/164756"}],"wp:attachment":[{"href":"https:\/\/secureus.se\/nl\/wp-json\/wp\/v2\/media?parent=164762"}],"wp:term":[{"taxonomy":"product_brand","embeddable":true,"href":"https:\/\/secureus.se\/nl\/wp-json\/wp\/v2\/product_brand?post=164762"},{"taxonomy":"product_cat","embeddable":true,"href":"https:\/\/secureus.se\/nl\/wp-json\/wp\/v2\/product_cat?post=164762"},{"taxonomy":"product_tag","embeddable":true,"href":"https:\/\/secureus.se\/nl\/wp-json\/wp\/v2\/product_tag?post=164762"}],"curies":[{"name":"wp","href":"https:\/\/api.w.org\/{rel}","templated":true}]}}