{"id":164890,"date":"2026-04-27T11:42:40","date_gmt":"2026-04-27T09:42:40","guid":{"rendered":"https:\/\/secureus.se\/evolis-acl003-sjalvhaftande-rengoringskort-forpackning-med-50\/"},"modified":"2026-04-27T11:53:53","modified_gmt":"2026-04-27T09:53:53","slug":"evolis-acl003-sjalvhaftande-rengoringskort-forpackning-med-50","status":"publish","type":"product","link":"https:\/\/secureus.se\/nl\/evolis-acl003-sjalvhaftande-rengoringskort-forpackning-med-50\/","title":{"rendered":"Evolis ACL003 Zelfklevende reinigingskaartjes (verpakking van 50)"},"content":{"rendered":"<p>H\u00e5ll din Evolis Primacy-kortskrivare i toppskick med Evolis ACL003 Primacy Adhesive Cleaning Cards. Denna f\u00f6rpackning inneh\u00e5ller 50 reng\u00f6ringskort som effektivt tar bort damm, smuts och eventuella limrester fr\u00e5n skrivarens mekanismer. Med regelbunden anv\u00e4ndning av dessa reng\u00f6ringskort kan du s\u00e4kerst\u00e4lla en j\u00e4mn och problemfri utskriftskvalitet. Ge din Evolis Primacy-kortskrivare den omsorg den f\u00f6rtj\u00e4nar med dessa h\u00f6gkvalitativa reng\u00f6ringskort!<\/p>","protected":false},"excerpt":{"rendered":"<ul>\n<li>Bevat 50 zelfklevende schoonmaakkaartjes<\/li>\n<li>Helpt de Evolis plastic kaartprinters schoon te houden.<\/li>\n<li>Verwijdert stof, vuil, olie en inktresten.<\/li>\n<li>Beschermt printers en be\u00efnvloedt de afdrukkwaliteit als het niet wordt schoongemaakt.<\/li>\n<li>Verkocht in verpakkingen van 50 stuks.<\/li>\n<li>Bij correcte opslag tot \u00e9\u00e9n jaar houdbaar.<\/li>\n<li>Compatibel met Evolis Primacy, Primacy 2, Zenius en Zenius 2.<\/li>\n<li>Artikelnummer van de fabrikant: ACL003<\/li>\n<li>Gewicht: 0,50 kg<\/li>\n<\/ul>","protected":false},"featured_media":164885,"template":"","meta":{"_acf_changed":false},"product_brand":[],"product_cat":[4807],"product_tag":[],"class_list":{"0":"post-164890","1":"product","2":"type-product","3":"status-publish","4":"has-post-thumbnail","6":"product_cat-rengoringskit","7":"pa_brands-evolis","8":"tm-no-options","10":"first","11":"instock","12":"sale","13":"taxable","14":"shipping-taxable","15":"purchasable","16":"product-type-simple"},"acf":[],"_links":{"self":[{"href":"https:\/\/secureus.se\/nl\/wp-json\/wp\/v2\/product\/164890","targetHints":{"allow":["GET"]}}],"collection":[{"href":"https:\/\/secureus.se\/nl\/wp-json\/wp\/v2\/product"}],"about":[{"href":"https:\/\/secureus.se\/nl\/wp-json\/wp\/v2\/types\/product"}],"wp:featuredmedia":[{"embeddable":true,"href":"https:\/\/secureus.se\/nl\/wp-json\/wp\/v2\/media\/164885"}],"wp:attachment":[{"href":"https:\/\/secureus.se\/nl\/wp-json\/wp\/v2\/media?parent=164890"}],"wp:term":[{"taxonomy":"product_brand","embeddable":true,"href":"https:\/\/secureus.se\/nl\/wp-json\/wp\/v2\/product_brand?post=164890"},{"taxonomy":"product_cat","embeddable":true,"href":"https:\/\/secureus.se\/nl\/wp-json\/wp\/v2\/product_cat?post=164890"},{"taxonomy":"product_tag","embeddable":true,"href":"https:\/\/secureus.se\/nl\/wp-json\/wp\/v2\/product_tag?post=164890"}],"curies":[{"name":"wp","href":"https:\/\/api.w.org\/{rel}","templated":true}]}}