{"id":164892,"date":"2026-04-27T11:42:40","date_gmt":"2026-04-27T09:42:40","guid":{"rendered":"https:\/\/secureus.se\/evolis-acl004-t-kortrengoringskit-10-pack\/"},"modified":"2026-04-27T11:53:53","modified_gmt":"2026-04-27T09:53:53","slug":"evolis-acl004-t-kortrengoringskit-10-pack","status":"publish","type":"product","link":"https:\/\/secureus.se\/nl\/evolis-acl004-t-kortrengoringskit-10-pack\/","title":{"rendered":"Evolis ACL004 T-kaartreinigingsset (10 stuks)"},"content":{"rendered":"<p>H\u00e5ll dina Evolis-kortskrivare i toppskick med Evolis ACL004 T Card Cleaning Kits. Denna f\u00f6rpackning inneh\u00e5ller 10 reng\u00f6ringskit f\u00f6r att s\u00e4kerst\u00e4lla att dina kortskrivare f\u00f6rblir rena och fungerar felfritt. Varje kit \u00e4r utformat f\u00f6r att effektivt avl\u00e4gsna smuts, damm och andra f\u00f6roreningar fr\u00e5n dina kortskrivare f\u00f6r att s\u00e4kerst\u00e4lla att dina utskrivna kort \u00e4r av h\u00f6gsta kvalitet. Investera i Evolis ACL004 T Card Cleaning Kits f\u00f6r att bibeh\u00e5lla prestanda och livsl\u00e4ngd f\u00f6r dina Evolis-kortskrivare.<\/p>","protected":false},"excerpt":{"rendered":"<ul>\n<li>Bevat 10 T-vormige schoonmaakkaartjes<\/li>\n<li>Bij correcte opslag tot \u00e9\u00e9n jaar houdbaar.<\/li>\n<li>Compatibel met Evolis Badgy100, Badgy200, Zenius, Zenius 2, Primacy en Primacy 2 ID-kaartprinters.<\/li>\n<li>Artikelnummer van de fabrikant: ACL004<\/li>\n<li>Het product weegt 0,29 kg.<\/li>\n<\/ul>","protected":false},"featured_media":164891,"template":"","meta":{"_acf_changed":false},"product_brand":[],"product_cat":[4807],"product_tag":[],"class_list":{"0":"post-164892","1":"product","2":"type-product","3":"status-publish","4":"has-post-thumbnail","6":"product_cat-rengoringskit","7":"pa_brands-evolis","8":"tm-no-options","10":"first","11":"instock","12":"taxable","13":"shipping-taxable","14":"purchasable","15":"product-type-simple"},"acf":[],"_links":{"self":[{"href":"https:\/\/secureus.se\/nl\/wp-json\/wp\/v2\/product\/164892","targetHints":{"allow":["GET"]}}],"collection":[{"href":"https:\/\/secureus.se\/nl\/wp-json\/wp\/v2\/product"}],"about":[{"href":"https:\/\/secureus.se\/nl\/wp-json\/wp\/v2\/types\/product"}],"wp:featuredmedia":[{"embeddable":true,"href":"https:\/\/secureus.se\/nl\/wp-json\/wp\/v2\/media\/164891"}],"wp:attachment":[{"href":"https:\/\/secureus.se\/nl\/wp-json\/wp\/v2\/media?parent=164892"}],"wp:term":[{"taxonomy":"product_brand","embeddable":true,"href":"https:\/\/secureus.se\/nl\/wp-json\/wp\/v2\/product_brand?post=164892"},{"taxonomy":"product_cat","embeddable":true,"href":"https:\/\/secureus.se\/nl\/wp-json\/wp\/v2\/product_cat?post=164892"},{"taxonomy":"product_tag","embeddable":true,"href":"https:\/\/secureus.se\/nl\/wp-json\/wp\/v2\/product_tag?post=164892"}],"curies":[{"name":"wp","href":"https:\/\/api.w.org\/{rel}","templated":true}]}}