{"id":164914,"date":"2026-04-27T13:56:17","date_gmt":"2026-04-27T11:56:17","guid":{"rendered":"https:\/\/secureus.se\/?post_type=product&#038;p=164914"},"modified":"2026-04-27T15:59:07","modified_gmt":"2026-04-27T13:59:07","slug":"evolis-primacy-2-duplex-komplett-startpaket-kortskrivare","status":"publish","type":"product","link":"https:\/\/secureus.se\/nl\/evolis-primacy-2-duplex-komplett-startpaket-kortskrivare\/","title":{"rendered":"Evolis Primacy 2 Duplex Complete Starter Kit Kaartprinter"},"content":{"rendered":"<p data-start=\"636\" data-end=\"926\"><strong data-start=\"636\" data-end=\"683\">Evolis Primacy 2 Duplex Complete Starter Kit<\/strong> \u00e4r det perfekta valet f\u00f6r f\u00f6retag, skolor, f\u00f6reningar och organisationer som vill komma ig\u00e5ng med egen kortproduktion snabbt och smidigt. Paketet inneh\u00e5ller allt du beh\u00f6ver f\u00f6r att b\u00f6rja skriva ut professionella plastkort direkt ur kartongen.<\/p>\n<p data-start=\"928\" data-end=\"1201\">I paketet ing\u00e5r <strong data-start=\"944\" data-end=\"978\">Evolis Primacy 2 Duplexexpert<\/strong>, en snabb och professionell kortskrivare med <strong data-start=\"1024\" data-end=\"1059\">automatisch dubbelzijdig printen<\/strong>. Det g\u00f6r modellen perfekt n\u00e4r du vill skriva exempelvis foto och namn p\u00e5 framsidan samt kontaktuppgifter, regler eller streckkod p\u00e5 baksidan.<\/p>\n<p data-start=\"1203\" data-end=\"1330\">Skrivaren \u00e4r utrustad med <strong data-start=\"1229\" data-end=\"1249\">USB en Ethernet<\/strong>, vilket g\u00f6r den enkel att anv\u00e4nda b\u00e5de lokalt och i n\u00e4tverk med flera anv\u00e4ndare.<\/p>\n<p data-start=\"1332\" data-end=\"1574\">F\u00f6r att du ska kunna komma ig\u00e5ng direkt ing\u00e5r \u00e4ven ett original <strong data-start=\"1396\" data-end=\"1433\">YMCKO f\u00e4rgband f\u00f6r 300 utskrifter<\/strong>, vilket ger skarpa f\u00e4rger, tydlig text och professionella resultat. Paketet inneh\u00e5ller dessutom <strong data-start=\"1530\" data-end=\"1556\">100 vita CR80 PVC-kort<\/strong> i standardformat.<\/p>\n<p data-start=\"1576\" data-end=\"1735\">Medf\u00f6ljande <strong data-start=\"1588\" data-end=\"1605\">cardPresso XSS<\/strong> fungerar med b\u00e5de <strong data-start=\"1624\" data-end=\"1645\">Windows och MacOS<\/strong> och g\u00f6r det enkelt att skapa egna kort med namn, foto, nummer, streckkoder och logotyper.<\/p>\n<h3 data-section-id=\"1quc7ut\" data-start=\"1737\" data-end=\"1753\">Ideaal voor:<\/h3>\n<ul data-start=\"1755\" data-end=\"1863\">\n<li data-section-id=\"x388dq\" data-start=\"1755\" data-end=\"1770\">F\u00f6retags-ID<\/li>\n<li data-section-id=\"1h53p7w\" data-start=\"1771\" data-end=\"1785\">Toegangskaart<\/li>\n<li data-section-id=\"1dxq73m\" data-start=\"1786\" data-end=\"1802\">Personeelskaart<\/li>\n<li data-section-id=\"15h7qs1\" data-start=\"1803\" data-end=\"1818\">Lidmaatschapskaart<\/li>\n<li data-section-id=\"10ernwj\" data-start=\"1819\" data-end=\"1834\">Studentenkaart<\/li>\n<li data-section-id=\"1b8gaeo\" data-start=\"1835\" data-end=\"1849\">Visitekaartje<\/li>\n<li data-section-id=\"ly61up\" data-start=\"1850\" data-end=\"1863\">Cadeaubonnen<\/li>\n<\/ul>\n<h3 data-section-id=\"17iwr2j\" data-start=\"1865\" data-end=\"1881\">Dit omvat:<\/h3>\n<ul data-start=\"1883\" data-end=\"2128\">\n<li data-section-id=\"1k7p2c2\" data-start=\"1883\" data-end=\"1930\">Evolis Primacy 2 Duplex Expert kortskrivare<\/li>\n<li data-section-id=\"a6m0cd\" data-start=\"1931\" data-end=\"1966\">CardPresso XSS designprogramvara<\/li>\n<li data-section-id=\"1m3cie2\" data-start=\"1967\" data-end=\"2009\">Evolis YMCKO f\u00e4rgband (300 utskrifter)<\/li>\n<li data-section-id=\"rzj9k7\" data-start=\"2010\" data-end=\"2039\">100 st vita CR80 PVC-kort<\/li>\n<li data-section-id=\"5oyvs0\" data-start=\"2040\" data-end=\"2053\">USB-kabel<\/li>\n<li data-section-id=\"111ywd6\" data-start=\"2054\" data-end=\"2085\">Str\u00f6madapter och str\u00f6mkabel<\/li>\n<li data-section-id=\"1dayqsa\" data-start=\"2086\" data-end=\"2109\">Startset voor het schoonmaken<\/li>\n<li data-section-id=\"f6ydi5\" data-start=\"2110\" data-end=\"2128\">Snelstartgids<\/li>\n<\/ul>\n<h3 data-section-id=\"1jvlc00\" data-start=\"2130\" data-end=\"2159\">Varf\u00f6r v\u00e4lja detta paket?<\/h3>\n<p data-start=\"2161\" data-end=\"2358\">Du f\u00e5r allt samlat i ett komplett startpaket med professionell skrivare, kort, f\u00e4rgband och programvara. En enkel och trygg l\u00f6sning f\u00f6r dig som vill best\u00e4lla allt p\u00e5 en g\u00e5ng och komma ig\u00e5ng direkt.<\/p>\n<h3 data-section-id=\"18wbo00\" data-start=\"2360\" data-end=\"2371\">Garantie<\/h3>\n<p data-start=\"2373\" data-end=\"2444\">Skrivaren levereras med <strong data-start=\"2397\" data-end=\"2414\">3 jaar garantie<\/strong> enligt tillverkarens villkor.<\/p>","protected":false},"excerpt":{"rendered":"<p data-start=\"144\" data-end=\"380\"><strong data-start=\"144\" data-end=\"191\">Evolis Primacy 2 Duplex Complete Starter Kit<\/strong> Dit is een complete oplossing voor iedereen die direct zelf plastic kaarten wil printen. Het pakket bevat een dubbelzijdige Primacy 2 Expert printer, een inktlint, 100 witte kaarten en ontwerpsoftware.<\/p>\n<ul data-start=\"382\" data-end=\"601\">\n<li data-section-id=\"bajoip\" data-start=\"382\" data-end=\"410\">Dubbelzijdige kaartprinter<\/li>\n<li data-section-id=\"142d0jd\" data-start=\"411\" data-end=\"431\">USB en Ethernet<\/li>\n<li data-section-id=\"lcgq6v\" data-start=\"432\" data-end=\"469\">Inktlint voor 300 afdrukken inbegrepen<\/li>\n<li data-section-id=\"fbezh\" data-start=\"470\" data-end=\"497\">Inclusief 100 CR80 PVC-kaarten<\/li>\n<li data-section-id=\"1d6ct4\" data-start=\"498\" data-end=\"533\">CardPresso XXS-software inbegrepen<\/li>\n<li data-section-id=\"pd2wxy\" data-start=\"534\" data-end=\"585\">Perfect voor identiteitskaarten, lidmaatschapskaarten en toegangskaarten.<\/li>\n<li data-section-id=\"b8kwux\" data-start=\"586\" data-end=\"601\">3 jaar garantie<\/li>\n<\/ul>","protected":false},"featured_media":164915,"template":"","meta":{"_acf_changed":false},"product_brand":[],"product_cat":[3205],"product_tag":[],"class_list":{"0":"post-164914","1":"product","2":"type-product","3":"status-publish","4":"has-post-thumbnail","6":"product_cat-evolis","7":"tm-no-options","9":"first","10":"onbackorder","11":"sale","12":"taxable","13":"shipping-taxable","14":"purchasable","15":"product-type-woosb"},"acf":[],"_links":{"self":[{"href":"https:\/\/secureus.se\/nl\/wp-json\/wp\/v2\/product\/164914","targetHints":{"allow":["GET"]}}],"collection":[{"href":"https:\/\/secureus.se\/nl\/wp-json\/wp\/v2\/product"}],"about":[{"href":"https:\/\/secureus.se\/nl\/wp-json\/wp\/v2\/types\/product"}],"wp:featuredmedia":[{"embeddable":true,"href":"https:\/\/secureus.se\/nl\/wp-json\/wp\/v2\/media\/164915"}],"wp:attachment":[{"href":"https:\/\/secureus.se\/nl\/wp-json\/wp\/v2\/media?parent=164914"}],"wp:term":[{"taxonomy":"product_brand","embeddable":true,"href":"https:\/\/secureus.se\/nl\/wp-json\/wp\/v2\/product_brand?post=164914"},{"taxonomy":"product_cat","embeddable":true,"href":"https:\/\/secureus.se\/nl\/wp-json\/wp\/v2\/product_cat?post=164914"},{"taxonomy":"product_tag","embeddable":true,"href":"https:\/\/secureus.se\/nl\/wp-json\/wp\/v2\/product_tag?post=164914"}],"curies":[{"name":"wp","href":"https:\/\/api.w.org\/{rel}","templated":true}]}}