{"id":165606,"date":"2026-05-08T10:38:03","date_gmt":"2026-05-08T08:38:03","guid":{"rendered":"https:\/\/secureus.se\/dc-dc-omvandlare-24v-till-12v-2a-ip67\/"},"modified":"2026-05-08T11:37:11","modified_gmt":"2026-05-08T09:37:11","slug":"dc-dc-omvandlare-24v-till-12v-2a-ip67","status":"publish","type":"product","link":"https:\/\/secureus.se\/nl\/dc-dc-omvandlare-24v-till-12v-2a-ip67\/","title":{"rendered":"DC-DC-omvormer 24V naar 12V 2A 24W IP67 | Spanningsomvormer"},"content":{"rendered":"<h2 data-section-id=\"mx2we0\" data-start=\"97\" data-end=\"185\"><span role=\"text\"><strong data-start=\"100\" data-end=\"185\">DC-DC Omvandlare 24V till 12V 2A (24W) IP67 \u2013 Sp\u00e4nningsomvandlare f\u00f6r tex CCTV &amp; Larm<\/strong><\/span><\/h2>\n<p data-start=\"187\" data-end=\"259\"><strong data-start=\"187\" data-end=\"259\">Kompakt och vattent\u00e4t DC-DC omvandlare 24V till 12V f\u00f6r stabil drift<\/strong><\/p>\n<p data-start=\"261\" data-end=\"535\"><strong data-start=\"267\" data-end=\"300\">Omvandlar 24V till 12V<\/strong> \u00e4r en p\u00e5litlig l\u00f6sning f\u00f6r att s\u00e4nka sp\u00e4nning i olika typer av installationer.<\/p>\n<p data-start=\"261\" data-end=\"535\">Den konverterar effektivt <strong data-start=\"406\" data-end=\"438\">18\u201336V DC till stabil 12V DC<\/strong>, vilket g\u00f6r den idealisk f\u00f6r exempelvis kamera\u00f6vervakning, larm, LED-belysning och passersystem.<\/p>\n<p data-start=\"537\" data-end=\"676\">Med en robust design och <strong data-start=\"562\" data-end=\"580\">IP67-klassning<\/strong> \u00e4r den helt skyddad mot damm och vatten, vilket g\u00f6r den perfekt f\u00f6r b\u00e5de inom- och utomhusbruk.<\/p>\n<hr data-start=\"678\" data-end=\"681\" \/>\n<h2 data-section-id=\"5rza6m\" data-start=\"683\" data-end=\"706\"><span role=\"text\"><strong data-start=\"686\" data-end=\"706\">Belangrijkste kenmerken<\/strong><\/span><\/h2>\n<ul data-start=\"707\" data-end=\"939\">\n<li data-section-id=\"1tpoem0\" data-start=\"707\" data-end=\"742\">DC-DC omvandlare <strong data-start=\"726\" data-end=\"742\">24V till 12V<\/strong><\/li>\n<li data-section-id=\"wmgvlp\" data-start=\"743\" data-end=\"781\">Tot <strong data-start=\"754\" data-end=\"781\">2A utstr\u00f6m \/ 24W effekt<\/strong><\/li>\n<li data-section-id=\"1mg9jf4\" data-start=\"782\" data-end=\"824\"><strong data-start=\"784\" data-end=\"800\">IP67-classificatie<\/strong> \u2013 vattent\u00e4t och dammt\u00e4t<\/li>\n<li data-section-id=\"e30jrw\" data-start=\"825\" data-end=\"874\">Stabil sp\u00e4nningss\u00e4nkning f\u00f6r k\u00e4nslig utrustning<\/li>\n<li data-section-id=\"wwunmm\" data-start=\"875\" data-end=\"902\">Inbyggda skyddsfunktioner<\/li>\n<li data-section-id=\"e0zoso\" data-start=\"903\" data-end=\"939\">Kompakt format f\u00f6r enkel montering<\/li>\n<\/ul>\n<hr data-start=\"941\" data-end=\"944\" \/>\n<h2 data-section-id=\"4wkmjn\" data-start=\"946\" data-end=\"977\"><span role=\"text\"><strong data-start=\"949\" data-end=\"977\">Technische specificaties<\/strong><\/span><\/h2>\n<ul data-start=\"978\" data-end=\"1221\">\n<li data-section-id=\"yqrvcu\" data-start=\"978\" data-end=\"1025\"><strong data-start=\"980\" data-end=\"988\">Type:<\/strong> DC-DC converter \/ step-down (buck)<\/li>\n<li data-section-id=\"10uqjg\" data-start=\"1026\" data-end=\"1055\"><strong data-start=\"1028\" data-end=\"1043\">Ingangsspanning:<\/strong> 18\u201336V DC<\/li>\n<li data-section-id=\"ho957d\" data-start=\"1056\" data-end=\"1105\"><strong data-start=\"1058\" data-end=\"1073\">Uitgangsspanning:<\/strong> 11.4\u201312.6V DC (12V nominellt)<\/li>\n<li data-section-id=\"q9ifke\" data-start=\"1106\" data-end=\"1125\"><strong data-start=\"1108\" data-end=\"1120\">Utstr\u00f6m:<\/strong> 2A<\/li>\n<li data-section-id=\"16ghbm0\" data-start=\"1126\" data-end=\"1149\"><strong data-start=\"1128\" data-end=\"1143\">Max effekt:<\/strong> 24W<\/li>\n<li data-section-id=\"1a256ze\" data-start=\"1150\" data-end=\"1178\"><strong data-start=\"1152\" data-end=\"1171\">Beschermingsklasse:<\/strong> IP67<\/li>\n<li data-section-id=\"14ulixi\" data-start=\"1179\" data-end=\"1221\"><strong data-start=\"1181\" data-end=\"1202\">Werktemperatuur:<\/strong> -20\u00b0C till +70\u00b0C<\/li>\n<\/ul>\n<p data-start=\"1223\" data-end=\"1233\"><strong data-start=\"1223\" data-end=\"1233\">Bescherming:<\/strong><\/p>\n<ul data-start=\"1234\" data-end=\"1300\">\n<li data-section-id=\"hdykf7\" data-start=\"1234\" data-end=\"1253\">\u00d6verstr\u00f6msskydd<\/li>\n<li data-section-id=\"1t6woy2\" data-start=\"1254\" data-end=\"1276\">\u00d6versp\u00e4nningsskydd<\/li>\n<li data-section-id=\"1tjz3w7\" data-start=\"1277\" data-end=\"1300\">Oververhittingsbeveiliging<\/li>\n<\/ul>\n<hr data-start=\"1302\" data-end=\"1305\" \/>\n<h2 data-section-id=\"hn49o5\" data-start=\"1307\" data-end=\"1332\"><span role=\"text\"><strong data-start=\"1310\" data-end=\"1332\">Gebruiksgebieden<\/strong><\/span><\/h2>\n<p data-start=\"1333\" data-end=\"1386\">Deze <strong data-start=\"1339\" data-end=\"1366\">24V till 12V omvandlare<\/strong> passar perfekt f\u00f6r:<\/p>\n<ul data-start=\"1387\" data-end=\"1521\">\n<li data-section-id=\"1tc4akp\" data-start=\"1387\" data-end=\"1428\">Kamera\u00f6vervakning (CCTV \/ IP-kameror)<\/li>\n<li data-section-id=\"1m89h6n\" data-start=\"1429\" data-end=\"1443\">Larmsystem<\/li>\n<li data-section-id=\"3yp6jv\" data-start=\"1444\" data-end=\"1460\">Pass-systeem<\/li>\n<li data-section-id=\"4weezr\" data-start=\"1461\" data-end=\"1478\">LED-belysning<\/li>\n<li data-section-id=\"rwgmc7\" data-start=\"1479\" data-end=\"1521\">Fordon och industriella installationer<\/li>\n<\/ul>\n<hr data-start=\"1523\" data-end=\"1526\" \/>\n<h2 data-section-id=\"ezyuop\" data-start=\"1528\" data-end=\"1547\"><span role=\"text\"><strong data-start=\"1531\" data-end=\"1547\">Installatie<\/strong><\/span><\/h2>\n<p data-start=\"1548\" data-end=\"1600\">Levereras med f\u00e4rdiga kablar f\u00f6r snabb installation:<\/p>\n<ul data-start=\"1601\" data-end=\"1680\">\n<li data-section-id=\"1t2uz4u\" data-start=\"1601\" data-end=\"1627\"><strong data-start=\"1603\" data-end=\"1611\">R\u00f6d:<\/strong> + (input 24V)<\/li>\n<li data-section-id=\"e916ac\" data-start=\"1628\" data-end=\"1652\"><strong data-start=\"1630\" data-end=\"1640\">Svart:<\/strong> \u2013 (input)<\/li>\n<li data-section-id=\"bhv3rg\" data-start=\"1653\" data-end=\"1680\"><strong data-start=\"1655\" data-end=\"1663\">Gul:<\/strong> + (output 12V)<\/li>\n<\/ul>","protected":false},"excerpt":{"rendered":"<p>DC-DC-omvormer 24V naar 12V (2A, 24W) met IP67-classificatie. Perfect voor CCTV, alarmsystemen, LED-verlichting en toegangscontrolesystemen, en nog veel meer.<\/p>\n<p>Stabiele en waterdichte spanningsomvormer.<\/p>","protected":false},"featured_media":165605,"template":"","meta":{"_acf_changed":false},"product_brand":[],"product_cat":[3198,4150],"product_tag":[],"class_list":{"0":"post-165606","1":"product","2":"type-product","3":"status-publish","4":"has-post-thumbnail","6":"product_cat-omvandlare-12-24v","7":"product_cat-omvandlare-dc-dc","8":"product_shipping_class-postnord-varubrev","9":"pa_brands-stonehouse-security","10":"tm-no-options","12":"first","13":"instock","14":"taxable","15":"shipping-taxable","16":"purchasable","17":"product-type-simple"},"acf":[],"_links":{"self":[{"href":"https:\/\/secureus.se\/nl\/wp-json\/wp\/v2\/product\/165606","targetHints":{"allow":["GET"]}}],"collection":[{"href":"https:\/\/secureus.se\/nl\/wp-json\/wp\/v2\/product"}],"about":[{"href":"https:\/\/secureus.se\/nl\/wp-json\/wp\/v2\/types\/product"}],"wp:featuredmedia":[{"embeddable":true,"href":"https:\/\/secureus.se\/nl\/wp-json\/wp\/v2\/media\/165605"}],"wp:attachment":[{"href":"https:\/\/secureus.se\/nl\/wp-json\/wp\/v2\/media?parent=165606"}],"wp:term":[{"taxonomy":"product_brand","embeddable":true,"href":"https:\/\/secureus.se\/nl\/wp-json\/wp\/v2\/product_brand?post=165606"},{"taxonomy":"product_cat","embeddable":true,"href":"https:\/\/secureus.se\/nl\/wp-json\/wp\/v2\/product_cat?post=165606"},{"taxonomy":"product_tag","embeddable":true,"href":"https:\/\/secureus.se\/nl\/wp-json\/wp\/v2\/product_tag?post=165606"}],"curies":[{"name":"wp","href":"https:\/\/api.w.org\/{rel}","templated":true}]}}