{"id":52500,"date":"2022-06-28T13:15:28","date_gmt":"2022-06-28T11:15:28","guid":{"rendered":"https:\/\/secureus.se\/produkt\/brandfilt-silikon-120x180cm\/"},"modified":"2026-04-08T16:51:18","modified_gmt":"2026-04-08T14:51:18","slug":"brandfilt-silikon-120x180cm","status":"publish","type":"product","link":"https:\/\/secureus.se\/nl\/brandfilt-silikon-120x180cm\/","title":{"rendered":"Blusdeken Siliconen 120X180Cm"},"content":{"rendered":"<h1>Blusdeken Siliconen 120X180Cm<\/h1>\n<p>Siliconen branddeken 120 x 180 cm.<\/p>\n<p>Een branddeken met siliconencoating dooft het vuur sneller en verkleint de kans op herontbranding aanzienlijk.<\/p>\n<p>De blusdeken is bestand tegen gasindringing en temperaturen tot 500 graden. Ook kleinere branden in bijvoorbeeld kleding of kookpannen worden snel geblust.<\/p>\n<p>Een branddeken wordt aanbevolen als aanvulling op een brandblusser van 6 kg.<\/p>\n<p>Leg de branddeken op een zichtbare plaats neer waar brandgevaar bestaat, bijvoorbeeld in de keuken, de garage of naast de open haard.<\/p>\n<p>Afmetingen kast (BxH): 200 x 330 mm.<\/p>\n<p>Minimale opruimwerkzaamheden na het blussen.<\/p>\n<p>Snellere blussing, minder kans op herontbranding.<\/p>\n<p>Voldoet aan de eisen van EN 1869:2019.<\/p>","protected":false},"excerpt":{"rendered":"<p>Brandfilt Silikon 120X180Cm Brandfilt silikon 120 x 180 cm. En silikonbelagd brandfilt kv\u00e4ver branden snabbare och minskar avsev\u00e4rt risken f\u00f6r \u00e5terant\u00e4ndning. Brandfilten st\u00e5r emot gasgenomtr\u00e4ngning och t\u00e5l temperaturer upp till<\/p>","protected":false},"featured_media":142540,"template":"","meta":{"_acf_changed":false},"product_brand":[],"product_cat":[1533],"product_tag":[],"class_list":{"0":"post-52500","1":"product","2":"type-product","3":"status-publish","4":"has-post-thumbnail","6":"product_cat-brandslackare","7":"product_shipping_class-tunga-paket","8":"tm-no-options","10":"first","11":"outofstock","12":"sale","13":"taxable","14":"shipping-taxable","15":"purchasable","16":"product-type-simple"},"acf":[],"_links":{"self":[{"href":"https:\/\/secureus.se\/nl\/wp-json\/wp\/v2\/product\/52500","targetHints":{"allow":["GET"]}}],"collection":[{"href":"https:\/\/secureus.se\/nl\/wp-json\/wp\/v2\/product"}],"about":[{"href":"https:\/\/secureus.se\/nl\/wp-json\/wp\/v2\/types\/product"}],"wp:featuredmedia":[{"embeddable":true,"href":"https:\/\/secureus.se\/nl\/wp-json\/wp\/v2\/media\/142540"}],"wp:attachment":[{"href":"https:\/\/secureus.se\/nl\/wp-json\/wp\/v2\/media?parent=52500"}],"wp:term":[{"taxonomy":"product_brand","embeddable":true,"href":"https:\/\/secureus.se\/nl\/wp-json\/wp\/v2\/product_brand?post=52500"},{"taxonomy":"product_cat","embeddable":true,"href":"https:\/\/secureus.se\/nl\/wp-json\/wp\/v2\/product_cat?post=52500"},{"taxonomy":"product_tag","embeddable":true,"href":"https:\/\/secureus.se\/nl\/wp-json\/wp\/v2\/product_tag?post=52500"}],"curies":[{"name":"wp","href":"https:\/\/api.w.org\/{rel}","templated":true}]}}