{"id":53440,"date":"2022-06-23T15:19:47","date_gmt":"2022-06-23T13:19:47","guid":{"rendered":"https:\/\/secureus.se\/produkt\/centralenhet-evaq-2-kn\/"},"modified":"2026-04-23T12:00:56","modified_gmt":"2026-04-23T10:00:56","slug":"centralenhet-evaq-2-kn","status":"publish","type":"product","link":"https:\/\/secureus.se\/nl\/centralenhet-evaq-2-kn\/","title":{"rendered":"Centrale eenheid Evaq 2 Kn"},"content":{"rendered":"<p>De centrale eenheid kan maximaal 50 alarmpunten beheren. Het apparaat bevat een display met 8 rood\/groene alfanumerieke tekens (tekenhoogte 12 mm) en 2 groene functieknoppen. Rode bevestigingsdiode en groene bedrijfsindicatie onder een 2 mm lichtgeleider in het deksel. Zoemer met regelbaar volume en ingang voor bedieningsfunctie (activering van \u201cOntvangst\u201d). Uitgangen voor zoemer, totaalalarm en foutalarm. Druk op het deksel: &quot;Ontvangst&quot;. De aansluiting vindt plaats op een schroefklem met draadbescherming, geplaatst op een inplugbaar klemmenbord.<\/p>","protected":false},"excerpt":{"rendered":"<p>Centralen kan hantera upp till 50 larmpunkter. Apparaten inneh\u00e5ller display med 8 r\u00f6da\/gr\u00f6na alfanumeriska tecken (teckenh\u00f6jd 12mm) och 2st gr\u00f6na funktions-knappar. R\u00f6d kvitteringsdiod och gr\u00f6n driftindikering under en 2mm ljusledare<\/p>","protected":false},"featured_media":143425,"template":"","meta":{"_acf_changed":false},"product_brand":[],"product_cat":[1609],"product_tag":[],"class_list":{"0":"post-53440","1":"product","2":"type-product","3":"status-publish","4":"has-post-thumbnail","6":"product_cat-nod-evakueringslarm","7":"product_shipping_class-tunga-paket","8":"tm-no-options","10":"first","11":"outofstock","12":"sale","13":"taxable","14":"shipping-taxable","15":"purchasable","16":"product-type-simple"},"acf":[],"_links":{"self":[{"href":"https:\/\/secureus.se\/nl\/wp-json\/wp\/v2\/product\/53440","targetHints":{"allow":["GET"]}}],"collection":[{"href":"https:\/\/secureus.se\/nl\/wp-json\/wp\/v2\/product"}],"about":[{"href":"https:\/\/secureus.se\/nl\/wp-json\/wp\/v2\/types\/product"}],"wp:featuredmedia":[{"embeddable":true,"href":"https:\/\/secureus.se\/nl\/wp-json\/wp\/v2\/media\/143425"}],"wp:attachment":[{"href":"https:\/\/secureus.se\/nl\/wp-json\/wp\/v2\/media?parent=53440"}],"wp:term":[{"taxonomy":"product_brand","embeddable":true,"href":"https:\/\/secureus.se\/nl\/wp-json\/wp\/v2\/product_brand?post=53440"},{"taxonomy":"product_cat","embeddable":true,"href":"https:\/\/secureus.se\/nl\/wp-json\/wp\/v2\/product_cat?post=53440"},{"taxonomy":"product_tag","embeddable":true,"href":"https:\/\/secureus.se\/nl\/wp-json\/wp\/v2\/product_tag?post=53440"}],"curies":[{"name":"wp","href":"https:\/\/api.w.org\/{rel}","templated":true}]}}