{"id":53524,"date":"2022-06-22T11:20:39","date_gmt":"2022-06-22T09:20:39","guid":{"rendered":"https:\/\/secureus.se\/produkt\/radiosandare-fkt2641e1\/"},"modified":"2026-03-26T12:21:19","modified_gmt":"2026-03-26T11:21:19","slug":"radiosandare-fkt2641e1","status":"publish","type":"product","link":"https:\/\/secureus.se\/nl\/radiosandare-fkt2641e1\/","title":{"rendered":"Radiozender Fkt2641E1"},"content":{"rendered":"<p>Wandradiozender met \u00e9\u00e9n kanaal en touchfunctie, geschikt voor buitenmontage (IP55) en heeft een groot bereik. Past op alle CDVI-radio-ontvangers die op dezelfde frequentie werken (433,92 MHz). Uitstekend geschikt voor het aansturen van automatische deuren, verlichting, alarmen, etc.<\/p>","protected":false},"excerpt":{"rendered":"<p>V\u00e4ggmonterad radios\u00e4ndare med en kanal och touch funktion, kan monteras utomhus (IP55) och har l\u00e5ng r\u00e4ckvidd. Passar till alla CDVI:s radiomottagare som arbetar p\u00e5 samma frekvens (433.92MHz). Utm\u00e4rkt f\u00f6r att<\/p>","protected":false},"featured_media":144340,"template":"","meta":{"_acf_changed":false},"product_brand":[],"product_cat":[1616],"product_tag":[2273],"class_list":{"0":"post-53524","1":"product","2":"type-product","3":"status-publish","4":"has-post-thumbnail","6":"product_cat-radiosandare-mottagare","7":"product_tag-radio-sandare-erone","8":"product_shipping_class-postnord-varubrev","9":"pa_brands-cdvi","10":"tm-no-options","12":"first","13":"outofstock","14":"sale","15":"taxable","16":"shipping-taxable","17":"purchasable","18":"product-type-simple"},"acf":[],"_links":{"self":[{"href":"https:\/\/secureus.se\/nl\/wp-json\/wp\/v2\/product\/53524","targetHints":{"allow":["GET"]}}],"collection":[{"href":"https:\/\/secureus.se\/nl\/wp-json\/wp\/v2\/product"}],"about":[{"href":"https:\/\/secureus.se\/nl\/wp-json\/wp\/v2\/types\/product"}],"wp:featuredmedia":[{"embeddable":true,"href":"https:\/\/secureus.se\/nl\/wp-json\/wp\/v2\/media\/144340"}],"wp:attachment":[{"href":"https:\/\/secureus.se\/nl\/wp-json\/wp\/v2\/media?parent=53524"}],"wp:term":[{"taxonomy":"product_brand","embeddable":true,"href":"https:\/\/secureus.se\/nl\/wp-json\/wp\/v2\/product_brand?post=53524"},{"taxonomy":"product_cat","embeddable":true,"href":"https:\/\/secureus.se\/nl\/wp-json\/wp\/v2\/product_cat?post=53524"},{"taxonomy":"product_tag","embeddable":true,"href":"https:\/\/secureus.se\/nl\/wp-json\/wp\/v2\/product_tag?post=53524"}],"curies":[{"name":"wp","href":"https:\/\/api.w.org\/{rel}","templated":true}]}}