{"id":53562,"date":"2022-06-21T18:15:33","date_gmt":"2022-06-21T16:15:33","guid":{"rendered":"https:\/\/secureus.se\/produkt\/fargo-45614-ymckok-half-panel-colour-ribbon-650-prints\/"},"modified":"2026-04-23T12:32:51","modified_gmt":"2026-04-23T10:32:51","slug":"ribbon-fargo-45614-ymckok-half-panel-colour-ribbon-650-prints","status":"publish","type":"product","link":"https:\/\/secureus.se\/nl\/ribbon-fargo-45614-ymckok-half-panel-colour-ribbon-650-prints\/","title":{"rendered":"Fargo YMCKOK-lint \u2013 45614 (650 afdrukken)"},"content":{"rendered":"<h1>Lintje<br \/>\n  Fargo YMCKOK &#8211; 45614 (650 utskrifter)<\/h1>\n<p>F\u00e4rgband Fargo YMCKOK &#8211; 45614 (650 utskrifter) \u00e4r ett f\u00e4rgband f\u00f6r<br \/>\n  Het bedrukken van plastic kaarten met heldere kleuren, duidelijke tekst en een goede kwaliteit.<br \/>\n  Gedetailleerde reproductie. Het YMCKOK-linttype biedt de juiste combinatie van kleurpanelen en<br \/>\n  Beschermende folie voor professioneel kaartdrukwerk.<\/p>\n<p>Geschikt voor identiteitskaarten, toegangskaarten, lidmaatschapskaarten en andere documenten.<br \/>\n  plastic kaarten met een hoge afdrukkwaliteit en betrouwbaarheid.<br \/>\n  belangrijk.<\/p>\n<ul>\n<li>Kapacitet: upp till 650 utskrifter<\/li>\n<li>Bandtype: YMCKOK<\/li>\n<li>Artikelnummer: 45614<\/li>\n<\/ul>\n<p><strong>Compatibel met Fargo<br \/>\n  DTC1500.<\/strong><\/p>\n<p><strong>Productgewicht:<\/strong> 0,35 kg<\/p>","protected":false},"excerpt":{"rendered":"<p>Kleurenlint \u2013 Lint \u2013 Opnieuw overbrengen naar kaartprinter en plastic kaartprinter<\/p>","protected":false},"featured_media":144015,"template":"","meta":{"_acf_changed":false},"product_brand":[],"product_cat":[3214,4843],"product_tag":[3201,4863,2921,3069],"class_list":{"0":"post-53562","1":"product","2":"type-product","3":"status-publish","4":"has-post-thumbnail","6":"product_cat-fargo-fargband-retransfer","7":"product_cat-dtc1500-band","8":"product_tag-fargo-tillbehor","9":"product_tag-pf","10":"product_tag-ribbon-ymck-farg","11":"product_tag-trade-produkt","12":"product_shipping_class-tunga-paket","13":"pa_brands-fargo","14":"pa_fargband-kortskrivare-fargo","15":"tm-has-options","17":"first","18":"outofstock","19":"sale","20":"taxable","21":"shipping-taxable","22":"purchasable","23":"product-type-simple"},"acf":[],"_links":{"self":[{"href":"https:\/\/secureus.se\/nl\/wp-json\/wp\/v2\/product\/53562","targetHints":{"allow":["GET"]}}],"collection":[{"href":"https:\/\/secureus.se\/nl\/wp-json\/wp\/v2\/product"}],"about":[{"href":"https:\/\/secureus.se\/nl\/wp-json\/wp\/v2\/types\/product"}],"wp:featuredmedia":[{"embeddable":true,"href":"https:\/\/secureus.se\/nl\/wp-json\/wp\/v2\/media\/144015"}],"wp:attachment":[{"href":"https:\/\/secureus.se\/nl\/wp-json\/wp\/v2\/media?parent=53562"}],"wp:term":[{"taxonomy":"product_brand","embeddable":true,"href":"https:\/\/secureus.se\/nl\/wp-json\/wp\/v2\/product_brand?post=53562"},{"taxonomy":"product_cat","embeddable":true,"href":"https:\/\/secureus.se\/nl\/wp-json\/wp\/v2\/product_cat?post=53562"},{"taxonomy":"product_tag","embeddable":true,"href":"https:\/\/secureus.se\/nl\/wp-json\/wp\/v2\/product_tag?post=53562"}],"curies":[{"name":"wp","href":"https:\/\/api.w.org\/{rel}","templated":true}]}}