{"id":53597,"date":"2022-06-21T18:12:21","date_gmt":"2022-06-21T16:12:21","guid":{"rendered":"https:\/\/secureus.se\/produkt\/evolis-r2012-blue-monochrome-ribbon-1000-prints\/"},"modified":"2026-04-08T17:06:21","modified_gmt":"2026-04-08T15:06:21","slug":"ribbon-evolis-r2012-blue-monochrome-ribbon-1000-prints","status":"publish","type":"product","link":"https:\/\/secureus.se\/nl\/ribbon-evolis-r2012-blue-monochrome-ribbon-1000-prints\/","title":{"rendered":"Evolis lint \u2013 R2012, blauw monochroom (1000 afdrukken)"},"content":{"rendered":"<h1>Lintje<br \/>\n  Evolis &#8211; R2012, bl\u00e5 monokrom (1000 utskrifter)<\/h1>\n<p>F\u00e4rgband Evolis &#8211; R2012, bl\u00e5 monokrom (1000 utskrifter) \u00e4r ett<br \/>\n  Origineel accessoire voor kaartprinters, ontworpen voor betrouwbare en<br \/>\n  Professionele kaartproductie.<\/p>\n<ul>\n<li>Capaciteit: tot 1.000 afdrukken<\/li>\n<li>Artikelnummer: BL<\/li>\n<\/ul>\n<p><strong>Productgewicht:<\/strong> 0,10 kg<\/p>","protected":false},"excerpt":{"rendered":"<p>Kleurenlint \u2013 Lint \u2013 Opnieuw overbrengen naar kaartprinter en plastic kaartprinter<\/p>","protected":false},"featured_media":144060,"template":"","meta":{"_acf_changed":false},"product_brand":[],"product_cat":[3213,4857,4860],"product_tag":[3181,4863,2922,3069],"class_list":{"0":"post-53597","1":"product","2":"type-product","3":"status-publish","4":"has-post-thumbnail","6":"product_cat-evolis-fargband-retransfer","7":"product_cat-pebble","8":"product_cat-quantum","9":"product_tag-evolis-tillbehor","10":"product_tag-pf","11":"product_tag-ribbon-svart-black","12":"product_tag-trade-produkt","13":"product_shipping_class-tunga-paket","14":"pa_brands-evolis","15":"pa_fargband-kortskrivare-evolis","16":"tm-has-options","18":"first","19":"instock","20":"sale","21":"taxable","22":"shipping-taxable","23":"purchasable","24":"product-type-simple"},"acf":[],"_links":{"self":[{"href":"https:\/\/secureus.se\/nl\/wp-json\/wp\/v2\/product\/53597","targetHints":{"allow":["GET"]}}],"collection":[{"href":"https:\/\/secureus.se\/nl\/wp-json\/wp\/v2\/product"}],"about":[{"href":"https:\/\/secureus.se\/nl\/wp-json\/wp\/v2\/types\/product"}],"wp:featuredmedia":[{"embeddable":true,"href":"https:\/\/secureus.se\/nl\/wp-json\/wp\/v2\/media\/144060"}],"wp:attachment":[{"href":"https:\/\/secureus.se\/nl\/wp-json\/wp\/v2\/media?parent=53597"}],"wp:term":[{"taxonomy":"product_brand","embeddable":true,"href":"https:\/\/secureus.se\/nl\/wp-json\/wp\/v2\/product_brand?post=53597"},{"taxonomy":"product_cat","embeddable":true,"href":"https:\/\/secureus.se\/nl\/wp-json\/wp\/v2\/product_cat?post=53597"},{"taxonomy":"product_tag","embeddable":true,"href":"https:\/\/secureus.se\/nl\/wp-json\/wp\/v2\/product_tag?post=53597"}],"curies":[{"name":"wp","href":"https:\/\/api.w.org\/{rel}","templated":true}]}}