{"id":53603,"date":"2022-06-21T18:11:47","date_gmt":"2022-06-21T16:11:47","guid":{"rendered":"https:\/\/secureus.se\/produkt\/magicard-prima-462-0-6mil-clear-patch-laminate-600-prints\/"},"modified":"2026-04-08T17:06:03","modified_gmt":"2026-04-08T15:06:03","slug":"ribbon-magicard-prima-462-0-6mil-clear-patch-laminate-600-prints","status":"publish","type":"product","link":"https:\/\/secureus.se\/nl\/ribbon-magicard-prima-462-0-6mil-clear-patch-laminate-600-prints\/","title":{"rendered":"Lamineringsfilm Magicard\n  Prima &#8211; 462, klar patch (600 utskrifter)"},"content":{"rendered":"<h1>Lamineringsfilm<br \/>\n  Magicard Prima &#8211; 462, klar patch (600 utskrifter)<\/h1>\n<p>Lamineringsfilm Magicard Prima &#8211; 462, klar patch (600 utskrifter)<br \/>\n  \u00e4r en lamineringsfilm som ger ett extra skyddslager till plastkort och hj\u00e4lper<br \/>\n  till att minska repor, blekning och vanligt slitage.<\/p>\n<p>Ett bra val n\u00e4r du vill \u00f6ka kortens livsl\u00e4ngd, f\u00f6rb\u00e4ttra<br \/>\n  slitstyrkan och f\u00e5 ett mer professionellt slutresultat.<\/p>\n<ul>\n<li>Kapacitet: upp till 4 utskrifter per rulle<\/li>\n<li>Transparent patchlaminat<\/li>\n<li>0,6 mil tjocklek<\/li>\n<li>Artikelnummer: &#8211;<\/li>\n<\/ul>\n<p><strong>Kompatibel med The Magicard Prima 462 clear patch<br \/>\n  laminate adds extra protection to your customer&#x27;s printed cards.<br \/>\n  This laminate increases card durability against scratching, fading och daily<br \/>\n  wear och tear. Compatible with the Magicard Prima 4 printer, once applied, it<br \/>\n  adds 0.6mil thickness to cards.<\/strong><\/p>\n<p><strong>Productgewicht:<\/strong> 0,29 kg<\/p>","protected":false},"excerpt":{"rendered":"<p>Kleurenlint \u2013 Lint \u2013 Opnieuw overbrengen naar kaartprinter en plastic kaartprinter<\/p>","protected":false},"featured_media":144069,"template":"","meta":{"_acf_changed":false},"product_brand":[],"product_cat":[3216,4838],"product_tag":[3182,4863,2924,3069],"class_list":{"0":"post-53603","1":"product","2":"type-product","3":"status-publish","4":"has-post-thumbnail","6":"product_cat-magicard-fargband-retransfer","7":"product_cat-magicard-prima-band","8":"product_tag-magicard-tillbehor","9":"product_tag-pf","10":"product_tag-ribbon-clearfilm-hologram-ovrigt","11":"product_tag-trade-produkt","12":"product_shipping_class-tunga-paket","13":"pa_brands-magicard","14":"pa_fargband-kortskrivare-magicard","15":"tm-has-options","17":"first","18":"instock","19":"sale","20":"taxable","21":"shipping-taxable","22":"purchasable","23":"product-type-simple"},"acf":[],"_links":{"self":[{"href":"https:\/\/secureus.se\/nl\/wp-json\/wp\/v2\/product\/53603","targetHints":{"allow":["GET"]}}],"collection":[{"href":"https:\/\/secureus.se\/nl\/wp-json\/wp\/v2\/product"}],"about":[{"href":"https:\/\/secureus.se\/nl\/wp-json\/wp\/v2\/types\/product"}],"wp:featuredmedia":[{"embeddable":true,"href":"https:\/\/secureus.se\/nl\/wp-json\/wp\/v2\/media\/144069"}],"wp:attachment":[{"href":"https:\/\/secureus.se\/nl\/wp-json\/wp\/v2\/media?parent=53603"}],"wp:term":[{"taxonomy":"product_brand","embeddable":true,"href":"https:\/\/secureus.se\/nl\/wp-json\/wp\/v2\/product_brand?post=53603"},{"taxonomy":"product_cat","embeddable":true,"href":"https:\/\/secureus.se\/nl\/wp-json\/wp\/v2\/product_cat?post=53603"},{"taxonomy":"product_tag","embeddable":true,"href":"https:\/\/secureus.se\/nl\/wp-json\/wp\/v2\/product_tag?post=53603"}],"curies":[{"name":"wp","href":"https:\/\/api.w.org\/{rel}","templated":true}]}}