{"id":53626,"date":"2022-06-21T18:09:34","date_gmt":"2022-06-21T16:09:34","guid":{"rendered":"https:\/\/secureus.se\/produkt\/magicard-ma1000k-scratch-off-ribbon-1000-prints\/"},"modified":"2026-04-08T16:51:53","modified_gmt":"2026-04-08T14:51:53","slug":"ribbon-magicard-ma1000k-scratch-off-ribbon-1000-prints","status":"publish","type":"product","link":"https:\/\/secureus.se\/nl\/ribbon-magicard-ma1000k-scratch-off-ribbon-1000-prints\/","title":{"rendered":"Magicard-lint \u2013 MA1000K \u2013 (1000 afdrukken)"},"content":{"rendered":"<h1>Lintje<br \/>\n  Magicard \u2013 MA1000K- (1000 afdrukken)<\/h1>\n<p>Magicard-lint \u2013 MA1000K \u2013 (1000 afdrukken) is een<br \/>\n  scratch-off-band som anv\u00e4nds f\u00f6r att d\u00f6lja koder, presentkortsinformation och<br \/>\n  annan konfidentiell information p\u00e5 plastkort. Ytan kan enkelt skrapas bort av<br \/>\n  slutanv\u00e4ndaren vid behov.<\/p>\n<p>Passar s\u00e4rskilt bra f\u00f6r presentkort, kuponger och kort d\u00e4r viss<br \/>\n  information ska vara dold tills den anv\u00e4nds. Bandet \u00e4r ISEGA-godk\u00e4nt f\u00f6r direkt<br \/>\n  kontakt med livsmedel.<\/p>\n<ul>\n<li>Capaciteit: tot 1.000 afdrukken<\/li>\n<li>ISEGA-goedgekeurd voor direct contact met voedsel.<\/li>\n<li>Artikelnummer: MA1000K-Scratch<\/li>\n<\/ul>\n<p><strong>Compatibel met Magicard Rio Pro, Rio Pro 360,<br \/>\n  Enduro, Pronto, Pronto100, Enduro3e, 300 en 600.<\/strong><\/p>\n<p><strong>Productgewicht:<\/strong> 0,10 kg<\/p>","protected":false},"excerpt":{"rendered":"<p>Kleurenlint \u2013 Lint \u2013 Opnieuw overbrengen naar kaartprinter en plastic kaartprinter<\/p>","protected":false},"featured_media":144504,"template":"","meta":{"_acf_changed":false},"product_brand":[],"product_cat":[3216,4829,4830,4836],"product_tag":[3182,4863,2924,3069],"class_list":{"0":"post-53626","1":"product","2":"type-product","3":"status-publish","4":"has-post-thumbnail","6":"product_cat-magicard-fargband-retransfer","7":"product_cat-magicard-300-band","8":"product_cat-magicard-600-band","9":"product_cat-magicard-pronto100-ribbons","10":"product_tag-magicard-tillbehor","11":"product_tag-pf","12":"product_tag-ribbon-clearfilm-hologram-ovrigt","13":"product_tag-trade-produkt","14":"product_shipping_class-tunga-paket","15":"pa_brands-magicard","16":"pa_fargband-kortskrivare-magicard","17":"tm-has-options","19":"first","20":"outofstock","21":"sale","22":"taxable","23":"shipping-taxable","24":"purchasable","25":"product-type-simple"},"acf":[],"_links":{"self":[{"href":"https:\/\/secureus.se\/nl\/wp-json\/wp\/v2\/product\/53626","targetHints":{"allow":["GET"]}}],"collection":[{"href":"https:\/\/secureus.se\/nl\/wp-json\/wp\/v2\/product"}],"about":[{"href":"https:\/\/secureus.se\/nl\/wp-json\/wp\/v2\/types\/product"}],"wp:featuredmedia":[{"embeddable":true,"href":"https:\/\/secureus.se\/nl\/wp-json\/wp\/v2\/media\/144504"}],"wp:attachment":[{"href":"https:\/\/secureus.se\/nl\/wp-json\/wp\/v2\/media?parent=53626"}],"wp:term":[{"taxonomy":"product_brand","embeddable":true,"href":"https:\/\/secureus.se\/nl\/wp-json\/wp\/v2\/product_brand?post=53626"},{"taxonomy":"product_cat","embeddable":true,"href":"https:\/\/secureus.se\/nl\/wp-json\/wp\/v2\/product_cat?post=53626"},{"taxonomy":"product_tag","embeddable":true,"href":"https:\/\/secureus.se\/nl\/wp-json\/wp\/v2\/product_tag?post=53626"}],"curies":[{"name":"wp","href":"https:\/\/api.w.org\/{rel}","templated":true}]}}