{"id":53691,"date":"2022-06-21T18:03:21","date_gmt":"2022-06-21T16:03:21","guid":{"rendered":"https:\/\/secureus.se\/produkt\/evolis-cbgr0100c-ymcko-colour-ribbon-100-prints\/"},"modified":"2026-04-08T17:02:17","modified_gmt":"2026-04-08T15:02:17","slug":"ribbon-evolis-cbgr0100c-ymcko-colour-ribbon-100-prints","status":"publish","type":"product","link":"https:\/\/secureus.se\/nl\/ribbon-evolis-cbgr0100c-ymcko-colour-ribbon-100-prints\/","title":{"rendered":"F\u00e4rgband Evolis YMCKO &#8211;\n  CBGR0100C (100 utskrifter)"},"content":{"rendered":"<h1>Lintje<br \/>\n  Evolis YMCKO &#8211; CBGR0100C (100 utskrifter)<\/h1>\n<p>F\u00e4rgband Evolis YMCKO &#8211; CBGR0100C (100 utskrifter) \u00e4r ett f\u00e4rgband<br \/>\n  voor het bedrukken van plastic kaarten met scherpe kleuren, duidelijke tekst en een goede kwaliteit.<br \/>\n  Gedetailleerde reproductie. Het YMCKO-linttype biedt de juiste combinatie van kleurpanelen en<br \/>\n  Beschermende folie voor professioneel kaartdrukwerk.<\/p>\n<p>Geschikt voor identiteitskaarten, toegangskaarten, lidmaatschapskaarten en andere documenten.<br \/>\n  plastic kaarten met een hoge afdrukkwaliteit en betrouwbaarheid.<br \/>\n  belangrijk.<\/p>\n<ul>\n<li>Capaciteit: tot 100 afdrukken<\/li>\n<li>Type lint: YMCKO<\/li>\n<li>Artikelnummer: CBGR0100C<\/li>\n<\/ul>\n<p><strong>Kompatibel med Evolis Badgy100 och<br \/>\n  Badgy200.<\/strong><\/p>\n<p><strong>Productgewicht:<\/strong> 0,20 kg<\/p>","protected":false},"excerpt":{"rendered":"<p>Kleurenlint \u2013 Lint \u2013 Opnieuw overbrengen naar kaartprinter en plastic kaartprinter<\/p>","protected":false},"featured_media":143831,"template":"","meta":{"_acf_changed":false},"product_brand":[],"product_cat":[3213],"product_tag":[3181,4863,2921,3069],"class_list":{"0":"post-53691","1":"product","2":"type-product","3":"status-publish","4":"has-post-thumbnail","6":"product_cat-evolis-fargband-retransfer","7":"product_tag-evolis-tillbehor","8":"product_tag-pf","9":"product_tag-ribbon-ymck-farg","10":"product_tag-trade-produkt","11":"product_shipping_class-tunga-paket","12":"pa_brands-evolis","13":"pa_fargband-kortskrivare-evolis","14":"tm-has-options","16":"first","17":"instock","18":"sale","19":"taxable","20":"shipping-taxable","21":"purchasable","22":"product-type-simple"},"acf":[],"_links":{"self":[{"href":"https:\/\/secureus.se\/nl\/wp-json\/wp\/v2\/product\/53691","targetHints":{"allow":["GET"]}}],"collection":[{"href":"https:\/\/secureus.se\/nl\/wp-json\/wp\/v2\/product"}],"about":[{"href":"https:\/\/secureus.se\/nl\/wp-json\/wp\/v2\/types\/product"}],"wp:featuredmedia":[{"embeddable":true,"href":"https:\/\/secureus.se\/nl\/wp-json\/wp\/v2\/media\/143831"}],"wp:attachment":[{"href":"https:\/\/secureus.se\/nl\/wp-json\/wp\/v2\/media?parent=53691"}],"wp:term":[{"taxonomy":"product_brand","embeddable":true,"href":"https:\/\/secureus.se\/nl\/wp-json\/wp\/v2\/product_brand?post=53691"},{"taxonomy":"product_cat","embeddable":true,"href":"https:\/\/secureus.se\/nl\/wp-json\/wp\/v2\/product_cat?post=53691"},{"taxonomy":"product_tag","embeddable":true,"href":"https:\/\/secureus.se\/nl\/wp-json\/wp\/v2\/product_tag?post=53691"}],"curies":[{"name":"wp","href":"https:\/\/api.w.org\/{rel}","templated":true}]}}