{"id":57269,"date":"2022-03-10T15:26:00","date_gmt":"2022-03-10T14:26:00","guid":{"rendered":"https:\/\/secureus.se\/produkt\/korthallare-standard-for-1-kort\/"},"modified":"2025-12-31T19:35:35","modified_gmt":"2025-12-31T18:35:35","slug":"korthallare-classic-bla-staende-for-1-kort","status":"publish","type":"product","link":"https:\/\/secureus.se\/nl\/korthallare-classic-bla-staende-for-1-kort\/","title":{"rendered":"Kaarthouder Klassiek Blauw Staand voor 1 kaart"},"content":{"rendered":"<div>\n<p>De kaarthouder is het perfecte hulpmiddel om ID-kaarten, toegangskaarten en bezoekersbadges altijd zichtbaar en gemakkelijk toegankelijk te hebben (geleverd zonder clips)<\/p>\n<p>In deze houder kunt u 1 kaart plaatsen.<\/p>\n<p>Afmeting 91x64mm<\/p>\n<\/div>","protected":false},"excerpt":{"rendered":"<p>Korth\u00e5llaren \u00e4r det perfekta verktyget f\u00f6r att alltid ha ID-kort, passerkort &amp; bes\u00f6ksbrickan synlig och l\u00e4tt tillg\u00e4nglig (levereras utan Clips) Du kan ha 1 kort i denna h\u00e5llare. Storlek 91x<\/p>","protected":false},"featured_media":145243,"template":"","meta":{"_acf_changed":false},"product_brand":[],"product_cat":[4888],"product_tag":[2869],"class_list":{"0":"post-57269","1":"product","2":"type-product","3":"status-publish","4":"has-post-thumbnail","6":"product_cat-enkelsidig-staende-korthallare","7":"product_tag-korthallare-staende","8":"product_shipping_class-postnord-varubrev","9":"pa_brands-stonehouse-security","10":"pa_farg-bla","11":"pa_rfid-tillbehor-nyckelringar","12":"tm-no-options","14":"first","15":"instock","16":"sale","17":"featured","18":"taxable","19":"shipping-taxable","20":"purchasable","21":"product-type-simple"},"acf":[],"_links":{"self":[{"href":"https:\/\/secureus.se\/nl\/wp-json\/wp\/v2\/product\/57269","targetHints":{"allow":["GET"]}}],"collection":[{"href":"https:\/\/secureus.se\/nl\/wp-json\/wp\/v2\/product"}],"about":[{"href":"https:\/\/secureus.se\/nl\/wp-json\/wp\/v2\/types\/product"}],"wp:featuredmedia":[{"embeddable":true,"href":"https:\/\/secureus.se\/nl\/wp-json\/wp\/v2\/media\/145243"}],"wp:attachment":[{"href":"https:\/\/secureus.se\/nl\/wp-json\/wp\/v2\/media?parent=57269"}],"wp:term":[{"taxonomy":"product_brand","embeddable":true,"href":"https:\/\/secureus.se\/nl\/wp-json\/wp\/v2\/product_brand?post=57269"},{"taxonomy":"product_cat","embeddable":true,"href":"https:\/\/secureus.se\/nl\/wp-json\/wp\/v2\/product_cat?post=57269"},{"taxonomy":"product_tag","embeddable":true,"href":"https:\/\/secureus.se\/nl\/wp-json\/wp\/v2\/product_tag?post=57269"}],"curies":[{"name":"wp","href":"https:\/\/api.w.org\/{rel}","templated":true}]}}