{"id":69255,"date":"2022-11-22T11:27:53","date_gmt":"2022-11-22T10:27:53","guid":{"rendered":"https:\/\/secureus.se\/produkt\/elko-rs-stromstallare-valfri-gravyr-branddorrstangning-valfritt\/"},"modified":"2025-11-26T15:40:00","modified_gmt":"2025-11-26T14:40:00","slug":"elko-rs-stromstallare-valfri-gravyr-branddorrstangning-valfritt","status":"publish","type":"product","link":"https:\/\/secureus.se\/nl\/elko-rs-stromstallare-valfri-gravyr-branddorrstangning-valfritt\/","title":{"rendered":"ELKO (RS) schakelaar \u2013 Optionele gravering \u201cBranddeur sluiten\u201d"},"content":{"rendered":"<p>Open- en sluitknop met veermechanisme en ontwerp naar keuze \u2013 Proeflezen is standaard inbegrepen bij nieuwe producten. Let op: gravering is in \u00e9\u00e9n kleur.<\/p>\n<p>De levertijd bedraagt 2-5 dagen en de prijzen zijn inclusief gravure en ontwerp.<\/p>\n<p>Wilt u de open knoppen op uw klantunieke laag plaatsen, laat het ons dan weten.<\/p>\n<p>ELKO Extern (RS) E: nr. 1841221<\/p>","protected":false},"excerpt":{"rendered":"<p>\u00d6ppnaknapp slutande funktion och \u00e5terfj\u00e4drande med ert val av design &#8211; Korrektur kommer allid p\u00e5 nya produkter. Obsevera att gravyr \u00e4r 1-f\u00e4rgad. Leveranstiden \u00e4r 2-5 dagar och priser inkluderar gravyr<\/p>","protected":false},"featured_media":141040,"template":"","meta":{"_acf_changed":false},"product_brand":[],"product_cat":[1830,4827],"product_tag":[2938,2989,2936,2422],"class_list":{"0":"post-69255","1":"product","2":"type-product","3":"status-publish","4":"has-post-thumbnail","6":"product_cat-brandknappar","7":"product_cat-elko","8":"product_tag-brandknappar","9":"product_tag-egen-logo-ej-taggar-kort","10":"product_tag-oppna-brand-design-produkt","11":"product_tag-rel-brand","12":"product_shipping_class-postnord-varubrev","13":"pa_brands-stonehouse-security","14":"tm-has-options","16":"first","17":"instock","18":"sale","19":"featured","20":"taxable","21":"shipping-taxable","22":"purchasable","23":"product-type-simple"},"acf":[],"_links":{"self":[{"href":"https:\/\/secureus.se\/nl\/wp-json\/wp\/v2\/product\/69255","targetHints":{"allow":["GET"]}}],"collection":[{"href":"https:\/\/secureus.se\/nl\/wp-json\/wp\/v2\/product"}],"about":[{"href":"https:\/\/secureus.se\/nl\/wp-json\/wp\/v2\/types\/product"}],"wp:featuredmedia":[{"embeddable":true,"href":"https:\/\/secureus.se\/nl\/wp-json\/wp\/v2\/media\/141040"}],"wp:attachment":[{"href":"https:\/\/secureus.se\/nl\/wp-json\/wp\/v2\/media?parent=69255"}],"wp:term":[{"taxonomy":"product_brand","embeddable":true,"href":"https:\/\/secureus.se\/nl\/wp-json\/wp\/v2\/product_brand?post=69255"},{"taxonomy":"product_cat","embeddable":true,"href":"https:\/\/secureus.se\/nl\/wp-json\/wp\/v2\/product_cat?post=69255"},{"taxonomy":"product_tag","embeddable":true,"href":"https:\/\/secureus.se\/nl\/wp-json\/wp\/v2\/product_tag?post=69255"}],"curies":[{"name":"wp","href":"https:\/\/api.w.org\/{rel}","templated":true}]}}