{"id":76515,"date":"2023-04-24T12:12:24","date_gmt":"2023-04-24T10:12:24","guid":{"rendered":"https:\/\/secureus.se\/produkt\/abloy-solenoidlas-el502-omvand-reverse\/"},"modified":"2026-03-13T12:53:08","modified_gmt":"2026-03-13T11:53:08","slug":"abloy-solenoidlas-el502-omvand-reverse","status":"publish","type":"product","link":"https:\/\/secureus.se\/nl\/abloy-solenoidlas-el502-omvand-reverse\/","title":{"rendered":"Abloy magneetslot EL502 Achteruit"},"content":{"rendered":"<p>Magneetslot EL502 is aangepast voor hoogfrequente deuren met modulaire uitsparingen. Het slot is zeer geschikt als dag- en interne vergrendeling in bedrijven, kantoren en industrie of in entrees en openbare ruimtes in meergezinswoningen. Aangepast voor montage samen met deurautomatisering. EL502 mag NIET worden gebruikt als brandbeheersingsfunctie in de grens van brandcellen en mag NIET worden blootgesteld aan stripdruk. Omgekeerde functie. De vergrendeling wordt opgeheven met elektrische bediening of met een cilinder\/knop. Wanneer de vergrendeling wordt opgeheven, kan de deur opengetrokken\/geschoven worden. De koffers met dubbele functie worden niet ingetrokken maar weggeklapt.<br \/>\nSpanning: 12 \u2013 24 VDC (-10% +15%)<br \/>\nStroomverbruik bij 24 VDC: rust 0 mA, bedrijf 110 mA, start 270 mA (start &lt;0,1 s)<br \/>\nTemperatuurbereik: -20 tot +60\u00b0C<br \/>\nUitsteeksel valregel: 14 mm<br \/>\nDoorndiepte: 50 mm<br \/>\nPaal: 22 mm<br \/>\nEindplaat: LP711<br \/>\nAansluitkabel: EA220<br \/>\nDeuropening: 3 \u2013 5 mm<\/p>\n<p>Artikelnummer leverancier: 1005020100<\/p>\n<p>Fabricage Abloy<\/p>","protected":false},"excerpt":{"rendered":"<p>Solenoidl\u00e5s EL502 \u00e4r anpassad f\u00f6r h\u00f6gfrekventa d\u00f6rrar med modulurtag. L\u00e5set passar bra som dagl\u00e5sning och intern l\u00e5sning inom handel, kontor och industri eller i entr\u00e9er och allm\u00e4nna utrymmen i flerfamiljshus.<\/p>","protected":false},"featured_media":140894,"template":"","meta":{"_acf_changed":false},"product_brand":[],"product_cat":[2429],"product_tag":[2930,2287,2417],"class_list":{"0":"post-76515","1":"product","2":"type-product","3":"status-publish","4":"has-post-thumbnail","6":"product_cat-ellas","7":"product_tag-abloy-el502","8":"product_tag-ellas-solenoidlas","9":"product_tag-rel-abloy-ellas","10":"product_shipping_class-tunga-paket","11":"pa_brands-abloy","12":"tm-no-options","14":"first","15":"instock","16":"sale","17":"featured","18":"taxable","19":"shipping-taxable","20":"purchasable","21":"product-type-simple"},"acf":[],"_links":{"self":[{"href":"https:\/\/secureus.se\/nl\/wp-json\/wp\/v2\/product\/76515","targetHints":{"allow":["GET"]}}],"collection":[{"href":"https:\/\/secureus.se\/nl\/wp-json\/wp\/v2\/product"}],"about":[{"href":"https:\/\/secureus.se\/nl\/wp-json\/wp\/v2\/types\/product"}],"wp:featuredmedia":[{"embeddable":true,"href":"https:\/\/secureus.se\/nl\/wp-json\/wp\/v2\/media\/140894"}],"wp:attachment":[{"href":"https:\/\/secureus.se\/nl\/wp-json\/wp\/v2\/media?parent=76515"}],"wp:term":[{"taxonomy":"product_brand","embeddable":true,"href":"https:\/\/secureus.se\/nl\/wp-json\/wp\/v2\/product_brand?post=76515"},{"taxonomy":"product_cat","embeddable":true,"href":"https:\/\/secureus.se\/nl\/wp-json\/wp\/v2\/product_cat?post=76515"},{"taxonomy":"product_tag","embeddable":true,"href":"https:\/\/secureus.se\/nl\/wp-json\/wp\/v2\/product_tag?post=76515"}],"curies":[{"name":"wp","href":"https:\/\/api.w.org\/{rel}","templated":true}]}}