{"id":79600,"date":"2022-03-10T15:40:00","date_gmt":"2022-03-10T14:40:00","guid":{"rendered":"https:\/\/secureus.se\/produkt\/abloy-el480-split-funktion-35-mm\/"},"modified":"2026-04-01T12:59:51","modified_gmt":"2026-04-01T10:59:51","slug":"abloy-el480-split-funktion-35-mm","status":"publish","type":"product","link":"https:\/\/secureus.se\/nl\/abloy-el480-split-funktion-35-mm\/","title":{"rendered":"Abloy EL480 splitfunctie 35 mm"},"content":{"rendered":"<div>\n<h3>Gebruiksgebied<\/h3>\n<p>Elektrisch drukslot EL480 is een multifunctioneel slot aangepast voor hoogfrequente deuren in smal profielontwerp.<\/p>\n<p>geschikt als dag- en binnenvergrendeling in handel, kantoren en industrie of in entrees en openbare ruimtes in meergezinswoningen. ABLOY EL480 kan worden gebruikt bij brandcelbegrenzing.<\/p>\n<h3>Kenmerken<\/h3>\n<p>\u2022 Vergrendeld drukverlies Het slot is altijd te bedienen met een cilinder\/knop<\/p>\n<p>\u2022 Multifunctioneel<\/p>\n<p>\u2013 12-24VDC, stabiel<\/p>\n<p>\u2013 eenvoudig schakelbare vooruit\/achteruit-functie<\/p>\n<p>\u2013 eenvoudig schakelbare elektrisch\/mechanisch bedienbare zijde<\/p>\n<p>2 microschakelaars<\/p>\n<p>\u2013 Vergrendeling (deurpositie)<\/p>\n<p>\u2013 Persbeweging 29 of 35 mm doorndiepte<\/p>\n<p>Alle kabels voorzien van connectoren voor eenvoudige installatie met verbindingskabel EA220 Volledig aangepast aan ASSA ABLOY stopcontactstatieven<\/p>\n<h3>Functie<\/h3>\n<p>EL480 met splitfunctie<\/p>\n<p>\u2013 Buitendruk elektrisch bediend<\/p>\n<p>- Door de druk aan de binnenkant wordt het slot altijd mechanisch geopend<\/p>\n<h3>Technische gegevens<\/h3>\n<p>\u2022 Stroomverbruik Max. 350mA<\/p>\n<p>\u2022 Rust 120 mA<\/p>\n<p>\u2022 Microschakelaar Enkelpolig schakelend Max. 30 V DC, 400 mA<\/p>\n<\/div>","protected":false},"excerpt":{"rendered":"<p>Anv\u00e4ndningsomr\u00e5de Eltryckesl\u00e5s EL480 \u00a0\u00e4r ett multifunktionellt l\u00e5s anpassat f\u00f6r h\u00f6gfrekventa d\u00f6rrar i smalprofilutf\u00f6rande. passar bra som dagl\u00e5sning och intern l\u00e5sning inom handel, kontor och industri eller i entr\u00e9er och allm\u00e4nna<\/p>","protected":false},"featured_media":145417,"template":"","meta":{"_acf_changed":false},"product_brand":[],"product_cat":[2429],"product_tag":[2931,2289,2417],"class_list":{"0":"post-79600","1":"product","2":"type-product","3":"status-publish","4":"has-post-thumbnail","6":"product_cat-ellas","7":"product_tag-abloy-el480","8":"product_tag-ellas-split-spindle","9":"product_tag-rel-abloy-ellas","10":"product_shipping_class-tunga-paket","11":"pa_brands-abloy","12":"tm-no-options","14":"first","15":"instock","16":"sale","17":"featured","18":"taxable","19":"shipping-taxable","20":"purchasable","21":"product-type-simple"},"acf":[],"_links":{"self":[{"href":"https:\/\/secureus.se\/nl\/wp-json\/wp\/v2\/product\/79600","targetHints":{"allow":["GET"]}}],"collection":[{"href":"https:\/\/secureus.se\/nl\/wp-json\/wp\/v2\/product"}],"about":[{"href":"https:\/\/secureus.se\/nl\/wp-json\/wp\/v2\/types\/product"}],"wp:featuredmedia":[{"embeddable":true,"href":"https:\/\/secureus.se\/nl\/wp-json\/wp\/v2\/media\/145417"}],"wp:attachment":[{"href":"https:\/\/secureus.se\/nl\/wp-json\/wp\/v2\/media?parent=79600"}],"wp:term":[{"taxonomy":"product_brand","embeddable":true,"href":"https:\/\/secureus.se\/nl\/wp-json\/wp\/v2\/product_brand?post=79600"},{"taxonomy":"product_cat","embeddable":true,"href":"https:\/\/secureus.se\/nl\/wp-json\/wp\/v2\/product_cat?post=79600"},{"taxonomy":"product_tag","embeddable":true,"href":"https:\/\/secureus.se\/nl\/wp-json\/wp\/v2\/product_tag?post=79600"}],"curies":[{"name":"wp","href":"https:\/\/api.w.org\/{rel}","templated":true}]}}