{"id":87222,"date":"2022-03-10T15:47:00","date_gmt":"2022-03-10T14:47:00","guid":{"rendered":"https:\/\/secureus.se\/produkt\/optex-pir-cdx-am-15x15-meter-antimask-sbsc-klass-3\/"},"modified":"2026-04-01T13:29:00","modified_gmt":"2026-04-01T11:29:00","slug":"optex-pir-cdx-am-15x15-meter-antimask","status":"publish","type":"product","link":"https:\/\/secureus.se\/nl\/optex-pir-cdx-am-15x15-meter-antimask\/","title":{"rendered":"Optex PIR CDX-AM 15\u00d715 Meter Antimask Pro Versie"},"content":{"rendered":"<h1>De Optex PIR CDX-AM is een van de meest geavanceerde PIR-microgolfdetectoren op de markt, speciaal ontwikkeld voor gebruik in hoogbeveiligde omgevingen die nauwkeurige en betrouwbare inbraakdetectie vereisen.<\/h1>\n<p>Met een detectiecapaciteit van 15\u00d715 meter is deze detector een uitstekende keuze voor commerci\u00eble en industri\u00eble toepassingen waarbij veiligheid van het grootste belang is.<\/p>\n<p>Een van de meest opvallende kenmerken van deze detector is de anti-mask-functie, die hem bestand maakt tegen pogingen om het detectieveld van de detector te maskeren of te manipuleren.<\/p>\n<p>De detector maakt gebruik van een actieve IR-antimasktechnologie waarmee hij blokkades of interferentie kan detecteren, waardoor de veiligheid wordt vergroot en het risico op vals alarm wordt verminderd.<\/p>\n<p>De detector beschikt ook over een innovatieve \u2018quad zone-logica\u2019 waarmee hij meerdere detectiezones tegelijkertijd kan analyseren om een nauwkeurige detectie te garanderen.<\/p>\n<p>Hierdoor kan het onderscheid maken tussen menselijke bewegingen en kleine dieren, waardoor het immuun wordt voor kleinere huisdieren en het risico op onnodige alarmen wordt verminderd.<\/p>\n<p>Om onder alle omstandigheden optimale prestaties te leveren, is de CDX-AM uitgerust met een dubbele afscherming die beschermt tegen interferentie door fel licht of radiogolven, waardoor een consistente en nauwkeurige detectie wordt gegarandeerd.<\/p>\n<p>Het heeft ook een hoge gevoeligheid en een verstelbare installatiehoogte tussen 1,8 en 2,4 meter om aan verschillende beveiligingsbehoeften en omgevingen te voldoen.<\/p>\n<p>Voor installatie en gebruik is de CDX-AM eenvoudig aan te sluiten met behulp van een standaard 9,5-18 VDC voeding.<\/p>\n<p>Met een stroomverbruik van slechts 20mA is dit een energiezuinige oplossing voor langdurig gebruik. De robuuste IP30-behuizing maakt hem geschikt voor binneninstallaties en beschermt hem tegen stof en vuil.<\/p>\n<p>De detector heeft ook een eenvoudig en flexibel installatieproces, waarbij gebruikers kunnen kiezen tussen brede detectiepatronen van 15x15 meter of smallere detectiepatronen van 24x2 meter, afhankelijk van de behoeften.<\/p>\n<p>Dankzij de compacte afmetingen en het lichte gewicht is hij eenvoudig op de gewenste locatie te plaatsen, terwijl de detectie en betrouwbaarheid hoog blijven.<\/p>\n<p><strong>Technische specificaties<\/strong>:<\/p>\n<ul>\n<li><strong>Detectiegebied (LxB)<\/strong>: 15\u00d715 meter<\/li>\n<li><strong>Montage hoogte<\/strong>: 1,8\u20132,4 meter<\/li>\n<li><strong>Stroomverbruik<\/strong>: 20mA<\/li>\n<li><strong>Spanning<\/strong>: 9,5\u201318 V gelijkstroom<\/li>\n<li><strong>Temperatuurbereik<\/strong>: -10\u00b0C tot +50\u00b0C<\/li>\n<li><strong>Maskerende bescherming<\/strong>: Ja (actieve IR-antimasking)<\/li>\n<li><strong>Alarmuitgang<\/strong>: NC 28V DC 0,2A max<\/li>\n<li><strong>Sabotage-uitgang<\/strong>: NC 28V DC 0,1A max<\/li>\n<li><strong>Beschermingsklasse<\/strong>: IP30<\/li>\n<li><strong>Meeteenheid<\/strong>: 140 x 70 x 52,3 mm<\/li>\n<li><strong>Gewicht<\/strong>: 180<\/li>\n<\/ul>","protected":false},"excerpt":{"rendered":"<p>De Optex PIR CDX-AM is een geavanceerde PIR-detector met anti-maskeringsfunctie, ontworpen voor betrouwbare detectie.<\/p>\n<p>Het biedt een detectiegebied van 15x15 meter, maskeringsbescherming en hoge weerstand tegen vals alarm.<\/p>","protected":false},"featured_media":145584,"template":"","meta":{"_acf_changed":false},"product_brand":[],"product_cat":[1325],"product_tag":[2145,3067,2466],"class_list":{"0":"post-87222","1":"product","2":"type-product","3":"status-publish","4":"has-post-thumbnail","6":"product_cat-larmgivare-skalskydd","7":"product_tag-rorelsedetektor-ir-detektorer","8":"product_tag-optex-cdx-outlet","9":"product_tag-sbsc-larmklass3","10":"product_shipping_class-postnord-varubrev","11":"pa_brands-optex","12":"tm-no-options","14":"first","15":"instock","16":"sale","17":"featured","18":"taxable","19":"shipping-taxable","20":"purchasable","21":"product-type-simple"},"acf":[],"_links":{"self":[{"href":"https:\/\/secureus.se\/nl\/wp-json\/wp\/v2\/product\/87222","targetHints":{"allow":["GET"]}}],"collection":[{"href":"https:\/\/secureus.se\/nl\/wp-json\/wp\/v2\/product"}],"about":[{"href":"https:\/\/secureus.se\/nl\/wp-json\/wp\/v2\/types\/product"}],"wp:featuredmedia":[{"embeddable":true,"href":"https:\/\/secureus.se\/nl\/wp-json\/wp\/v2\/media\/145584"}],"wp:attachment":[{"href":"https:\/\/secureus.se\/nl\/wp-json\/wp\/v2\/media?parent=87222"}],"wp:term":[{"taxonomy":"product_brand","embeddable":true,"href":"https:\/\/secureus.se\/nl\/wp-json\/wp\/v2\/product_brand?post=87222"},{"taxonomy":"product_cat","embeddable":true,"href":"https:\/\/secureus.se\/nl\/wp-json\/wp\/v2\/product_cat?post=87222"},{"taxonomy":"product_tag","embeddable":true,"href":"https:\/\/secureus.se\/nl\/wp-json\/wp\/v2\/product_tag?post=87222"}],"curies":[{"name":"wp","href":"https:\/\/api.w.org\/{rel}","templated":true}]}}